{"id":730,"date":"2023-08-17T23:03:53","date_gmt":"2023-08-17T21:03:53","guid":{"rendered":"http:\/\/voss2000.com\/?post_type=product&#038;p=730"},"modified":"2025-02-10T12:03:16","modified_gmt":"2025-02-10T15:03:16","slug":"mesa-jamaica","status":"publish","type":"product","link":"https:\/\/voss2000.com\/en\/product\/mesa-jamaica\/","title":{"rendered":"JAMAICA TABLE"},"content":{"rendered":"","protected":false},"excerpt":{"rendered":"<p>Square plastic table. Ideal for tight spaces and easy to assemble. Contains UV filter and light filter. Our products retain their mechanical properties.<\/p>","protected":false},"featured_media":735,"comment_status":"open","ping_status":"closed","template":"","meta":{"_joinchat":[]},"product_brand":[],"product_cat":[18],"product_tag":[],"class_list":{"0":"post-730","1":"product","2":"type-product","3":"status-publish","4":"has-post-thumbnail","6":"product_cat-muebles","7":"pa_color-blanco","8":"pa_color-negro","10":"first","11":"instock","12":"shipping-taxable","13":"purchasable","14":"product-type-variable"},"yoast_head":"<!-- This site is optimized with the Yoast SEO plugin v27.3 - https:\/\/yoast.com\/product\/yoast-seo-wordpress\/ -->\n<title>MESA JAMAICA - Voss2000<\/title>\n<meta name=\"description\" content=\"Mesa pl\u00e1stica cuadrada. F\u00e1cil de armar, con filtro UV y protecci\u00f3n contra la luz, garantizando durabilidad y conservaci\u00f3n de sus propiedades mec\u00e1nicas.\" \/>\n<meta name=\"robots\" content=\"index, follow, max-snippet:-1, max-image-preview:large, max-video-preview:-1\" \/>\n<link rel=\"canonical\" href=\"https:\/\/voss2000.com\/en\/product\/mesa-jamaica\/\" \/>\n<meta property=\"og:locale\" content=\"en_GB\" \/>\n<meta property=\"og:type\" content=\"article\" \/>\n<meta property=\"og:title\" content=\"MESA JAMAICA - Voss2000\" \/>\n<meta property=\"og:description\" content=\"Mesa pl\u00e1stica cuadrada. F\u00e1cil de armar, con filtro UV y protecci\u00f3n contra la luz, garantizando durabilidad y conservaci\u00f3n de sus propiedades mec\u00e1nicas.\" \/>\n<meta property=\"og:url\" content=\"https:\/\/voss2000.com\/en\/product\/mesa-jamaica\/\" \/>\n<meta property=\"og:site_name\" content=\"Voss2000\" \/>\n<meta property=\"article:modified_time\" content=\"2025-02-10T15:03:16+00:00\" \/>\n<meta property=\"og:image\" content=\"https:\/\/voss2000.com\/wp-content\/uploads\/2023\/08\/Jamaica_Negra.png\" \/>\n\t<meta property=\"og:image:width\" content=\"1080\" \/>\n\t<meta property=\"og:image:height\" content=\"1080\" \/>\n\t<meta property=\"og:image:type\" content=\"image\/png\" \/>\n<meta name=\"twitter:card\" content=\"summary_large_image\" \/>\n<meta name=\"twitter:label1\" content=\"Estimated reading time\" \/>\n\t<meta name=\"twitter:data1\" content=\"1 minute\" \/>\n<script type=\"application\/ld+json\" class=\"yoast-schema-graph\">{\"@context\":\"https:\\\/\\\/schema.org\",\"@graph\":[{\"@type\":\"WebPage\",\"@id\":\"https:\\\/\\\/voss2000.com\\\/producto\\\/mesa-jamaica\\\/\",\"url\":\"https:\\\/\\\/voss2000.com\\\/producto\\\/mesa-jamaica\\\/\",\"name\":\"MESA JAMAICA - Voss2000\",\"isPartOf\":{\"@id\":\"https:\\\/\\\/voss2000.com\\\/#website\"},\"primaryImageOfPage\":{\"@id\":\"https:\\\/\\\/voss2000.com\\\/producto\\\/mesa-jamaica\\\/#primaryimage\"},\"image\":{\"@id\":\"https:\\\/\\\/voss2000.com\\\/producto\\\/mesa-jamaica\\\/#primaryimage\"},\"thumbnailUrl\":\"https:\\\/\\\/voss2000.com\\\/wp-content\\\/uploads\\\/2023\\\/08\\\/Jamaica_Negra.png\",\"datePublished\":\"2023-08-17T21:03:53+00:00\",\"dateModified\":\"2025-02-10T15:03:16+00:00\",\"description\":\"Mesa pl\u00e1stica cuadrada. F\u00e1cil de armar, con filtro UV y protecci\u00f3n contra la luz, garantizando durabilidad y conservaci\u00f3n de sus propiedades mec\u00e1nicas.\",\"breadcrumb\":{\"@id\":\"https:\\\/\\\/voss2000.com\\\/producto\\\/mesa-jamaica\\\/#breadcrumb\"},\"inLanguage\":\"en-GB\",\"potentialAction\":[{\"@type\":\"ReadAction\",\"target\":[\"https:\\\/\\\/voss2000.com\\\/producto\\\/mesa-jamaica\\\/\"]}]},{\"@type\":\"ImageObject\",\"inLanguage\":\"en-GB\",\"@id\":\"https:\\\/\\\/voss2000.com\\\/producto\\\/mesa-jamaica\\\/#primaryimage\",\"url\":\"https:\\\/\\\/voss2000.com\\\/wp-content\\\/uploads\\\/2023\\\/08\\\/Jamaica_Negra.png\",\"contentUrl\":\"https:\\\/\\\/voss2000.com\\\/wp-content\\\/uploads\\\/2023\\\/08\\\/Jamaica_Negra.png\",\"width\":1080,\"height\":1080},{\"@type\":\"BreadcrumbList\",\"@id\":\"https:\\\/\\\/voss2000.com\\\/producto\\\/mesa-jamaica\\\/#breadcrumb\",\"itemListElement\":[{\"@type\":\"ListItem\",\"position\":1,\"name\":\"Portada\",\"item\":\"https:\\\/\\\/voss2000.com\\\/\"},{\"@type\":\"ListItem\",\"position\":2,\"name\":\"Shop\",\"item\":\"https:\\\/\\\/voss2000.com\\\/en\\\/shop\\\/\"},{\"@type\":\"ListItem\",\"position\":3,\"name\":\"MESA JAMAICA\"}]},{\"@type\":\"WebSite\",\"@id\":\"https:\\\/\\\/voss2000.com\\\/#website\",\"url\":\"https:\\\/\\\/voss2000.com\\\/\",\"name\":\"Voss2000\",\"description\":\"\",\"publisher\":{\"@id\":\"https:\\\/\\\/voss2000.com\\\/#organization\"},\"potentialAction\":[{\"@type\":\"SearchAction\",\"target\":{\"@type\":\"EntryPoint\",\"urlTemplate\":\"https:\\\/\\\/voss2000.com\\\/?s={search_term_string}\"},\"query-input\":{\"@type\":\"PropertyValueSpecification\",\"valueRequired\":true,\"valueName\":\"search_term_string\"}}],\"inLanguage\":\"en-GB\"},{\"@type\":\"Organization\",\"@id\":\"https:\\\/\\\/voss2000.com\\\/#organization\",\"name\":\"Voss2000\",\"url\":\"https:\\\/\\\/voss2000.com\\\/\",\"logo\":{\"@type\":\"ImageObject\",\"inLanguage\":\"en-GB\",\"@id\":\"https:\\\/\\\/voss2000.com\\\/#\\\/schema\\\/logo\\\/image\\\/\",\"url\":\"https:\\\/\\\/voss2000.com\\\/wp-content\\\/uploads\\\/2023\\\/08\\\/Logo.png\",\"contentUrl\":\"https:\\\/\\\/voss2000.com\\\/wp-content\\\/uploads\\\/2023\\\/08\\\/Logo.png\",\"width\":425,\"height\":292,\"caption\":\"Voss2000\"},\"image\":{\"@id\":\"https:\\\/\\\/voss2000.com\\\/#\\\/schema\\\/logo\\\/image\\\/\"}}]}<\/script>\n<!-- \/ Yoast SEO plugin. -->","yoast_head_json":{"title":"MESA JAMAICA - Voss2000","description":"Mesa pl\u00e1stica cuadrada. F\u00e1cil de armar, con filtro UV y protecci\u00f3n contra la luz, garantizando durabilidad y conservaci\u00f3n de sus propiedades mec\u00e1nicas.","robots":{"index":"index","follow":"follow","max-snippet":"max-snippet:-1","max-image-preview":"max-image-preview:large","max-video-preview":"max-video-preview:-1"},"canonical":"https:\/\/voss2000.com\/en\/product\/mesa-jamaica\/","og_locale":"en_GB","og_type":"article","og_title":"MESA JAMAICA - Voss2000","og_description":"Mesa pl\u00e1stica cuadrada. F\u00e1cil de armar, con filtro UV y protecci\u00f3n contra la luz, garantizando durabilidad y conservaci\u00f3n de sus propiedades mec\u00e1nicas.","og_url":"https:\/\/voss2000.com\/en\/product\/mesa-jamaica\/","og_site_name":"Voss2000","article_modified_time":"2025-02-10T15:03:16+00:00","og_image":[{"width":1080,"height":1080,"url":"https:\/\/voss2000.com\/wp-content\/uploads\/2023\/08\/Jamaica_Negra.png","type":"image\/png"}],"twitter_card":"summary_large_image","twitter_misc":{"Estimated reading time":"1 minute"},"schema":{"@context":"https:\/\/schema.org","@graph":[{"@type":"WebPage","@id":"https:\/\/voss2000.com\/producto\/mesa-jamaica\/","url":"https:\/\/voss2000.com\/producto\/mesa-jamaica\/","name":"MESA JAMAICA - Voss2000","isPartOf":{"@id":"https:\/\/voss2000.com\/#website"},"primaryImageOfPage":{"@id":"https:\/\/voss2000.com\/producto\/mesa-jamaica\/#primaryimage"},"image":{"@id":"https:\/\/voss2000.com\/producto\/mesa-jamaica\/#primaryimage"},"thumbnailUrl":"https:\/\/voss2000.com\/wp-content\/uploads\/2023\/08\/Jamaica_Negra.png","datePublished":"2023-08-17T21:03:53+00:00","dateModified":"2025-02-10T15:03:16+00:00","description":"Mesa pl\u00e1stica cuadrada. F\u00e1cil de armar, con filtro UV y protecci\u00f3n contra la luz, garantizando durabilidad y conservaci\u00f3n de sus propiedades mec\u00e1nicas.","breadcrumb":{"@id":"https:\/\/voss2000.com\/producto\/mesa-jamaica\/#breadcrumb"},"inLanguage":"en-GB","potentialAction":[{"@type":"ReadAction","target":["https:\/\/voss2000.com\/producto\/mesa-jamaica\/"]}]},{"@type":"ImageObject","inLanguage":"en-GB","@id":"https:\/\/voss2000.com\/producto\/mesa-jamaica\/#primaryimage","url":"https:\/\/voss2000.com\/wp-content\/uploads\/2023\/08\/Jamaica_Negra.png","contentUrl":"https:\/\/voss2000.com\/wp-content\/uploads\/2023\/08\/Jamaica_Negra.png","width":1080,"height":1080},{"@type":"BreadcrumbList","@id":"https:\/\/voss2000.com\/producto\/mesa-jamaica\/#breadcrumb","itemListElement":[{"@type":"ListItem","position":1,"name":"Portada","item":"https:\/\/voss2000.com\/"},{"@type":"ListItem","position":2,"name":"Shop","item":"https:\/\/voss2000.com\/en\/shop\/"},{"@type":"ListItem","position":3,"name":"MESA JAMAICA"}]},{"@type":"WebSite","@id":"https:\/\/voss2000.com\/#website","url":"https:\/\/voss2000.com\/","name":"Voss2000","description":"","publisher":{"@id":"https:\/\/voss2000.com\/#organization"},"potentialAction":[{"@type":"SearchAction","target":{"@type":"EntryPoint","urlTemplate":"https:\/\/voss2000.com\/?s={search_term_string}"},"query-input":{"@type":"PropertyValueSpecification","valueRequired":true,"valueName":"search_term_string"}}],"inLanguage":"en-GB"},{"@type":"Organization","@id":"https:\/\/voss2000.com\/#organization","name":"Voss2000","url":"https:\/\/voss2000.com\/","logo":{"@type":"ImageObject","inLanguage":"en-GB","@id":"https:\/\/voss2000.com\/#\/schema\/logo\/image\/","url":"https:\/\/voss2000.com\/wp-content\/uploads\/2023\/08\/Logo.png","contentUrl":"https:\/\/voss2000.com\/wp-content\/uploads\/2023\/08\/Logo.png","width":425,"height":292,"caption":"Voss2000"},"image":{"@id":"https:\/\/voss2000.com\/#\/schema\/logo\/image\/"}}]}},"_links":{"self":[{"href":"https:\/\/voss2000.com\/en\/wp-json\/wp\/v2\/product\/730","targetHints":{"allow":["GET"]}}],"collection":[{"href":"https:\/\/voss2000.com\/en\/wp-json\/wp\/v2\/product"}],"about":[{"href":"https:\/\/voss2000.com\/en\/wp-json\/wp\/v2\/types\/product"}],"replies":[{"embeddable":true,"href":"https:\/\/voss2000.com\/en\/wp-json\/wp\/v2\/comments?post=730"}],"wp:featuredmedia":[{"embeddable":true,"href":"https:\/\/voss2000.com\/en\/wp-json\/wp\/v2\/media\/735"}],"wp:attachment":[{"href":"https:\/\/voss2000.com\/en\/wp-json\/wp\/v2\/media?parent=730"}],"wp:term":[{"taxonomy":"product_brand","embeddable":true,"href":"https:\/\/voss2000.com\/en\/wp-json\/wp\/v2\/product_brand?post=730"},{"taxonomy":"product_cat","embeddable":true,"href":"https:\/\/voss2000.com\/en\/wp-json\/wp\/v2\/product_cat?post=730"},{"taxonomy":"product_tag","embeddable":true,"href":"https:\/\/voss2000.com\/en\/wp-json\/wp\/v2\/product_tag?post=730"}],"curies":[{"name":"wp","href":"https:\/\/api.w.org\/{rel}","templated":true}]}}