{"id":711,"date":"2023-08-17T22:55:33","date_gmt":"2023-08-17T20:55:33","guid":{"rendered":"http:\/\/voss2000.com\/?post_type=product&#038;p=711"},"modified":"2026-02-17T19:09:36","modified_gmt":"2026-02-17T22:09:36","slug":"mesa-nantes","status":"publish","type":"product","link":"https:\/\/voss2000.com\/en\/product\/mesa-nantes\/","title":{"rendered":"NANTES TABLE"},"content":{"rendered":"<p>Ideal design table for outdoors to be complemented\u00a0with chairs and lounge chairs. It can also be used\u00a0for indoors.\u00a0More quality, resistance and design in your spaces<\/p>","protected":false},"excerpt":{"rendered":"<p>El complemento ideal para tu espacio. Mesa auxiliar para jard\u00edn o terraza. Resistente a factores clim\u00e1ticos. Con un dise\u00f1o moderno y funcional.<\/p>\n<p>&nbsp;<\/p>\n<p>&nbsp;<\/p>","protected":false},"featured_media":717,"comment_status":"open","ping_status":"closed","template":"","meta":{"_joinchat":[]},"product_brand":[],"product_cat":[18],"product_tag":[],"class_list":{"0":"post-711","1":"product","2":"type-product","3":"status-publish","4":"has-post-thumbnail","6":"product_cat-muebles","7":"pa_color-blanco","8":"pa_color-capuchino","9":"pa_color-dakar","10":"pa_color-grafito","12":"first","13":"instock","14":"shipping-taxable","15":"purchasable","16":"product-type-variable"},"yoast_head":"<!-- This site is optimized with the Yoast SEO plugin v27.4 - https:\/\/yoast.com\/product\/yoast-seo-wordpress\/ -->\n<title>MESA NANTES - Voss2000<\/title>\n<meta name=\"description\" content=\"El complemento perfecto para tu espacio exterior. Mesa auxiliar para jard\u00edn o terraza, resistente a factores clim\u00e1ticos y con un dise\u00f1o moderno y funcional.\" \/>\n<meta name=\"robots\" content=\"index, follow, max-snippet:-1, max-image-preview:large, max-video-preview:-1\" \/>\n<link rel=\"canonical\" href=\"https:\/\/voss2000.com\/en\/product\/mesa-nantes\/\" \/>\n<meta property=\"og:locale\" content=\"en_GB\" \/>\n<meta property=\"og:type\" content=\"article\" \/>\n<meta property=\"og:title\" content=\"MESA NANTES - Voss2000\" \/>\n<meta property=\"og:description\" content=\"El complemento perfecto para tu espacio exterior. Mesa auxiliar para jard\u00edn o terraza, resistente a factores clim\u00e1ticos y con un dise\u00f1o moderno y funcional.\" \/>\n<meta property=\"og:url\" content=\"https:\/\/voss2000.com\/en\/product\/mesa-nantes\/\" \/>\n<meta property=\"og:site_name\" content=\"Voss2000\" \/>\n<meta property=\"article:modified_time\" content=\"2026-02-17T22:09:36+00:00\" \/>\n<meta property=\"og:image\" content=\"https:\/\/voss2000.com\/wp-content\/uploads\/2023\/08\/Nantes_Cpuchino.png\" \/>\n\t<meta property=\"og:image:width\" content=\"1080\" \/>\n\t<meta property=\"og:image:height\" content=\"1080\" \/>\n\t<meta property=\"og:image:type\" content=\"image\/png\" \/>\n<meta name=\"twitter:card\" content=\"summary_large_image\" \/>\n<meta name=\"twitter:label1\" content=\"Estimated reading time\" \/>\n\t<meta name=\"twitter:data1\" content=\"1 minute\" \/>\n<script type=\"application\/ld+json\" class=\"yoast-schema-graph\">{\"@context\":\"https:\\\/\\\/schema.org\",\"@graph\":[{\"@type\":\"WebPage\",\"@id\":\"https:\\\/\\\/voss2000.com\\\/producto\\\/mesa-nantes\\\/\",\"url\":\"https:\\\/\\\/voss2000.com\\\/producto\\\/mesa-nantes\\\/\",\"name\":\"MESA NANTES - Voss2000\",\"isPartOf\":{\"@id\":\"https:\\\/\\\/voss2000.com\\\/#website\"},\"primaryImageOfPage\":{\"@id\":\"https:\\\/\\\/voss2000.com\\\/producto\\\/mesa-nantes\\\/#primaryimage\"},\"image\":{\"@id\":\"https:\\\/\\\/voss2000.com\\\/producto\\\/mesa-nantes\\\/#primaryimage\"},\"thumbnailUrl\":\"https:\\\/\\\/voss2000.com\\\/wp-content\\\/uploads\\\/2023\\\/08\\\/Nantes_Cpuchino.png\",\"datePublished\":\"2023-08-17T20:55:33+00:00\",\"dateModified\":\"2026-02-17T22:09:36+00:00\",\"description\":\"El complemento perfecto para tu espacio exterior. Mesa auxiliar para jard\u00edn o terraza, resistente a factores clim\u00e1ticos y con un dise\u00f1o moderno y funcional.\",\"breadcrumb\":{\"@id\":\"https:\\\/\\\/voss2000.com\\\/producto\\\/mesa-nantes\\\/#breadcrumb\"},\"inLanguage\":\"en-GB\",\"potentialAction\":[{\"@type\":\"ReadAction\",\"target\":[\"https:\\\/\\\/voss2000.com\\\/producto\\\/mesa-nantes\\\/\"]}]},{\"@type\":\"ImageObject\",\"inLanguage\":\"en-GB\",\"@id\":\"https:\\\/\\\/voss2000.com\\\/producto\\\/mesa-nantes\\\/#primaryimage\",\"url\":\"https:\\\/\\\/voss2000.com\\\/wp-content\\\/uploads\\\/2023\\\/08\\\/Nantes_Cpuchino.png\",\"contentUrl\":\"https:\\\/\\\/voss2000.com\\\/wp-content\\\/uploads\\\/2023\\\/08\\\/Nantes_Cpuchino.png\",\"width\":1080,\"height\":1080},{\"@type\":\"BreadcrumbList\",\"@id\":\"https:\\\/\\\/voss2000.com\\\/producto\\\/mesa-nantes\\\/#breadcrumb\",\"itemListElement\":[{\"@type\":\"ListItem\",\"position\":1,\"name\":\"Portada\",\"item\":\"https:\\\/\\\/voss2000.com\\\/\"},{\"@type\":\"ListItem\",\"position\":2,\"name\":\"Shop\",\"item\":\"https:\\\/\\\/voss2000.com\\\/en\\\/shop\\\/\"},{\"@type\":\"ListItem\",\"position\":3,\"name\":\"MESA NANTES\"}]},{\"@type\":\"WebSite\",\"@id\":\"https:\\\/\\\/voss2000.com\\\/#website\",\"url\":\"https:\\\/\\\/voss2000.com\\\/\",\"name\":\"Voss2000\",\"description\":\"\",\"publisher\":{\"@id\":\"https:\\\/\\\/voss2000.com\\\/#organization\"},\"potentialAction\":[{\"@type\":\"SearchAction\",\"target\":{\"@type\":\"EntryPoint\",\"urlTemplate\":\"https:\\\/\\\/voss2000.com\\\/?s={search_term_string}\"},\"query-input\":{\"@type\":\"PropertyValueSpecification\",\"valueRequired\":true,\"valueName\":\"search_term_string\"}}],\"inLanguage\":\"en-GB\"},{\"@type\":\"Organization\",\"@id\":\"https:\\\/\\\/voss2000.com\\\/#organization\",\"name\":\"Voss2000\",\"url\":\"https:\\\/\\\/voss2000.com\\\/\",\"logo\":{\"@type\":\"ImageObject\",\"inLanguage\":\"en-GB\",\"@id\":\"https:\\\/\\\/voss2000.com\\\/#\\\/schema\\\/logo\\\/image\\\/\",\"url\":\"https:\\\/\\\/voss2000.com\\\/wp-content\\\/uploads\\\/2023\\\/08\\\/Logo.png\",\"contentUrl\":\"https:\\\/\\\/voss2000.com\\\/wp-content\\\/uploads\\\/2023\\\/08\\\/Logo.png\",\"width\":425,\"height\":292,\"caption\":\"Voss2000\"},\"image\":{\"@id\":\"https:\\\/\\\/voss2000.com\\\/#\\\/schema\\\/logo\\\/image\\\/\"}}]}<\/script>\n<!-- \/ Yoast SEO plugin. -->","yoast_head_json":{"title":"MESA NANTES - Voss2000","description":"El complemento perfecto para tu espacio exterior. Mesa auxiliar para jard\u00edn o terraza, resistente a factores clim\u00e1ticos y con un dise\u00f1o moderno y funcional.","robots":{"index":"index","follow":"follow","max-snippet":"max-snippet:-1","max-image-preview":"max-image-preview:large","max-video-preview":"max-video-preview:-1"},"canonical":"https:\/\/voss2000.com\/en\/product\/mesa-nantes\/","og_locale":"en_GB","og_type":"article","og_title":"MESA NANTES - Voss2000","og_description":"El complemento perfecto para tu espacio exterior. Mesa auxiliar para jard\u00edn o terraza, resistente a factores clim\u00e1ticos y con un dise\u00f1o moderno y funcional.","og_url":"https:\/\/voss2000.com\/en\/product\/mesa-nantes\/","og_site_name":"Voss2000","article_modified_time":"2026-02-17T22:09:36+00:00","og_image":[{"width":1080,"height":1080,"url":"https:\/\/voss2000.com\/wp-content\/uploads\/2023\/08\/Nantes_Cpuchino.png","type":"image\/png"}],"twitter_card":"summary_large_image","twitter_misc":{"Estimated reading time":"1 minute"},"schema":{"@context":"https:\/\/schema.org","@graph":[{"@type":"WebPage","@id":"https:\/\/voss2000.com\/producto\/mesa-nantes\/","url":"https:\/\/voss2000.com\/producto\/mesa-nantes\/","name":"MESA NANTES - Voss2000","isPartOf":{"@id":"https:\/\/voss2000.com\/#website"},"primaryImageOfPage":{"@id":"https:\/\/voss2000.com\/producto\/mesa-nantes\/#primaryimage"},"image":{"@id":"https:\/\/voss2000.com\/producto\/mesa-nantes\/#primaryimage"},"thumbnailUrl":"https:\/\/voss2000.com\/wp-content\/uploads\/2023\/08\/Nantes_Cpuchino.png","datePublished":"2023-08-17T20:55:33+00:00","dateModified":"2026-02-17T22:09:36+00:00","description":"El complemento perfecto para tu espacio exterior. Mesa auxiliar para jard\u00edn o terraza, resistente a factores clim\u00e1ticos y con un dise\u00f1o moderno y funcional.","breadcrumb":{"@id":"https:\/\/voss2000.com\/producto\/mesa-nantes\/#breadcrumb"},"inLanguage":"en-GB","potentialAction":[{"@type":"ReadAction","target":["https:\/\/voss2000.com\/producto\/mesa-nantes\/"]}]},{"@type":"ImageObject","inLanguage":"en-GB","@id":"https:\/\/voss2000.com\/producto\/mesa-nantes\/#primaryimage","url":"https:\/\/voss2000.com\/wp-content\/uploads\/2023\/08\/Nantes_Cpuchino.png","contentUrl":"https:\/\/voss2000.com\/wp-content\/uploads\/2023\/08\/Nantes_Cpuchino.png","width":1080,"height":1080},{"@type":"BreadcrumbList","@id":"https:\/\/voss2000.com\/producto\/mesa-nantes\/#breadcrumb","itemListElement":[{"@type":"ListItem","position":1,"name":"Portada","item":"https:\/\/voss2000.com\/"},{"@type":"ListItem","position":2,"name":"Shop","item":"https:\/\/voss2000.com\/en\/shop\/"},{"@type":"ListItem","position":3,"name":"MESA NANTES"}]},{"@type":"WebSite","@id":"https:\/\/voss2000.com\/#website","url":"https:\/\/voss2000.com\/","name":"Voss2000","description":"","publisher":{"@id":"https:\/\/voss2000.com\/#organization"},"potentialAction":[{"@type":"SearchAction","target":{"@type":"EntryPoint","urlTemplate":"https:\/\/voss2000.com\/?s={search_term_string}"},"query-input":{"@type":"PropertyValueSpecification","valueRequired":true,"valueName":"search_term_string"}}],"inLanguage":"en-GB"},{"@type":"Organization","@id":"https:\/\/voss2000.com\/#organization","name":"Voss2000","url":"https:\/\/voss2000.com\/","logo":{"@type":"ImageObject","inLanguage":"en-GB","@id":"https:\/\/voss2000.com\/#\/schema\/logo\/image\/","url":"https:\/\/voss2000.com\/wp-content\/uploads\/2023\/08\/Logo.png","contentUrl":"https:\/\/voss2000.com\/wp-content\/uploads\/2023\/08\/Logo.png","width":425,"height":292,"caption":"Voss2000"},"image":{"@id":"https:\/\/voss2000.com\/#\/schema\/logo\/image\/"}}]}},"_links":{"self":[{"href":"https:\/\/voss2000.com\/en\/wp-json\/wp\/v2\/product\/711","targetHints":{"allow":["GET"]}}],"collection":[{"href":"https:\/\/voss2000.com\/en\/wp-json\/wp\/v2\/product"}],"about":[{"href":"https:\/\/voss2000.com\/en\/wp-json\/wp\/v2\/types\/product"}],"replies":[{"embeddable":true,"href":"https:\/\/voss2000.com\/en\/wp-json\/wp\/v2\/comments?post=711"}],"wp:featuredmedia":[{"embeddable":true,"href":"https:\/\/voss2000.com\/en\/wp-json\/wp\/v2\/media\/717"}],"wp:attachment":[{"href":"https:\/\/voss2000.com\/en\/wp-json\/wp\/v2\/media?parent=711"}],"wp:term":[{"taxonomy":"product_brand","embeddable":true,"href":"https:\/\/voss2000.com\/en\/wp-json\/wp\/v2\/product_brand?post=711"},{"taxonomy":"product_cat","embeddable":true,"href":"https:\/\/voss2000.com\/en\/wp-json\/wp\/v2\/product_cat?post=711"},{"taxonomy":"product_tag","embeddable":true,"href":"https:\/\/voss2000.com\/en\/wp-json\/wp\/v2\/product_tag?post=711"}],"curies":[{"name":"wp","href":"https:\/\/api.w.org\/{rel}","templated":true}]}}