{"id":474,"date":"2023-08-09T23:19:47","date_gmt":"2023-08-09T21:19:47","guid":{"rendered":"http:\/\/voss2000.com\/?post_type=product&#038;p=474"},"modified":"2025-02-11T10:24:30","modified_gmt":"2025-02-11T13:24:30","slug":"cuna-para-ceramicos","status":"publish","type":"product","link":"https:\/\/voss2000.com\/en\/product\/cuna-para-ceramicos\/","title":{"rendered":"CU\u00d1A PARA CER\u00c1MICOS"},"content":{"rendered":"","protected":false},"excerpt":{"rendered":"<p>Everything you need for your hardware store, find it at VOSS 2000!<\/p>\n<p><hr class=\"no_line\" style=\"margin: 0 auto 15px auto\"\/>\n <a class=\"button  button_size_2\" href=\"http:\/\/voss2000.com\/en\/catalogos\/\"         title=\"\"><span class=\"button_label\">Download the complete catalog<\/span><\/a>\n<\/p>","protected":false},"featured_media":1212,"comment_status":"open","ping_status":"closed","template":"","meta":{"_joinchat":[]},"product_brand":[],"product_cat":[17],"product_tag":[],"class_list":{"0":"post-474","1":"product","2":"type-product","3":"status-publish","4":"has-post-thumbnail","6":"product_cat-ferreteria","8":"first","9":"instock","10":"shipping-taxable","11":"product-type-simple"},"yoast_head":"<!-- This site is optimized with the Yoast SEO plugin v27.3 - https:\/\/yoast.com\/product\/yoast-seo-wordpress\/ -->\n<title>CU\u00d1A PARA CER\u00c1MICOS - Voss2000<\/title>\n<meta name=\"description\" content=\"Cu\u00f1a para cer\u00e1micos, ideal para nivelar y separar baldosas. Facilita el trabajo de instalaci\u00f3n, asegurando resultados profesionales y duraderos.\" \/>\n<meta name=\"robots\" content=\"index, follow, max-snippet:-1, max-image-preview:large, max-video-preview:-1\" \/>\n<link rel=\"canonical\" href=\"https:\/\/voss2000.com\/en\/product\/cuna-para-ceramicos\/\" \/>\n<meta property=\"og:locale\" content=\"en_GB\" \/>\n<meta property=\"og:type\" content=\"article\" \/>\n<meta property=\"og:title\" content=\"CU\u00d1A PARA CER\u00c1MICOS - Voss2000\" \/>\n<meta property=\"og:description\" content=\"Cu\u00f1a para cer\u00e1micos, ideal para nivelar y separar baldosas. Facilita el trabajo de instalaci\u00f3n, asegurando resultados profesionales y duraderos.\" \/>\n<meta property=\"og:url\" content=\"https:\/\/voss2000.com\/en\/product\/cuna-para-ceramicos\/\" \/>\n<meta property=\"og:site_name\" content=\"Voss2000\" \/>\n<meta property=\"article:modified_time\" content=\"2025-02-11T13:24:30+00:00\" \/>\n<meta property=\"og:image\" content=\"https:\/\/voss2000.com\/wp-content\/uploads\/2023\/08\/CUNA-PARA-CERAMICOS-1.png\" \/>\n\t<meta property=\"og:image:width\" content=\"2251\" \/>\n\t<meta property=\"og:image:height\" content=\"2250\" \/>\n\t<meta property=\"og:image:type\" content=\"image\/png\" \/>\n<meta name=\"twitter:card\" content=\"summary_large_image\" \/>\n<meta name=\"twitter:label1\" content=\"Estimated reading time\" \/>\n\t<meta name=\"twitter:data1\" content=\"1 minute\" \/>\n<script type=\"application\/ld+json\" class=\"yoast-schema-graph\">{\"@context\":\"https:\\\/\\\/schema.org\",\"@graph\":[{\"@type\":\"WebPage\",\"@id\":\"https:\\\/\\\/voss2000.com\\\/producto\\\/cuna-para-ceramicos\\\/\",\"url\":\"https:\\\/\\\/voss2000.com\\\/producto\\\/cuna-para-ceramicos\\\/\",\"name\":\"CU\u00d1A PARA CER\u00c1MICOS - Voss2000\",\"isPartOf\":{\"@id\":\"https:\\\/\\\/voss2000.com\\\/#website\"},\"primaryImageOfPage\":{\"@id\":\"https:\\\/\\\/voss2000.com\\\/producto\\\/cuna-para-ceramicos\\\/#primaryimage\"},\"image\":{\"@id\":\"https:\\\/\\\/voss2000.com\\\/producto\\\/cuna-para-ceramicos\\\/#primaryimage\"},\"thumbnailUrl\":\"https:\\\/\\\/voss2000.com\\\/wp-content\\\/uploads\\\/2023\\\/08\\\/CUNA-PARA-CERAMICOS-1.png\",\"datePublished\":\"2023-08-09T21:19:47+00:00\",\"dateModified\":\"2025-02-11T13:24:30+00:00\",\"description\":\"Cu\u00f1a para cer\u00e1micos, ideal para nivelar y separar baldosas. Facilita el trabajo de instalaci\u00f3n, asegurando resultados profesionales y duraderos.\",\"breadcrumb\":{\"@id\":\"https:\\\/\\\/voss2000.com\\\/producto\\\/cuna-para-ceramicos\\\/#breadcrumb\"},\"inLanguage\":\"en-GB\",\"potentialAction\":[{\"@type\":\"ReadAction\",\"target\":[\"https:\\\/\\\/voss2000.com\\\/producto\\\/cuna-para-ceramicos\\\/\"]}]},{\"@type\":\"ImageObject\",\"inLanguage\":\"en-GB\",\"@id\":\"https:\\\/\\\/voss2000.com\\\/producto\\\/cuna-para-ceramicos\\\/#primaryimage\",\"url\":\"https:\\\/\\\/voss2000.com\\\/wp-content\\\/uploads\\\/2023\\\/08\\\/CUNA-PARA-CERAMICOS-1.png\",\"contentUrl\":\"https:\\\/\\\/voss2000.com\\\/wp-content\\\/uploads\\\/2023\\\/08\\\/CUNA-PARA-CERAMICOS-1.png\",\"width\":2251,\"height\":2250},{\"@type\":\"BreadcrumbList\",\"@id\":\"https:\\\/\\\/voss2000.com\\\/producto\\\/cuna-para-ceramicos\\\/#breadcrumb\",\"itemListElement\":[{\"@type\":\"ListItem\",\"position\":1,\"name\":\"Portada\",\"item\":\"https:\\\/\\\/voss2000.com\\\/\"},{\"@type\":\"ListItem\",\"position\":2,\"name\":\"Shop\",\"item\":\"https:\\\/\\\/voss2000.com\\\/en\\\/shop\\\/\"},{\"@type\":\"ListItem\",\"position\":3,\"name\":\"CU\u00d1A PARA CER\u00c1MICOS\"}]},{\"@type\":\"WebSite\",\"@id\":\"https:\\\/\\\/voss2000.com\\\/#website\",\"url\":\"https:\\\/\\\/voss2000.com\\\/\",\"name\":\"Voss2000\",\"description\":\"\",\"publisher\":{\"@id\":\"https:\\\/\\\/voss2000.com\\\/#organization\"},\"potentialAction\":[{\"@type\":\"SearchAction\",\"target\":{\"@type\":\"EntryPoint\",\"urlTemplate\":\"https:\\\/\\\/voss2000.com\\\/?s={search_term_string}\"},\"query-input\":{\"@type\":\"PropertyValueSpecification\",\"valueRequired\":true,\"valueName\":\"search_term_string\"}}],\"inLanguage\":\"en-GB\"},{\"@type\":\"Organization\",\"@id\":\"https:\\\/\\\/voss2000.com\\\/#organization\",\"name\":\"Voss2000\",\"url\":\"https:\\\/\\\/voss2000.com\\\/\",\"logo\":{\"@type\":\"ImageObject\",\"inLanguage\":\"en-GB\",\"@id\":\"https:\\\/\\\/voss2000.com\\\/#\\\/schema\\\/logo\\\/image\\\/\",\"url\":\"https:\\\/\\\/voss2000.com\\\/wp-content\\\/uploads\\\/2023\\\/08\\\/Logo.png\",\"contentUrl\":\"https:\\\/\\\/voss2000.com\\\/wp-content\\\/uploads\\\/2023\\\/08\\\/Logo.png\",\"width\":425,\"height\":292,\"caption\":\"Voss2000\"},\"image\":{\"@id\":\"https:\\\/\\\/voss2000.com\\\/#\\\/schema\\\/logo\\\/image\\\/\"}}]}<\/script>\n<!-- \/ Yoast SEO plugin. -->","yoast_head_json":{"title":"CU\u00d1A PARA CER\u00c1MICOS - Voss2000","description":"Cu\u00f1a para cer\u00e1micos, ideal para nivelar y separar baldosas. Facilita el trabajo de instalaci\u00f3n, asegurando resultados profesionales y duraderos.","robots":{"index":"index","follow":"follow","max-snippet":"max-snippet:-1","max-image-preview":"max-image-preview:large","max-video-preview":"max-video-preview:-1"},"canonical":"https:\/\/voss2000.com\/en\/product\/cuna-para-ceramicos\/","og_locale":"en_GB","og_type":"article","og_title":"CU\u00d1A PARA CER\u00c1MICOS - Voss2000","og_description":"Cu\u00f1a para cer\u00e1micos, ideal para nivelar y separar baldosas. Facilita el trabajo de instalaci\u00f3n, asegurando resultados profesionales y duraderos.","og_url":"https:\/\/voss2000.com\/en\/product\/cuna-para-ceramicos\/","og_site_name":"Voss2000","article_modified_time":"2025-02-11T13:24:30+00:00","og_image":[{"width":2251,"height":2250,"url":"https:\/\/voss2000.com\/wp-content\/uploads\/2023\/08\/CUNA-PARA-CERAMICOS-1.png","type":"image\/png"}],"twitter_card":"summary_large_image","twitter_misc":{"Estimated reading time":"1 minute"},"schema":{"@context":"https:\/\/schema.org","@graph":[{"@type":"WebPage","@id":"https:\/\/voss2000.com\/producto\/cuna-para-ceramicos\/","url":"https:\/\/voss2000.com\/producto\/cuna-para-ceramicos\/","name":"CU\u00d1A PARA CER\u00c1MICOS - Voss2000","isPartOf":{"@id":"https:\/\/voss2000.com\/#website"},"primaryImageOfPage":{"@id":"https:\/\/voss2000.com\/producto\/cuna-para-ceramicos\/#primaryimage"},"image":{"@id":"https:\/\/voss2000.com\/producto\/cuna-para-ceramicos\/#primaryimage"},"thumbnailUrl":"https:\/\/voss2000.com\/wp-content\/uploads\/2023\/08\/CUNA-PARA-CERAMICOS-1.png","datePublished":"2023-08-09T21:19:47+00:00","dateModified":"2025-02-11T13:24:30+00:00","description":"Cu\u00f1a para cer\u00e1micos, ideal para nivelar y separar baldosas. Facilita el trabajo de instalaci\u00f3n, asegurando resultados profesionales y duraderos.","breadcrumb":{"@id":"https:\/\/voss2000.com\/producto\/cuna-para-ceramicos\/#breadcrumb"},"inLanguage":"en-GB","potentialAction":[{"@type":"ReadAction","target":["https:\/\/voss2000.com\/producto\/cuna-para-ceramicos\/"]}]},{"@type":"ImageObject","inLanguage":"en-GB","@id":"https:\/\/voss2000.com\/producto\/cuna-para-ceramicos\/#primaryimage","url":"https:\/\/voss2000.com\/wp-content\/uploads\/2023\/08\/CUNA-PARA-CERAMICOS-1.png","contentUrl":"https:\/\/voss2000.com\/wp-content\/uploads\/2023\/08\/CUNA-PARA-CERAMICOS-1.png","width":2251,"height":2250},{"@type":"BreadcrumbList","@id":"https:\/\/voss2000.com\/producto\/cuna-para-ceramicos\/#breadcrumb","itemListElement":[{"@type":"ListItem","position":1,"name":"Portada","item":"https:\/\/voss2000.com\/"},{"@type":"ListItem","position":2,"name":"Shop","item":"https:\/\/voss2000.com\/en\/shop\/"},{"@type":"ListItem","position":3,"name":"CU\u00d1A PARA CER\u00c1MICOS"}]},{"@type":"WebSite","@id":"https:\/\/voss2000.com\/#website","url":"https:\/\/voss2000.com\/","name":"Voss2000","description":"","publisher":{"@id":"https:\/\/voss2000.com\/#organization"},"potentialAction":[{"@type":"SearchAction","target":{"@type":"EntryPoint","urlTemplate":"https:\/\/voss2000.com\/?s={search_term_string}"},"query-input":{"@type":"PropertyValueSpecification","valueRequired":true,"valueName":"search_term_string"}}],"inLanguage":"en-GB"},{"@type":"Organization","@id":"https:\/\/voss2000.com\/#organization","name":"Voss2000","url":"https:\/\/voss2000.com\/","logo":{"@type":"ImageObject","inLanguage":"en-GB","@id":"https:\/\/voss2000.com\/#\/schema\/logo\/image\/","url":"https:\/\/voss2000.com\/wp-content\/uploads\/2023\/08\/Logo.png","contentUrl":"https:\/\/voss2000.com\/wp-content\/uploads\/2023\/08\/Logo.png","width":425,"height":292,"caption":"Voss2000"},"image":{"@id":"https:\/\/voss2000.com\/#\/schema\/logo\/image\/"}}]}},"_links":{"self":[{"href":"https:\/\/voss2000.com\/en\/wp-json\/wp\/v2\/product\/474","targetHints":{"allow":["GET"]}}],"collection":[{"href":"https:\/\/voss2000.com\/en\/wp-json\/wp\/v2\/product"}],"about":[{"href":"https:\/\/voss2000.com\/en\/wp-json\/wp\/v2\/types\/product"}],"replies":[{"embeddable":true,"href":"https:\/\/voss2000.com\/en\/wp-json\/wp\/v2\/comments?post=474"}],"wp:featuredmedia":[{"embeddable":true,"href":"https:\/\/voss2000.com\/en\/wp-json\/wp\/v2\/media\/1212"}],"wp:attachment":[{"href":"https:\/\/voss2000.com\/en\/wp-json\/wp\/v2\/media?parent=474"}],"wp:term":[{"taxonomy":"product_brand","embeddable":true,"href":"https:\/\/voss2000.com\/en\/wp-json\/wp\/v2\/product_brand?post=474"},{"taxonomy":"product_cat","embeddable":true,"href":"https:\/\/voss2000.com\/en\/wp-json\/wp\/v2\/product_cat?post=474"},{"taxonomy":"product_tag","embeddable":true,"href":"https:\/\/voss2000.com\/en\/wp-json\/wp\/v2\/product_tag?post=474"}],"curies":[{"name":"wp","href":"https:\/\/api.w.org\/{rel}","templated":true}]}}