{"id":423,"date":"2023-08-09T22:42:50","date_gmt":"2023-08-09T20:42:50","guid":{"rendered":"http:\/\/voss2000.com\/?post_type=product&#038;p=423"},"modified":"2026-04-04T12:57:42","modified_gmt":"2026-04-04T15:57:42","slug":"silla-india-con-patas-metalicas","status":"publish","type":"product","link":"https:\/\/voss2000.com\/en\/product\/silla-india-con-patas-metalicas\/","title":{"rendered":"INDIAN CHAIR WITH METAL LEGS"},"content":{"rendered":"","protected":false},"excerpt":{"rendered":"<p>Indian Chair with metal legs, suitable for any location in your home, whether indoors or outdoors.<\/p>","protected":false},"featured_media":431,"comment_status":"open","ping_status":"closed","template":"","meta":{"_joinchat":[]},"product_brand":[],"product_cat":[18],"product_tag":[],"class_list":{"0":"post-423","1":"product","2":"type-product","3":"status-publish","4":"has-post-thumbnail","6":"product_cat-muebles","7":"pa_color-blanco","8":"pa_color-capuchino","9":"pa_color-grafito","10":"pa_color-moka","12":"first","13":"instock","14":"shipping-taxable","15":"purchasable","16":"product-type-variable"},"yoast_head":"<!-- This site is optimized with the Yoast SEO plugin v27.3 - https:\/\/yoast.com\/product\/yoast-seo-wordpress\/ -->\n<title>SILLA INDIA CON PATAS MET\u00c1LICAS - Voss2000<\/title>\n<meta name=\"description\" content=\"Con un dise\u00f1o \u00fanico y sorprendente, esta pieza india con patas met\u00e1licas es perfecta para darle estilo tanto a interiores como exteriores de tu hogar.\" \/>\n<meta name=\"robots\" content=\"index, follow, max-snippet:-1, max-image-preview:large, max-video-preview:-1\" \/>\n<link rel=\"canonical\" href=\"https:\/\/voss2000.com\/en\/product\/silla-india-con-patas-metalicas\/\" \/>\n<meta property=\"og:locale\" content=\"en_GB\" \/>\n<meta property=\"og:type\" content=\"article\" \/>\n<meta property=\"og:title\" content=\"SILLA INDIA CON PATAS MET\u00c1LICAS - Voss2000\" \/>\n<meta property=\"og:description\" content=\"Con un dise\u00f1o \u00fanico y sorprendente, esta pieza india con patas met\u00e1licas es perfecta para darle estilo tanto a interiores como exteriores de tu hogar.\" \/>\n<meta property=\"og:url\" content=\"https:\/\/voss2000.com\/en\/product\/silla-india-con-patas-metalicas\/\" \/>\n<meta property=\"og:site_name\" content=\"Voss2000\" \/>\n<meta property=\"article:modified_time\" content=\"2026-04-04T15:57:42+00:00\" \/>\n<meta property=\"og:image\" content=\"https:\/\/voss2000.com\/wp-content\/uploads\/2023\/08\/India_capuchino.png\" \/>\n\t<meta property=\"og:image:width\" content=\"1080\" \/>\n\t<meta property=\"og:image:height\" content=\"1111\" \/>\n\t<meta property=\"og:image:type\" content=\"image\/png\" \/>\n<meta name=\"twitter:card\" content=\"summary_large_image\" \/>\n<meta name=\"twitter:label1\" content=\"Estimated reading time\" \/>\n\t<meta name=\"twitter:data1\" content=\"1 minute\" \/>\n<script type=\"application\/ld+json\" class=\"yoast-schema-graph\">{\"@context\":\"https:\\\/\\\/schema.org\",\"@graph\":[{\"@type\":\"WebPage\",\"@id\":\"https:\\\/\\\/voss2000.com\\\/producto\\\/silla-india-con-patas-metalicas\\\/\",\"url\":\"https:\\\/\\\/voss2000.com\\\/producto\\\/silla-india-con-patas-metalicas\\\/\",\"name\":\"SILLA INDIA CON PATAS MET\u00c1LICAS - Voss2000\",\"isPartOf\":{\"@id\":\"https:\\\/\\\/voss2000.com\\\/#website\"},\"primaryImageOfPage\":{\"@id\":\"https:\\\/\\\/voss2000.com\\\/producto\\\/silla-india-con-patas-metalicas\\\/#primaryimage\"},\"image\":{\"@id\":\"https:\\\/\\\/voss2000.com\\\/producto\\\/silla-india-con-patas-metalicas\\\/#primaryimage\"},\"thumbnailUrl\":\"https:\\\/\\\/voss2000.com\\\/wp-content\\\/uploads\\\/2023\\\/08\\\/India_capuchino.png\",\"datePublished\":\"2023-08-09T20:42:50+00:00\",\"dateModified\":\"2026-04-04T15:57:42+00:00\",\"description\":\"Con un dise\u00f1o \u00fanico y sorprendente, esta pieza india con patas met\u00e1licas es perfecta para darle estilo tanto a interiores como exteriores de tu hogar.\",\"breadcrumb\":{\"@id\":\"https:\\\/\\\/voss2000.com\\\/producto\\\/silla-india-con-patas-metalicas\\\/#breadcrumb\"},\"inLanguage\":\"en-GB\",\"potentialAction\":[{\"@type\":\"ReadAction\",\"target\":[\"https:\\\/\\\/voss2000.com\\\/producto\\\/silla-india-con-patas-metalicas\\\/\"]}]},{\"@type\":\"ImageObject\",\"inLanguage\":\"en-GB\",\"@id\":\"https:\\\/\\\/voss2000.com\\\/producto\\\/silla-india-con-patas-metalicas\\\/#primaryimage\",\"url\":\"https:\\\/\\\/voss2000.com\\\/wp-content\\\/uploads\\\/2023\\\/08\\\/India_capuchino.png\",\"contentUrl\":\"https:\\\/\\\/voss2000.com\\\/wp-content\\\/uploads\\\/2023\\\/08\\\/India_capuchino.png\",\"width\":1080,\"height\":1111},{\"@type\":\"BreadcrumbList\",\"@id\":\"https:\\\/\\\/voss2000.com\\\/producto\\\/silla-india-con-patas-metalicas\\\/#breadcrumb\",\"itemListElement\":[{\"@type\":\"ListItem\",\"position\":1,\"name\":\"Portada\",\"item\":\"https:\\\/\\\/voss2000.com\\\/\"},{\"@type\":\"ListItem\",\"position\":2,\"name\":\"Shop\",\"item\":\"https:\\\/\\\/voss2000.com\\\/en\\\/shop\\\/\"},{\"@type\":\"ListItem\",\"position\":3,\"name\":\"SILLA INDIA CON PATAS MET\u00c1LICAS\"}]},{\"@type\":\"WebSite\",\"@id\":\"https:\\\/\\\/voss2000.com\\\/#website\",\"url\":\"https:\\\/\\\/voss2000.com\\\/\",\"name\":\"Voss2000\",\"description\":\"\",\"publisher\":{\"@id\":\"https:\\\/\\\/voss2000.com\\\/#organization\"},\"potentialAction\":[{\"@type\":\"SearchAction\",\"target\":{\"@type\":\"EntryPoint\",\"urlTemplate\":\"https:\\\/\\\/voss2000.com\\\/?s={search_term_string}\"},\"query-input\":{\"@type\":\"PropertyValueSpecification\",\"valueRequired\":true,\"valueName\":\"search_term_string\"}}],\"inLanguage\":\"en-GB\"},{\"@type\":\"Organization\",\"@id\":\"https:\\\/\\\/voss2000.com\\\/#organization\",\"name\":\"Voss2000\",\"url\":\"https:\\\/\\\/voss2000.com\\\/\",\"logo\":{\"@type\":\"ImageObject\",\"inLanguage\":\"en-GB\",\"@id\":\"https:\\\/\\\/voss2000.com\\\/#\\\/schema\\\/logo\\\/image\\\/\",\"url\":\"https:\\\/\\\/voss2000.com\\\/wp-content\\\/uploads\\\/2023\\\/08\\\/Logo.png\",\"contentUrl\":\"https:\\\/\\\/voss2000.com\\\/wp-content\\\/uploads\\\/2023\\\/08\\\/Logo.png\",\"width\":425,\"height\":292,\"caption\":\"Voss2000\"},\"image\":{\"@id\":\"https:\\\/\\\/voss2000.com\\\/#\\\/schema\\\/logo\\\/image\\\/\"}}]}<\/script>\n<!-- \/ Yoast SEO plugin. -->","yoast_head_json":{"title":"SILLA INDIA CON PATAS MET\u00c1LICAS - Voss2000","description":"Con un dise\u00f1o \u00fanico y sorprendente, esta pieza india con patas met\u00e1licas es perfecta para darle estilo tanto a interiores como exteriores de tu hogar.","robots":{"index":"index","follow":"follow","max-snippet":"max-snippet:-1","max-image-preview":"max-image-preview:large","max-video-preview":"max-video-preview:-1"},"canonical":"https:\/\/voss2000.com\/en\/product\/silla-india-con-patas-metalicas\/","og_locale":"en_GB","og_type":"article","og_title":"SILLA INDIA CON PATAS MET\u00c1LICAS - Voss2000","og_description":"Con un dise\u00f1o \u00fanico y sorprendente, esta pieza india con patas met\u00e1licas es perfecta para darle estilo tanto a interiores como exteriores de tu hogar.","og_url":"https:\/\/voss2000.com\/en\/product\/silla-india-con-patas-metalicas\/","og_site_name":"Voss2000","article_modified_time":"2026-04-04T15:57:42+00:00","og_image":[{"width":1080,"height":1111,"url":"https:\/\/voss2000.com\/wp-content\/uploads\/2023\/08\/India_capuchino.png","type":"image\/png"}],"twitter_card":"summary_large_image","twitter_misc":{"Estimated reading time":"1 minute"},"schema":{"@context":"https:\/\/schema.org","@graph":[{"@type":"WebPage","@id":"https:\/\/voss2000.com\/producto\/silla-india-con-patas-metalicas\/","url":"https:\/\/voss2000.com\/producto\/silla-india-con-patas-metalicas\/","name":"SILLA INDIA CON PATAS MET\u00c1LICAS - Voss2000","isPartOf":{"@id":"https:\/\/voss2000.com\/#website"},"primaryImageOfPage":{"@id":"https:\/\/voss2000.com\/producto\/silla-india-con-patas-metalicas\/#primaryimage"},"image":{"@id":"https:\/\/voss2000.com\/producto\/silla-india-con-patas-metalicas\/#primaryimage"},"thumbnailUrl":"https:\/\/voss2000.com\/wp-content\/uploads\/2023\/08\/India_capuchino.png","datePublished":"2023-08-09T20:42:50+00:00","dateModified":"2026-04-04T15:57:42+00:00","description":"Con un dise\u00f1o \u00fanico y sorprendente, esta pieza india con patas met\u00e1licas es perfecta para darle estilo tanto a interiores como exteriores de tu hogar.","breadcrumb":{"@id":"https:\/\/voss2000.com\/producto\/silla-india-con-patas-metalicas\/#breadcrumb"},"inLanguage":"en-GB","potentialAction":[{"@type":"ReadAction","target":["https:\/\/voss2000.com\/producto\/silla-india-con-patas-metalicas\/"]}]},{"@type":"ImageObject","inLanguage":"en-GB","@id":"https:\/\/voss2000.com\/producto\/silla-india-con-patas-metalicas\/#primaryimage","url":"https:\/\/voss2000.com\/wp-content\/uploads\/2023\/08\/India_capuchino.png","contentUrl":"https:\/\/voss2000.com\/wp-content\/uploads\/2023\/08\/India_capuchino.png","width":1080,"height":1111},{"@type":"BreadcrumbList","@id":"https:\/\/voss2000.com\/producto\/silla-india-con-patas-metalicas\/#breadcrumb","itemListElement":[{"@type":"ListItem","position":1,"name":"Portada","item":"https:\/\/voss2000.com\/"},{"@type":"ListItem","position":2,"name":"Shop","item":"https:\/\/voss2000.com\/en\/shop\/"},{"@type":"ListItem","position":3,"name":"SILLA INDIA CON PATAS MET\u00c1LICAS"}]},{"@type":"WebSite","@id":"https:\/\/voss2000.com\/#website","url":"https:\/\/voss2000.com\/","name":"Voss2000","description":"","publisher":{"@id":"https:\/\/voss2000.com\/#organization"},"potentialAction":[{"@type":"SearchAction","target":{"@type":"EntryPoint","urlTemplate":"https:\/\/voss2000.com\/?s={search_term_string}"},"query-input":{"@type":"PropertyValueSpecification","valueRequired":true,"valueName":"search_term_string"}}],"inLanguage":"en-GB"},{"@type":"Organization","@id":"https:\/\/voss2000.com\/#organization","name":"Voss2000","url":"https:\/\/voss2000.com\/","logo":{"@type":"ImageObject","inLanguage":"en-GB","@id":"https:\/\/voss2000.com\/#\/schema\/logo\/image\/","url":"https:\/\/voss2000.com\/wp-content\/uploads\/2023\/08\/Logo.png","contentUrl":"https:\/\/voss2000.com\/wp-content\/uploads\/2023\/08\/Logo.png","width":425,"height":292,"caption":"Voss2000"},"image":{"@id":"https:\/\/voss2000.com\/#\/schema\/logo\/image\/"}}]}},"_links":{"self":[{"href":"https:\/\/voss2000.com\/en\/wp-json\/wp\/v2\/product\/423","targetHints":{"allow":["GET"]}}],"collection":[{"href":"https:\/\/voss2000.com\/en\/wp-json\/wp\/v2\/product"}],"about":[{"href":"https:\/\/voss2000.com\/en\/wp-json\/wp\/v2\/types\/product"}],"replies":[{"embeddable":true,"href":"https:\/\/voss2000.com\/en\/wp-json\/wp\/v2\/comments?post=423"}],"wp:featuredmedia":[{"embeddable":true,"href":"https:\/\/voss2000.com\/en\/wp-json\/wp\/v2\/media\/431"}],"wp:attachment":[{"href":"https:\/\/voss2000.com\/en\/wp-json\/wp\/v2\/media?parent=423"}],"wp:term":[{"taxonomy":"product_brand","embeddable":true,"href":"https:\/\/voss2000.com\/en\/wp-json\/wp\/v2\/product_brand?post=423"},{"taxonomy":"product_cat","embeddable":true,"href":"https:\/\/voss2000.com\/en\/wp-json\/wp\/v2\/product_cat?post=423"},{"taxonomy":"product_tag","embeddable":true,"href":"https:\/\/voss2000.com\/en\/wp-json\/wp\/v2\/product_tag?post=423"}],"curies":[{"name":"wp","href":"https:\/\/api.w.org\/{rel}","templated":true}]}}