{"id":2234,"date":"2025-06-03T13:10:51","date_gmt":"2025-06-03T16:10:51","guid":{"rendered":"https:\/\/voss2000.com\/?post_type=product&#038;p=2234"},"modified":"2025-11-11T13:56:47","modified_gmt":"2025-11-11T16:56:47","slug":"grabador-dvr-sa-j08n-8-canales","status":"publish","type":"product","link":"https:\/\/voss2000.com\/en\/product\/grabador-dvr-sa-j08n-8-canales\/","title":{"rendered":"Grabador DVR SA-J08N \u2013 8 canales"},"content":{"rendered":"<h4>Especificaciones:<\/h4>\n<ul>\n<li data-start=\"982\" data-end=\"1071\">\n<p data-start=\"984\" data-end=\"998\"><strong data-start=\"984\" data-end=\"996\">Sistema:<\/strong><\/p>\n<ul data-start=\"1001\" data-end=\"1071\">\n<li data-start=\"1001\" data-end=\"1038\">\n<p data-start=\"1003\" data-end=\"1038\">Sistema operativo: Linux embebido<\/p>\n<\/li>\n<li data-start=\"1041\" data-end=\"1071\">\n<p data-start=\"1043\" data-end=\"1071\">Compresi\u00f3n de video: H.264<\/p>\n<\/li>\n<\/ul>\n<\/li>\n<li data-start=\"1073\" data-end=\"1300\">\n<p data-start=\"1075\" data-end=\"1087\"><strong data-start=\"1075\" data-end=\"1085\">Video:<\/strong><\/p>\n<ul data-start=\"1090\" data-end=\"1300\">\n<li data-start=\"1090\" data-end=\"1261\">\n<p data-start=\"1092\" data-end=\"1103\">Entradas:<\/p>\n<ul data-start=\"1108\" data-end=\"1261\">\n<li data-start=\"1108\" data-end=\"1147\">\n<p data-start=\"1110\" data-end=\"1147\"><strong data-start=\"1110\" data-end=\"1129\">Modo Anal\u00f3gico:<\/strong> 8\u00d71080P (25fps)<\/p>\n<\/li>\n<li data-start=\"1152\" data-end=\"1200\">\n<p data-start=\"1154\" data-end=\"1200\"><strong data-start=\"1154\" data-end=\"1169\">Modo Mixto:<\/strong> 4\u00d71080P (AHD) + 4\u00d71080P (IP)<\/p>\n<\/li>\n<li data-start=\"1205\" data-end=\"1261\">\n<p data-start=\"1207\" data-end=\"1261\"><strong data-start=\"1207\" data-end=\"1219\">Modo IP:<\/strong> hasta 8\u00d71080P \/ 16\u00d7960P \/ 4\u00d73MP \/ 4\u00d75MP<\/p>\n<\/li>\n<\/ul>\n<\/li>\n<li data-start=\"1264\" data-end=\"1300\">\n<p data-start=\"1266\" data-end=\"1300\">Salida de video: HDMI, VGA, CVBS<\/p>\n<\/li>\n<\/ul>\n<\/li>\n<li data-start=\"1302\" data-end=\"1376\">\n<p data-start=\"1304\" data-end=\"1316\"><strong data-start=\"1304\" data-end=\"1314\">Audio:<\/strong><\/p>\n<ul data-start=\"1319\" data-end=\"1376\">\n<li data-start=\"1319\" data-end=\"1338\">\n<p data-start=\"1321\" data-end=\"1338\">Entradas: 4\u00d7RCA<\/p>\n<\/li>\n<li data-start=\"1341\" data-end=\"1376\">\n<p data-start=\"1343\" data-end=\"1376\">Salida: 1\u00d7RCA (200\u20132000mv, 1k\u03a9)<\/p>\n<\/li>\n<\/ul>\n<\/li>\n<li data-start=\"1378\" data-end=\"1588\">\n<p data-start=\"1380\" data-end=\"1411\"><strong data-start=\"1380\" data-end=\"1409\">Grabaci\u00f3n y Reproducci\u00f3n:<\/strong><\/p>\n<ul data-start=\"1414\" data-end=\"1588\">\n<li data-start=\"1414\" data-end=\"1453\">\n<p data-start=\"1416\" data-end=\"1453\">Resoluci\u00f3n: hasta 1080P (1920\u00d71080)<\/p>\n<\/li>\n<li data-start=\"1456\" data-end=\"1535\">\n<p data-start=\"1458\" data-end=\"1535\">Modos de grabaci\u00f3n: manual, por alarma, detecci\u00f3n de movimiento, programado<\/p>\n<\/li>\n<li data-start=\"1538\" data-end=\"1588\">\n<p data-start=\"1540\" data-end=\"1588\">Reproducci\u00f3n: hasta 8 canales en 1080N (25fps)<\/p>\n<\/li>\n<\/ul>\n<\/li>\n<li data-start=\"1590\" data-end=\"1808\">\n<p data-start=\"1592\" data-end=\"1602\"><strong data-start=\"1592\" data-end=\"1600\">Red:<\/strong><\/p>\n<ul data-start=\"1605\" data-end=\"1808\">\n<li data-start=\"1605\" data-end=\"1636\">\n<p data-start=\"1607\" data-end=\"1636\">Puerto de red: RJ45 10\/100M<\/p>\n<\/li>\n<li data-start=\"1639\" data-end=\"1703\">\n<p data-start=\"1641\" data-end=\"1703\">Protocolos: TCP, DNS, DDNS, FTP, SMTP, 3G, PPPOE, Email, P2P<\/p>\n<\/li>\n<li data-start=\"1706\" data-end=\"1760\">\n<p data-start=\"1708\" data-end=\"1760\">Funciones: monitoreo remoto, gesti\u00f3n, reproducci\u00f3n<\/p>\n<\/li>\n<li data-start=\"1763\" data-end=\"1808\">\n<p data-start=\"1765\" data-end=\"1808\">Compatible con conexi\u00f3n 3G\/WiFi (v\u00eda USB)<\/p>\n<\/li>\n<\/ul>\n<\/li>\n<li data-start=\"1810\" data-end=\"2049\">\n<p data-start=\"1812\" data-end=\"1843\"><strong data-start=\"1812\" data-end=\"1841\">Almacenamiento y puertos:<\/strong><\/p>\n<ul data-start=\"1846\" data-end=\"2049\">\n<li data-start=\"1846\" data-end=\"1880\">\n<p data-start=\"1848\" data-end=\"1880\">Disco duro: 1\u00d7SATA (hasta 6TB)<\/p>\n<\/li>\n<li data-start=\"1883\" data-end=\"1909\">\n<p data-start=\"1885\" data-end=\"1909\">Puertos USB: 2\u00d7USB 2.0<\/p>\n<\/li>\n<li data-start=\"1912\" data-end=\"1965\">\n<p data-start=\"1914\" data-end=\"1965\">PTZ: 1\u00d7RS485, compatible con m\u00faltiples protocolos<\/p>\n<\/li>\n<li data-start=\"1968\" data-end=\"2049\">\n<p data-start=\"1970\" data-end=\"2049\">Gesti\u00f3n de usuarios: alta, modificaci\u00f3n y eliminaci\u00f3n con control de permisos<\/p>\n<\/li>\n<\/ul>\n<\/li>\n<li data-start=\"2051\" data-end=\"2241\">\n<p data-start=\"2053\" data-end=\"2065\"><strong data-start=\"2053\" data-end=\"2063\">Otros:<\/strong><\/p>\n<ul data-start=\"2068\" data-end=\"2241\">\n<li data-start=\"2068\" data-end=\"2097\">\n<p data-start=\"2070\" data-end=\"2097\">Alimentaci\u00f3n: DC 12V \/ 2A<\/p>\n<\/li>\n<li data-start=\"2100\" data-end=\"2130\">\n<p data-start=\"2102\" data-end=\"2130\">Consumo: m\u00e1x. 7W (sin HDD)<\/p>\n<\/li>\n<li data-start=\"2133\" data-end=\"2167\">\n<p data-start=\"2135\" data-end=\"2167\">Dimensiones: 238 \u00d7 237 \u00d7 44 mm<\/p>\n<\/li>\n<li data-start=\"2170\" data-end=\"2241\">\n<p data-start=\"2172\" data-end=\"2241\">Condiciones de uso: -10 \u00b0C a 55 \u00b0C \/ humedad \u2264 95% (sin condensaci\u00f3n)<\/p>\n<\/li>\n<\/ul>\n<\/li>\n<\/ul>","protected":false},"excerpt":{"rendered":"<article class=\"text-token-text-primary w-full\" dir=\"auto\" data-testid=\"conversation-turn-22\" data-scroll-anchor=\"true\">\n<div class=\"text-base my-auto mx-auto py-5 [--thread-content-margin:--spacing(4)] @[37rem]:[--thread-content-margin:--spacing(6)] @[72rem]:[--thread-content-margin:--spacing(16)] px-(--thread-content-margin)\">\n<div class=\"[--thread-content-max-width:32rem] @[34rem]:[--thread-content-max-width:40rem] @[64rem]:[--thread-content-max-width:48rem] mx-auto flex max-w-(--thread-content-max-width) flex-1 text-base gap-4 md:gap-5 lg:gap-6 group\/turn-messages focus-visible:outline-hidden\" tabindex=\"-1\">\n<div class=\"group\/conversation-turn relative flex w-full min-w-0 flex-col agent-turn\">\n<div class=\"relative flex-col gap-1 md:gap-3\">\n<div class=\"flex max-w-full flex-col grow\">\n<div class=\"min-h-8 text-message relative flex w-full flex-col items-end gap-2 text-start break-words whitespace-normal [.text-message+&amp;]:mt-5\" dir=\"auto\" data-message-author-role=\"assistant\" data-message-id=\"52130ac4-a68f-40df-920c-bfc8b67075f5\" data-message-model-slug=\"gpt-4o\">\n<div class=\"flex w-full flex-col gap-1 empty:hidden first:pt-[3px]\">\n<div class=\"markdown prose dark:prose-invert w-full break-words light\">\n<article class=\"text-token-text-primary w-full\" dir=\"auto\" data-testid=\"conversation-turn-24\" data-scroll-anchor=\"true\">\n<div class=\"text-base my-auto mx-auto py-5 [--thread-content-margin:--spacing(4)] @[37rem]:[--thread-content-margin:--spacing(6)] @[72rem]:[--thread-content-margin:--spacing(16)] px-(--thread-content-margin)\">\n<div class=\"[--thread-content-max-width:32rem] @[34rem]:[--thread-content-max-width:40rem] @[64rem]:[--thread-content-max-width:48rem] mx-auto flex max-w-(--thread-content-max-width) flex-1 text-base gap-4 md:gap-5 lg:gap-6 group\/turn-messages focus-visible:outline-hidden\" tabindex=\"-1\">\n<div class=\"group\/conversation-turn relative flex w-full min-w-0 flex-col agent-turn\">\n<div class=\"relative flex-col gap-1 md:gap-3\">\n<div class=\"flex max-w-full flex-col grow\">\n<div class=\"min-h-8 text-message relative flex w-full flex-col items-end gap-2 text-start break-words whitespace-normal [.text-message+&amp;]:mt-5\" dir=\"auto\" data-message-author-role=\"assistant\" data-message-id=\"8323766f-1e9d-4366-95d3-f4408495cfe5\" data-message-model-slug=\"gpt-4o\">\n<div class=\"flex w-full flex-col gap-1 empty:hidden first:pt-[3px]\">\n<div class=\"markdown prose dark:prose-invert w-full break-words light\">\n<article class=\"text-token-text-primary w-full\" dir=\"auto\" data-testid=\"conversation-turn-28\" data-scroll-anchor=\"true\">\n<div class=\"text-base my-auto mx-auto py-5 [--thread-content-margin:--spacing(4)] @[37rem]:[--thread-content-margin:--spacing(6)] @[72rem]:[--thread-content-margin:--spacing(16)] px-(--thread-content-margin)\">\n<div class=\"[--thread-content-max-width:32rem] @[34rem]:[--thread-content-max-width:40rem] @[64rem]:[--thread-content-max-width:48rem] mx-auto flex max-w-(--thread-content-max-width) flex-1 text-base gap-4 md:gap-5 lg:gap-6 group\/turn-messages focus-visible:outline-hidden\" tabindex=\"-1\">\n<div class=\"group\/conversation-turn relative flex w-full min-w-0 flex-col agent-turn\">\n<div class=\"relative flex-col gap-1 md:gap-3\">\n<div class=\"flex max-w-full flex-col grow\">\n<div class=\"min-h-8 text-message relative flex w-full flex-col items-end gap-2 text-start break-words whitespace-normal [.text-message+&amp;]:mt-5\" dir=\"auto\" data-message-author-role=\"assistant\" data-message-id=\"eabeb2b4-9554-4389-8629-d69cf214e838\" data-message-model-slug=\"gpt-4o\">\n<div class=\"flex w-full flex-col gap-1 empty:hidden first:pt-[3px]\">\n<div class=\"markdown prose dark:prose-invert w-full break-words light\">\n<article class=\"text-token-text-primary w-full\" dir=\"auto\" data-testid=\"conversation-turn-32\" data-scroll-anchor=\"true\">\n<div class=\"text-base my-auto mx-auto py-5 [--thread-content-margin:--spacing(4)] @[37rem]:[--thread-content-margin:--spacing(6)] @[72rem]:[--thread-content-margin:--spacing(16)] px-(--thread-content-margin)\">\n<div class=\"[--thread-content-max-width:32rem] @[34rem]:[--thread-content-max-width:40rem] @[64rem]:[--thread-content-max-width:48rem] mx-auto flex max-w-(--thread-content-max-width) flex-1 text-base gap-4 md:gap-5 lg:gap-6 group\/turn-messages focus-visible:outline-hidden\" tabindex=\"-1\">\n<div class=\"group\/conversation-turn relative flex w-full min-w-0 flex-col agent-turn\">\n<div class=\"relative flex-col gap-1 md:gap-3\">\n<div class=\"flex max-w-full flex-col grow\">\n<div class=\"min-h-8 text-message relative flex w-full flex-col items-end gap-2 text-start break-words whitespace-normal [.text-message+&amp;]:mt-5\" dir=\"auto\" data-message-author-role=\"assistant\" data-message-id=\"5dc8096a-2aa2-4286-b3e7-6504814fb42b\" data-message-model-slug=\"gpt-4o\">\n<div class=\"flex w-full flex-col gap-1 empty:hidden first:pt-[3px]\">\n<div class=\"markdown prose dark:prose-invert w-full break-words light\">\n<article class=\"text-token-text-primary w-full\" dir=\"auto\" data-testid=\"conversation-turn-34\" data-scroll-anchor=\"true\">\n<div class=\"text-base my-auto mx-auto py-5 [--thread-content-margin:--spacing(4)] @[37rem]:[--thread-content-margin:--spacing(6)] @[72rem]:[--thread-content-margin:--spacing(16)] px-(--thread-content-margin)\">\n<div class=\"[--thread-content-max-width:32rem] @[34rem]:[--thread-content-max-width:40rem] @[64rem]:[--thread-content-max-width:48rem] mx-auto flex max-w-(--thread-content-max-width) flex-1 text-base gap-4 md:gap-5 lg:gap-6 group\/turn-messages focus-visible:outline-hidden\" tabindex=\"-1\">\n<div class=\"group\/conversation-turn relative flex w-full min-w-0 flex-col agent-turn\">\n<div class=\"relative flex-col gap-1 md:gap-3\">\n<div class=\"flex max-w-full flex-col grow\">\n<div class=\"min-h-8 text-message relative flex w-full flex-col items-end gap-2 text-start break-words whitespace-normal [.text-message+&amp;]:mt-5\" dir=\"auto\" data-message-author-role=\"assistant\" data-message-id=\"925f4b14-0c9d-469c-a1e8-92c93b4be721\" data-message-model-slug=\"gpt-4o\">\n<div class=\"flex w-full flex-col gap-1 empty:hidden first:pt-[3px]\">\n<div class=\"markdown prose dark:prose-invert w-full break-words light\">\n<article class=\"text-token-text-primary w-full\" dir=\"auto\" data-testid=\"conversation-turn-36\" data-scroll-anchor=\"true\">\n<div class=\"text-base my-auto mx-auto py-5 [--thread-content-margin:--spacing(4)] @[37rem]:[--thread-content-margin:--spacing(6)] @[72rem]:[--thread-content-margin:--spacing(16)] px-(--thread-content-margin)\">\n<div class=\"[--thread-content-max-width:32rem] @[34rem]:[--thread-content-max-width:40rem] @[64rem]:[--thread-content-max-width:48rem] mx-auto flex max-w-(--thread-content-max-width) flex-1 text-base gap-4 md:gap-5 lg:gap-6 group\/turn-messages focus-visible:outline-hidden\" tabindex=\"-1\">\n<div class=\"group\/conversation-turn relative flex w-full min-w-0 flex-col agent-turn\">\n<div class=\"relative flex-col gap-1 md:gap-3\">\n<div class=\"flex max-w-full flex-col grow\">\n<div class=\"min-h-8 text-message relative flex w-full flex-col items-end gap-2 text-start break-words whitespace-normal [.text-message+&amp;]:mt-5\" dir=\"auto\" data-message-author-role=\"assistant\" data-message-id=\"c9f038e1-d318-4f01-b532-b9bca5dfa583\" data-message-model-slug=\"gpt-4o\">\n<div class=\"flex w-full flex-col gap-1 empty:hidden first:pt-[3px]\">\n<div class=\"markdown prose dark:prose-invert w-full break-words light\">\n<p data-start=\"107\" data-end=\"420\">DVR h\u00edbrido de 8 canales con soporte para c\u00e1maras AHD de 1080P y c\u00e1maras IP. Permite grabaci\u00f3n en alta definici\u00f3n, salida HDMI\/VGA\/CVBS simult\u00e1nea y acceso remoto desde navegador, software CMS o app m\u00f3vil. Ideal para sistemas de seguridad vers\u00e1tiles y eficientes.<\/p>\n<p data-start=\"107\" data-end=\"420\"><strong>\u26a0\ufe0f <em data-start=\"289\" data-end=\"386\">Te recomendamos revisar bien tu compra, ya que este art\u00edculo no admite cambios ni devoluciones.<\/em><\/strong><\/p>\n<\/div>\n<\/div>\n<\/div>\n<\/div>\n<\/div>\n<\/div>\n<\/div>\n<\/div>\n<\/article>\n<\/div>\n<\/div>\n<\/div>\n<\/div>\n<\/div>\n<\/div>\n<\/div>\n<\/div>\n<\/article>\n<\/div>\n<\/div>\n<\/div>\n<\/div>\n<\/div>\n<\/div>\n<\/div>\n<\/div>\n<\/article>\n<\/div>\n<\/div>\n<\/div>\n<\/div>\n<\/div>\n<\/div>\n<\/div>\n<\/div>\n<\/article>\n<\/div>\n<\/div>\n<\/div>\n<\/div>\n<\/div>\n<\/div>\n<\/div>\n<\/div>\n<\/article>\n<\/div>\n<\/div>\n<\/div>\n<\/div>\n<\/div>\n<\/div>\n<\/div>\n<\/div>\n<\/article>\n","protected":false},"featured_media":2256,"comment_status":"open","ping_status":"closed","template":"","meta":{"_joinchat":[]},"product_brand":[],"product_cat":[157,163],"product_tag":[],"class_list":{"0":"post-2234","1":"product","2":"type-product","3":"status-publish","4":"has-post-thumbnail","6":"product_cat-electronica","7":"product_cat-grabadoras-ahd-dvr","9":"first","10":"instock","11":"shipping-taxable","12":"purchasable","13":"product-type-simple"},"yoast_head":"<!-- This site is optimized with the Yoast SEO plugin v27.3 - https:\/\/yoast.com\/product\/yoast-seo-wordpress\/ -->\n<title>Grabador DVR SA-J08N \u2013 8 canales - Voss2000<\/title>\n<meta name=\"description\" content=\"MODIFICAR\" \/>\n<meta name=\"robots\" content=\"index, follow, max-snippet:-1, max-image-preview:large, max-video-preview:-1\" \/>\n<link rel=\"canonical\" href=\"https:\/\/voss2000.com\/en\/product\/grabador-dvr-sa-j08n-8-canales\/\" \/>\n<meta property=\"og:locale\" content=\"en_GB\" \/>\n<meta property=\"og:type\" content=\"article\" \/>\n<meta property=\"og:title\" content=\"Grabador DVR SA-J08N \u2013 8 canales - Voss2000\" \/>\n<meta property=\"og:description\" content=\"MODIFICAR\" \/>\n<meta property=\"og:url\" content=\"https:\/\/voss2000.com\/en\/product\/grabador-dvr-sa-j08n-8-canales\/\" \/>\n<meta property=\"og:site_name\" content=\"Voss2000\" \/>\n<meta property=\"article:modified_time\" content=\"2025-11-11T16:56:47+00:00\" \/>\n<meta property=\"og:image\" content=\"https:\/\/voss2000.com\/wp-content\/uploads\/2025\/06\/voss-03-scaled.jpg\" \/>\n\t<meta property=\"og:image:width\" content=\"2560\" \/>\n\t<meta property=\"og:image:height\" content=\"2560\" \/>\n\t<meta property=\"og:image:type\" content=\"image\/jpeg\" \/>\n<meta name=\"twitter:card\" content=\"summary_large_image\" \/>\n<meta name=\"twitter:label1\" content=\"Estimated reading time\" \/>\n\t<meta name=\"twitter:data1\" content=\"1 minute\" \/>\n<script type=\"application\/ld+json\" class=\"yoast-schema-graph\">{\"@context\":\"https:\\\/\\\/schema.org\",\"@graph\":[{\"@type\":\"WebPage\",\"@id\":\"https:\\\/\\\/voss2000.com\\\/producto\\\/grabador-dvr-sa-j08n-8-canales\\\/\",\"url\":\"https:\\\/\\\/voss2000.com\\\/producto\\\/grabador-dvr-sa-j08n-8-canales\\\/\",\"name\":\"Grabador DVR SA-J08N \u2013 8 canales - Voss2000\",\"isPartOf\":{\"@id\":\"https:\\\/\\\/voss2000.com\\\/#website\"},\"primaryImageOfPage\":{\"@id\":\"https:\\\/\\\/voss2000.com\\\/producto\\\/grabador-dvr-sa-j08n-8-canales\\\/#primaryimage\"},\"image\":{\"@id\":\"https:\\\/\\\/voss2000.com\\\/producto\\\/grabador-dvr-sa-j08n-8-canales\\\/#primaryimage\"},\"thumbnailUrl\":\"https:\\\/\\\/voss2000.com\\\/wp-content\\\/uploads\\\/2025\\\/06\\\/voss-03-scaled.jpg\",\"datePublished\":\"2025-06-03T16:10:51+00:00\",\"dateModified\":\"2025-11-11T16:56:47+00:00\",\"description\":\"MODIFICAR\",\"breadcrumb\":{\"@id\":\"https:\\\/\\\/voss2000.com\\\/producto\\\/grabador-dvr-sa-j08n-8-canales\\\/#breadcrumb\"},\"inLanguage\":\"en-GB\",\"potentialAction\":[{\"@type\":\"ReadAction\",\"target\":[\"https:\\\/\\\/voss2000.com\\\/producto\\\/grabador-dvr-sa-j08n-8-canales\\\/\"]}]},{\"@type\":\"ImageObject\",\"inLanguage\":\"en-GB\",\"@id\":\"https:\\\/\\\/voss2000.com\\\/producto\\\/grabador-dvr-sa-j08n-8-canales\\\/#primaryimage\",\"url\":\"https:\\\/\\\/voss2000.com\\\/wp-content\\\/uploads\\\/2025\\\/06\\\/voss-03-scaled.jpg\",\"contentUrl\":\"https:\\\/\\\/voss2000.com\\\/wp-content\\\/uploads\\\/2025\\\/06\\\/voss-03-scaled.jpg\",\"width\":2560,\"height\":2560},{\"@type\":\"BreadcrumbList\",\"@id\":\"https:\\\/\\\/voss2000.com\\\/producto\\\/grabador-dvr-sa-j08n-8-canales\\\/#breadcrumb\",\"itemListElement\":[{\"@type\":\"ListItem\",\"position\":1,\"name\":\"Portada\",\"item\":\"https:\\\/\\\/voss2000.com\\\/\"},{\"@type\":\"ListItem\",\"position\":2,\"name\":\"Shop\",\"item\":\"https:\\\/\\\/voss2000.com\\\/en\\\/shop\\\/\"},{\"@type\":\"ListItem\",\"position\":3,\"name\":\"Grabador DVR SA-J08N \u2013 8 canales\"}]},{\"@type\":\"WebSite\",\"@id\":\"https:\\\/\\\/voss2000.com\\\/#website\",\"url\":\"https:\\\/\\\/voss2000.com\\\/\",\"name\":\"Voss2000\",\"description\":\"\",\"publisher\":{\"@id\":\"https:\\\/\\\/voss2000.com\\\/#organization\"},\"potentialAction\":[{\"@type\":\"SearchAction\",\"target\":{\"@type\":\"EntryPoint\",\"urlTemplate\":\"https:\\\/\\\/voss2000.com\\\/?s={search_term_string}\"},\"query-input\":{\"@type\":\"PropertyValueSpecification\",\"valueRequired\":true,\"valueName\":\"search_term_string\"}}],\"inLanguage\":\"en-GB\"},{\"@type\":\"Organization\",\"@id\":\"https:\\\/\\\/voss2000.com\\\/#organization\",\"name\":\"Voss2000\",\"url\":\"https:\\\/\\\/voss2000.com\\\/\",\"logo\":{\"@type\":\"ImageObject\",\"inLanguage\":\"en-GB\",\"@id\":\"https:\\\/\\\/voss2000.com\\\/#\\\/schema\\\/logo\\\/image\\\/\",\"url\":\"https:\\\/\\\/voss2000.com\\\/wp-content\\\/uploads\\\/2023\\\/08\\\/Logo.png\",\"contentUrl\":\"https:\\\/\\\/voss2000.com\\\/wp-content\\\/uploads\\\/2023\\\/08\\\/Logo.png\",\"width\":425,\"height\":292,\"caption\":\"Voss2000\"},\"image\":{\"@id\":\"https:\\\/\\\/voss2000.com\\\/#\\\/schema\\\/logo\\\/image\\\/\"}}]}<\/script>\n<!-- \/ Yoast SEO plugin. -->","yoast_head_json":{"title":"Grabador DVR SA-J08N \u2013 8 canales - Voss2000","description":"MODIFICAR","robots":{"index":"index","follow":"follow","max-snippet":"max-snippet:-1","max-image-preview":"max-image-preview:large","max-video-preview":"max-video-preview:-1"},"canonical":"https:\/\/voss2000.com\/en\/product\/grabador-dvr-sa-j08n-8-canales\/","og_locale":"en_GB","og_type":"article","og_title":"Grabador DVR SA-J08N \u2013 8 canales - Voss2000","og_description":"MODIFICAR","og_url":"https:\/\/voss2000.com\/en\/product\/grabador-dvr-sa-j08n-8-canales\/","og_site_name":"Voss2000","article_modified_time":"2025-11-11T16:56:47+00:00","og_image":[{"width":2560,"height":2560,"url":"https:\/\/voss2000.com\/wp-content\/uploads\/2025\/06\/voss-03-scaled.jpg","type":"image\/jpeg"}],"twitter_card":"summary_large_image","twitter_misc":{"Estimated reading time":"1 minute"},"schema":{"@context":"https:\/\/schema.org","@graph":[{"@type":"WebPage","@id":"https:\/\/voss2000.com\/producto\/grabador-dvr-sa-j08n-8-canales\/","url":"https:\/\/voss2000.com\/producto\/grabador-dvr-sa-j08n-8-canales\/","name":"Grabador DVR SA-J08N \u2013 8 canales - Voss2000","isPartOf":{"@id":"https:\/\/voss2000.com\/#website"},"primaryImageOfPage":{"@id":"https:\/\/voss2000.com\/producto\/grabador-dvr-sa-j08n-8-canales\/#primaryimage"},"image":{"@id":"https:\/\/voss2000.com\/producto\/grabador-dvr-sa-j08n-8-canales\/#primaryimage"},"thumbnailUrl":"https:\/\/voss2000.com\/wp-content\/uploads\/2025\/06\/voss-03-scaled.jpg","datePublished":"2025-06-03T16:10:51+00:00","dateModified":"2025-11-11T16:56:47+00:00","description":"MODIFICAR","breadcrumb":{"@id":"https:\/\/voss2000.com\/producto\/grabador-dvr-sa-j08n-8-canales\/#breadcrumb"},"inLanguage":"en-GB","potentialAction":[{"@type":"ReadAction","target":["https:\/\/voss2000.com\/producto\/grabador-dvr-sa-j08n-8-canales\/"]}]},{"@type":"ImageObject","inLanguage":"en-GB","@id":"https:\/\/voss2000.com\/producto\/grabador-dvr-sa-j08n-8-canales\/#primaryimage","url":"https:\/\/voss2000.com\/wp-content\/uploads\/2025\/06\/voss-03-scaled.jpg","contentUrl":"https:\/\/voss2000.com\/wp-content\/uploads\/2025\/06\/voss-03-scaled.jpg","width":2560,"height":2560},{"@type":"BreadcrumbList","@id":"https:\/\/voss2000.com\/producto\/grabador-dvr-sa-j08n-8-canales\/#breadcrumb","itemListElement":[{"@type":"ListItem","position":1,"name":"Portada","item":"https:\/\/voss2000.com\/"},{"@type":"ListItem","position":2,"name":"Shop","item":"https:\/\/voss2000.com\/en\/shop\/"},{"@type":"ListItem","position":3,"name":"Grabador DVR SA-J08N \u2013 8 canales"}]},{"@type":"WebSite","@id":"https:\/\/voss2000.com\/#website","url":"https:\/\/voss2000.com\/","name":"Voss2000","description":"","publisher":{"@id":"https:\/\/voss2000.com\/#organization"},"potentialAction":[{"@type":"SearchAction","target":{"@type":"EntryPoint","urlTemplate":"https:\/\/voss2000.com\/?s={search_term_string}"},"query-input":{"@type":"PropertyValueSpecification","valueRequired":true,"valueName":"search_term_string"}}],"inLanguage":"en-GB"},{"@type":"Organization","@id":"https:\/\/voss2000.com\/#organization","name":"Voss2000","url":"https:\/\/voss2000.com\/","logo":{"@type":"ImageObject","inLanguage":"en-GB","@id":"https:\/\/voss2000.com\/#\/schema\/logo\/image\/","url":"https:\/\/voss2000.com\/wp-content\/uploads\/2023\/08\/Logo.png","contentUrl":"https:\/\/voss2000.com\/wp-content\/uploads\/2023\/08\/Logo.png","width":425,"height":292,"caption":"Voss2000"},"image":{"@id":"https:\/\/voss2000.com\/#\/schema\/logo\/image\/"}}]}},"_links":{"self":[{"href":"https:\/\/voss2000.com\/en\/wp-json\/wp\/v2\/product\/2234","targetHints":{"allow":["GET"]}}],"collection":[{"href":"https:\/\/voss2000.com\/en\/wp-json\/wp\/v2\/product"}],"about":[{"href":"https:\/\/voss2000.com\/en\/wp-json\/wp\/v2\/types\/product"}],"replies":[{"embeddable":true,"href":"https:\/\/voss2000.com\/en\/wp-json\/wp\/v2\/comments?post=2234"}],"wp:featuredmedia":[{"embeddable":true,"href":"https:\/\/voss2000.com\/en\/wp-json\/wp\/v2\/media\/2256"}],"wp:attachment":[{"href":"https:\/\/voss2000.com\/en\/wp-json\/wp\/v2\/media?parent=2234"}],"wp:term":[{"taxonomy":"product_brand","embeddable":true,"href":"https:\/\/voss2000.com\/en\/wp-json\/wp\/v2\/product_brand?post=2234"},{"taxonomy":"product_cat","embeddable":true,"href":"https:\/\/voss2000.com\/en\/wp-json\/wp\/v2\/product_cat?post=2234"},{"taxonomy":"product_tag","embeddable":true,"href":"https:\/\/voss2000.com\/en\/wp-json\/wp\/v2\/product_tag?post=2234"}],"curies":[{"name":"wp","href":"https:\/\/api.w.org\/{rel}","templated":true}]}}