{"id":2232,"date":"2025-06-03T13:01:01","date_gmt":"2025-06-03T16:01:01","guid":{"rendered":"https:\/\/voss2000.com\/?post_type=product&#038;p=2232"},"modified":"2025-11-11T13:55:22","modified_gmt":"2025-11-11T16:55:22","slug":"grabador-hibrido-sa-v08h-8-canales","status":"publish","type":"product","link":"https:\/\/voss2000.com\/en\/product\/grabador-hibrido-sa-v08h-8-canales\/","title":{"rendered":"Grabador H\u00edbrido SA-V08H \u2013 8 canales"},"content":{"rendered":"<h4>Especificaciones:<\/h4>\n<ul>\n<li data-start=\"991\" data-end=\"1080\">\n<p data-start=\"993\" data-end=\"1007\"><strong data-start=\"993\" data-end=\"1005\">Sistema:<\/strong><\/p>\n<ul data-start=\"1010\" data-end=\"1080\">\n<li data-start=\"1010\" data-end=\"1047\">\n<p data-start=\"1012\" data-end=\"1047\">Sistema operativo: Linux embebido<\/p>\n<\/li>\n<li data-start=\"1050\" data-end=\"1080\">\n<p data-start=\"1052\" data-end=\"1080\">Compresi\u00f3n de video: H.264<\/p>\n<\/li>\n<\/ul>\n<\/li>\n<li data-start=\"1082\" data-end=\"1348\">\n<p data-start=\"1084\" data-end=\"1096\"><strong data-start=\"1084\" data-end=\"1094\">Video:<\/strong><\/p>\n<ul data-start=\"1099\" data-end=\"1348\">\n<li data-start=\"1099\" data-end=\"1323\">\n<p data-start=\"1101\" data-end=\"1112\">Entradas:<\/p>\n<ul data-start=\"1117\" data-end=\"1323\">\n<li data-start=\"1117\" data-end=\"1180\">\n<p data-start=\"1119\" data-end=\"1180\"><strong data-start=\"1119\" data-end=\"1138\">Modo Anal\u00f3gico:<\/strong> 8 canales 1080P (25fps) o 1080N (25fps)<\/p>\n<\/li>\n<li data-start=\"1185\" data-end=\"1245\">\n<p data-start=\"1187\" data-end=\"1245\"><strong data-start=\"1187\" data-end=\"1202\">Modo Mixto:<\/strong> 4 canales AHD 1080P + 4 canales IP 1080P<\/p>\n<\/li>\n<li data-start=\"1250\" data-end=\"1323\">\n<p data-start=\"1252\" data-end=\"1323\"><strong data-start=\"1252\" data-end=\"1264\">Modo IP:<\/strong> hasta 8 c\u00e1maras 1080P \/ 16 c\u00e1maras 960P \/ 4 de 3MP o 5MP<\/p>\n<\/li>\n<\/ul>\n<\/li>\n<li data-start=\"1326\" data-end=\"1348\">\n<p data-start=\"1328\" data-end=\"1348\">Salida VGA: 1\u00d7 VGA<\/p>\n<\/li>\n<\/ul>\n<\/li>\n<li data-start=\"1350\" data-end=\"1438\">\n<p data-start=\"1352\" data-end=\"1364\"><strong data-start=\"1352\" data-end=\"1362\">Audio:<\/strong><\/p>\n<ul data-start=\"1367\" data-end=\"1438\">\n<li data-start=\"1367\" data-end=\"1394\">\n<p data-start=\"1369\" data-end=\"1394\">Entradas: 4 canales RCA<\/p>\n<\/li>\n<li data-start=\"1397\" data-end=\"1438\">\n<p data-start=\"1399\" data-end=\"1438\">Salida: 1 canal RCA (200-2000mv, 1k\u03a9)<\/p>\n<\/li>\n<\/ul>\n<\/li>\n<li data-start=\"1440\" data-end=\"1678\">\n<p data-start=\"1442\" data-end=\"1473\"><strong data-start=\"1442\" data-end=\"1471\">Grabaci\u00f3n y Reproducci\u00f3n:<\/strong><\/p>\n<ul data-start=\"1476\" data-end=\"1678\">\n<li data-start=\"1476\" data-end=\"1509\">\n<p data-start=\"1478\" data-end=\"1509\">Resoluci\u00f3n: 1080P (1920\u00d71080)<\/p>\n<\/li>\n<li data-start=\"1512\" data-end=\"1594\">\n<p data-start=\"1514\" data-end=\"1594\">Modos de grabaci\u00f3n: Manual, por alarma, detecci\u00f3n de movimiento y programaci\u00f3n<\/p>\n<\/li>\n<li data-start=\"1597\" data-end=\"1678\">\n<p data-start=\"1599\" data-end=\"1614\">Reproducci\u00f3n:<\/p>\n<ul data-start=\"1619\" data-end=\"1678\">\n<li data-start=\"1619\" data-end=\"1646\">\n<p data-start=\"1621\" data-end=\"1646\">4 canales AHD-H (12fps)<\/p>\n<\/li>\n<li data-start=\"1651\" data-end=\"1678\">\n<p data-start=\"1653\" data-end=\"1678\">8 canales 1080N (25fps)<\/p>\n<\/li>\n<\/ul>\n<\/li>\n<\/ul>\n<\/li>\n<li data-start=\"1680\" data-end=\"1933\">\n<p data-start=\"1682\" data-end=\"1709\"><strong data-start=\"1682\" data-end=\"1707\">Red y gesti\u00f3n remota:<\/strong><\/p>\n<ul data-start=\"1712\" data-end=\"1933\">\n<li data-start=\"1712\" data-end=\"1743\">\n<p data-start=\"1714\" data-end=\"1743\">Puerto de red: RJ45 10\/100M<\/p>\n<\/li>\n<li data-start=\"1746\" data-end=\"1810\">\n<p data-start=\"1748\" data-end=\"1810\">Protocolos: TCP, DNS, DDNS, FTP, SMTP, 3G, PPPOE, Email, P2P<\/p>\n<\/li>\n<li data-start=\"1813\" data-end=\"1886\">\n<p data-start=\"1815\" data-end=\"1886\">Acceso remoto: navegador, CMS, monitoreo remoto y software de gesti\u00f3n<\/p>\n<\/li>\n<li data-start=\"1889\" data-end=\"1933\">\n<p data-start=\"1891\" data-end=\"1933\">Soporta WiFi y 3G mediante expansi\u00f3n USB<\/p>\n<\/li>\n<\/ul>\n<\/li>\n<li data-start=\"1935\" data-end=\"2185\">\n<p data-start=\"1937\" data-end=\"1968\"><strong data-start=\"1937\" data-end=\"1966\">Almacenamiento y puertos:<\/strong><\/p>\n<ul data-start=\"1971\" data-end=\"2185\">\n<li data-start=\"1971\" data-end=\"2012\">\n<p data-start=\"1973\" data-end=\"2012\">Disco duro: 1 puerto SATA (hasta 6TB)<\/p>\n<\/li>\n<li data-start=\"2015\" data-end=\"2042\">\n<p data-start=\"2017\" data-end=\"2042\">Puertos USB: 2\u00d7 USB 2.0<\/p>\n<\/li>\n<li data-start=\"2045\" data-end=\"2112\">\n<p data-start=\"2047\" data-end=\"2112\">Control PTZ: 1 puerto RS485 compatible con m\u00faltiples protocolos<\/p>\n<\/li>\n<li data-start=\"2115\" data-end=\"2185\">\n<p data-start=\"2117\" data-end=\"2185\">Gesti\u00f3n de usuarios: crear, modificar, eliminar y asignar permisos<\/p>\n<\/li>\n<\/ul>\n<\/li>\n<li data-start=\"2187\" data-end=\"2383\">\n<p data-start=\"2189\" data-end=\"2201\"><strong data-start=\"2189\" data-end=\"2199\">Otros:<\/strong><\/p>\n<ul data-start=\"2204\" data-end=\"2383\">\n<li data-start=\"2204\" data-end=\"2233\">\n<p data-start=\"2206\" data-end=\"2233\">Alimentaci\u00f3n: DC 12V \/ 2A<\/p>\n<\/li>\n<li data-start=\"2236\" data-end=\"2268\">\n<p data-start=\"2238\" data-end=\"2268\">Consumo: m\u00e1x. 7W (sin disco)<\/p>\n<\/li>\n<li data-start=\"2271\" data-end=\"2305\">\n<p data-start=\"2273\" data-end=\"2305\">Dimensiones: 238 \u00d7 237 \u00d7 44 mm<\/p>\n<\/li>\n<li data-start=\"2308\" data-end=\"2383\">\n<p data-start=\"2310\" data-end=\"2383\">Condiciones de operaci\u00f3n: -10\u00b0C ~ 55\u00b0C \/ Humedad \u2264 95% (sin condensaci\u00f3n)<\/p>\n<\/li>\n<\/ul>\n<\/li>\n<\/ul>","protected":false},"excerpt":{"rendered":"<article class=\"text-token-text-primary w-full\" dir=\"auto\" data-testid=\"conversation-turn-22\" data-scroll-anchor=\"true\">\n<div class=\"text-base my-auto mx-auto py-5 [--thread-content-margin:--spacing(4)] @[37rem]:[--thread-content-margin:--spacing(6)] @[72rem]:[--thread-content-margin:--spacing(16)] px-(--thread-content-margin)\">\n<div class=\"[--thread-content-max-width:32rem] @[34rem]:[--thread-content-max-width:40rem] @[64rem]:[--thread-content-max-width:48rem] mx-auto flex max-w-(--thread-content-max-width) flex-1 text-base gap-4 md:gap-5 lg:gap-6 group\/turn-messages focus-visible:outline-hidden\" tabindex=\"-1\">\n<div class=\"group\/conversation-turn relative flex w-full min-w-0 flex-col agent-turn\">\n<div class=\"relative flex-col gap-1 md:gap-3\">\n<div class=\"flex max-w-full flex-col grow\">\n<div class=\"min-h-8 text-message relative flex w-full flex-col items-end gap-2 text-start break-words whitespace-normal [.text-message+&amp;]:mt-5\" dir=\"auto\" data-message-author-role=\"assistant\" data-message-id=\"52130ac4-a68f-40df-920c-bfc8b67075f5\" data-message-model-slug=\"gpt-4o\">\n<div class=\"flex w-full flex-col gap-1 empty:hidden first:pt-[3px]\">\n<div class=\"markdown prose dark:prose-invert w-full break-words light\">\n<article class=\"text-token-text-primary w-full\" dir=\"auto\" data-testid=\"conversation-turn-24\" data-scroll-anchor=\"true\">\n<div class=\"text-base my-auto mx-auto py-5 [--thread-content-margin:--spacing(4)] @[37rem]:[--thread-content-margin:--spacing(6)] @[72rem]:[--thread-content-margin:--spacing(16)] px-(--thread-content-margin)\">\n<div class=\"[--thread-content-max-width:32rem] @[34rem]:[--thread-content-max-width:40rem] @[64rem]:[--thread-content-max-width:48rem] mx-auto flex max-w-(--thread-content-max-width) flex-1 text-base gap-4 md:gap-5 lg:gap-6 group\/turn-messages focus-visible:outline-hidden\" tabindex=\"-1\">\n<div class=\"group\/conversation-turn relative flex w-full min-w-0 flex-col agent-turn\">\n<div class=\"relative flex-col gap-1 md:gap-3\">\n<div class=\"flex max-w-full flex-col grow\">\n<div class=\"min-h-8 text-message relative flex w-full flex-col items-end gap-2 text-start break-words whitespace-normal [.text-message+&amp;]:mt-5\" dir=\"auto\" data-message-author-role=\"assistant\" data-message-id=\"8323766f-1e9d-4366-95d3-f4408495cfe5\" data-message-model-slug=\"gpt-4o\">\n<div class=\"flex w-full flex-col gap-1 empty:hidden first:pt-[3px]\">\n<div class=\"markdown prose dark:prose-invert w-full break-words light\">\n<article class=\"text-token-text-primary w-full\" dir=\"auto\" data-testid=\"conversation-turn-28\" data-scroll-anchor=\"true\">\n<div class=\"text-base my-auto mx-auto py-5 [--thread-content-margin:--spacing(4)] @[37rem]:[--thread-content-margin:--spacing(6)] @[72rem]:[--thread-content-margin:--spacing(16)] px-(--thread-content-margin)\">\n<div class=\"[--thread-content-max-width:32rem] @[34rem]:[--thread-content-max-width:40rem] @[64rem]:[--thread-content-max-width:48rem] mx-auto flex max-w-(--thread-content-max-width) flex-1 text-base gap-4 md:gap-5 lg:gap-6 group\/turn-messages focus-visible:outline-hidden\" tabindex=\"-1\">\n<div class=\"group\/conversation-turn relative flex w-full min-w-0 flex-col agent-turn\">\n<div class=\"relative flex-col gap-1 md:gap-3\">\n<div class=\"flex max-w-full flex-col grow\">\n<div class=\"min-h-8 text-message relative flex w-full flex-col items-end gap-2 text-start break-words whitespace-normal [.text-message+&amp;]:mt-5\" dir=\"auto\" data-message-author-role=\"assistant\" data-message-id=\"eabeb2b4-9554-4389-8629-d69cf214e838\" data-message-model-slug=\"gpt-4o\">\n<div class=\"flex w-full flex-col gap-1 empty:hidden first:pt-[3px]\">\n<div class=\"markdown prose dark:prose-invert w-full break-words light\">\n<article class=\"text-token-text-primary w-full\" dir=\"auto\" data-testid=\"conversation-turn-32\" data-scroll-anchor=\"true\">\n<div class=\"text-base my-auto mx-auto py-5 [--thread-content-margin:--spacing(4)] @[37rem]:[--thread-content-margin:--spacing(6)] @[72rem]:[--thread-content-margin:--spacing(16)] px-(--thread-content-margin)\">\n<div class=\"[--thread-content-max-width:32rem] @[34rem]:[--thread-content-max-width:40rem] @[64rem]:[--thread-content-max-width:48rem] mx-auto flex max-w-(--thread-content-max-width) flex-1 text-base gap-4 md:gap-5 lg:gap-6 group\/turn-messages focus-visible:outline-hidden\" tabindex=\"-1\">\n<div class=\"group\/conversation-turn relative flex w-full min-w-0 flex-col agent-turn\">\n<div class=\"relative flex-col gap-1 md:gap-3\">\n<div class=\"flex max-w-full flex-col grow\">\n<div class=\"min-h-8 text-message relative flex w-full flex-col items-end gap-2 text-start break-words whitespace-normal [.text-message+&amp;]:mt-5\" dir=\"auto\" data-message-author-role=\"assistant\" data-message-id=\"5dc8096a-2aa2-4286-b3e7-6504814fb42b\" data-message-model-slug=\"gpt-4o\">\n<div class=\"flex w-full flex-col gap-1 empty:hidden first:pt-[3px]\">\n<div class=\"markdown prose dark:prose-invert w-full break-words light\">\n<article class=\"text-token-text-primary w-full\" dir=\"auto\" data-testid=\"conversation-turn-34\" data-scroll-anchor=\"true\">\n<div class=\"text-base my-auto mx-auto py-5 [--thread-content-margin:--spacing(4)] @[37rem]:[--thread-content-margin:--spacing(6)] @[72rem]:[--thread-content-margin:--spacing(16)] px-(--thread-content-margin)\">\n<div class=\"[--thread-content-max-width:32rem] @[34rem]:[--thread-content-max-width:40rem] @[64rem]:[--thread-content-max-width:48rem] mx-auto flex max-w-(--thread-content-max-width) flex-1 text-base gap-4 md:gap-5 lg:gap-6 group\/turn-messages focus-visible:outline-hidden\" tabindex=\"-1\">\n<div class=\"group\/conversation-turn relative flex w-full min-w-0 flex-col agent-turn\">\n<div class=\"relative flex-col gap-1 md:gap-3\">\n<div class=\"flex max-w-full flex-col grow\">\n<div class=\"min-h-8 text-message relative flex w-full flex-col items-end gap-2 text-start break-words whitespace-normal [.text-message+&amp;]:mt-5\" dir=\"auto\" data-message-author-role=\"assistant\" data-message-id=\"925f4b14-0c9d-469c-a1e8-92c93b4be721\" data-message-model-slug=\"gpt-4o\">\n<div class=\"flex w-full flex-col gap-1 empty:hidden first:pt-[3px]\">\n<div class=\"markdown prose dark:prose-invert w-full break-words light\">\n<article class=\"text-token-text-primary w-full\" dir=\"auto\" data-testid=\"conversation-turn-36\" data-scroll-anchor=\"true\">\n<div class=\"text-base my-auto mx-auto py-5 [--thread-content-margin:--spacing(4)] @[37rem]:[--thread-content-margin:--spacing(6)] @[72rem]:[--thread-content-margin:--spacing(16)] px-(--thread-content-margin)\">\n<div class=\"[--thread-content-max-width:32rem] @[34rem]:[--thread-content-max-width:40rem] @[64rem]:[--thread-content-max-width:48rem] mx-auto flex max-w-(--thread-content-max-width) flex-1 text-base gap-4 md:gap-5 lg:gap-6 group\/turn-messages focus-visible:outline-hidden\" tabindex=\"-1\">\n<div class=\"group\/conversation-turn relative flex w-full min-w-0 flex-col agent-turn\">\n<div class=\"relative flex-col gap-1 md:gap-3\">\n<div class=\"flex max-w-full flex-col grow\">\n<div class=\"min-h-8 text-message relative flex w-full flex-col items-end gap-2 text-start break-words whitespace-normal [.text-message+&amp;]:mt-5\" dir=\"auto\" data-message-author-role=\"assistant\" data-message-id=\"c9f038e1-d318-4f01-b532-b9bca5dfa583\" data-message-model-slug=\"gpt-4o\">\n<div class=\"flex w-full flex-col gap-1 empty:hidden first:pt-[3px]\">\n<div class=\"markdown prose dark:prose-invert w-full break-words light\">\n<p data-start=\"106\" data-end=\"439\">Grabador h\u00edbrido de 8 canales compatible con c\u00e1maras anal\u00f3gicas AHD y c\u00e1maras IP, con salida Full HD 1080P. Soporta monitoreo m\u00f3vil, m\u00faltiples navegadores web y tecnolog\u00eda XM Cloud para acceso remoto sencillo sin configuraciones complicadas. Ideal para sistemas de seguridad vers\u00e1tiles y eficientes.<\/p>\n<\/div>\n<\/div>\n<\/div>\n<\/div>\n<div class=\"flex justify-start\">\n<div class=\"touch:-me-2 touch:-ms-3.5 -ms-2.5 -me-1 flex items-center p-1 select-none -mt-1 duration-[1.5s] focus-within:transition-none hover:transition-none pointer-events-none [mask-image:linear-gradient(to_right,black_33%,transparent_66%)] [mask-size:300%_100%] [mask-position:100%_0%] motion-safe:transition-[mask-position] group-hover\/turn-messages:pointer-events-auto group-hover\/turn-messages:[mask-position:0_0] group-focus-within\/turn-messages:pointer-events-auto group-focus-within\/turn-messages:[mask-position:0_0] has-data-[state=open]:pointer-events-auto has-data-[state=open]:[mask-position:0_0]\">\n<div class=\"flex items-center\"><strong>\u26a0\ufe0f <em data-start=\"289\" data-end=\"386\">Te recomendamos revisar bien tu compra, ya que este art\u00edculo no admite cambios ni devoluciones.<\/em><\/strong><\/div>\n<\/div>\n<\/div>\n<div class=\"mt-3 w-full empty:hidden\">\n<div class=\"text-center\"><\/div>\n<\/div>\n<\/div>\n<div class=\"absolute\">\n<div class=\"flex items-center justify-center\"><\/div>\n<\/div>\n<\/div>\n<\/div>\n<\/div>\n<\/article>\n<div class=\"pointer-events-none h-px w-px\" aria-hidden=\"true\" data-edge=\"true\"><\/div>\n<\/div>\n<\/div>\n<\/div>\n<\/div>\n<div class=\"flex justify-start\">\n<div class=\"touch:-me-2 touch:-ms-3.5 -ms-2.5 -me-1 flex items-center p-1 select-none -mt-1 duration-[1.5s] focus-within:transition-none hover:transition-none pointer-events-none [mask-image:linear-gradient(to_right,black_33%,transparent_66%)] [mask-size:300%_100%] [mask-position:100%_0%] motion-safe:transition-[mask-position] group-hover\/turn-messages:pointer-events-auto group-hover\/turn-messages:[mask-position:0_0] group-focus-within\/turn-messages:pointer-events-auto group-focus-within\/turn-messages:[mask-position:0_0] has-data-[state=open]:pointer-events-auto has-data-[state=open]:[mask-position:0_0]\">\n<div class=\"flex items-center\"><\/div>\n<\/div>\n<\/div>\n<div class=\"mt-3 w-full empty:hidden\">\n<div class=\"text-center\"><\/div>\n<\/div>\n<\/div>\n<div class=\"absolute\">\n<div class=\"flex items-center justify-center\"><\/div>\n<\/div>\n<\/div>\n<\/div>\n<\/div>\n<\/article>\n<div class=\"pointer-events-none h-px w-px\" aria-hidden=\"true\" data-edge=\"true\"><\/div>\n<\/div>\n<\/div>\n<\/div>\n<\/div>\n<\/div>\n<\/div>\n<\/div>\n<\/div>\n<\/article>\n<\/div>\n<\/div>\n<\/div>\n<\/div>\n<\/div>\n<\/div>\n<\/div>\n<\/div>\n<\/article>\n<\/div>\n<\/div>\n<\/div>\n<\/div>\n<\/div>\n<div class=\"absolute\">\n<div class=\"flex items-center justify-center\"><\/div>\n<\/div>\n<\/div>\n<\/div>\n<\/div>\n<\/article>\n<div class=\"pointer-events-none h-px w-px\" aria-hidden=\"true\" data-edge=\"true\"><\/div>\n<\/div>\n<\/div>\n<\/div>\n<\/div>\n<\/div>\n<div class=\"absolute\">\n<div class=\"flex items-center justify-center\"><\/div>\n<\/div>\n<\/div>\n<\/div>\n<\/div>\n<\/article>\n<div class=\"pointer-events-none h-px w-px\" aria-hidden=\"true\" data-edge=\"true\"><\/div>\n","protected":false},"featured_media":2255,"comment_status":"open","ping_status":"closed","template":"","meta":{"_joinchat":[]},"product_brand":[],"product_cat":[157,163],"product_tag":[],"class_list":{"0":"post-2232","1":"product","2":"type-product","3":"status-publish","4":"has-post-thumbnail","6":"product_cat-electronica","7":"product_cat-grabadoras-ahd-dvr","9":"first","10":"instock","11":"shipping-taxable","12":"purchasable","13":"product-type-simple"},"yoast_head":"<!-- This site is optimized with the Yoast SEO plugin v27.3 - https:\/\/yoast.com\/product\/yoast-seo-wordpress\/ -->\n<title>Grabador H\u00edbrido SA-V08H \u2013 8 canales - Voss2000<\/title>\n<meta name=\"description\" content=\"MODIFICAR\" \/>\n<meta name=\"robots\" content=\"index, follow, max-snippet:-1, max-image-preview:large, max-video-preview:-1\" \/>\n<link rel=\"canonical\" href=\"https:\/\/voss2000.com\/en\/product\/grabador-hibrido-sa-v08h-8-canales\/\" \/>\n<meta property=\"og:locale\" content=\"en_GB\" \/>\n<meta property=\"og:type\" content=\"article\" \/>\n<meta property=\"og:title\" content=\"Grabador H\u00edbrido SA-V08H \u2013 8 canales - Voss2000\" \/>\n<meta property=\"og:description\" content=\"MODIFICAR\" \/>\n<meta property=\"og:url\" content=\"https:\/\/voss2000.com\/en\/product\/grabador-hibrido-sa-v08h-8-canales\/\" \/>\n<meta property=\"og:site_name\" content=\"Voss2000\" \/>\n<meta property=\"article:modified_time\" content=\"2025-11-11T16:55:22+00:00\" \/>\n<meta property=\"og:image\" content=\"https:\/\/voss2000.com\/wp-content\/uploads\/2025\/06\/voss-02-scaled.jpg\" \/>\n\t<meta property=\"og:image:width\" content=\"2560\" \/>\n\t<meta property=\"og:image:height\" content=\"2560\" \/>\n\t<meta property=\"og:image:type\" content=\"image\/jpeg\" \/>\n<meta name=\"twitter:card\" content=\"summary_large_image\" \/>\n<meta name=\"twitter:label1\" content=\"Estimated reading time\" \/>\n\t<meta name=\"twitter:data1\" content=\"2 minutes\" \/>\n<script type=\"application\/ld+json\" class=\"yoast-schema-graph\">{\"@context\":\"https:\\\/\\\/schema.org\",\"@graph\":[{\"@type\":\"WebPage\",\"@id\":\"https:\\\/\\\/voss2000.com\\\/producto\\\/grabador-hibrido-sa-v08h-8-canales\\\/\",\"url\":\"https:\\\/\\\/voss2000.com\\\/producto\\\/grabador-hibrido-sa-v08h-8-canales\\\/\",\"name\":\"Grabador H\u00edbrido SA-V08H \u2013 8 canales - Voss2000\",\"isPartOf\":{\"@id\":\"https:\\\/\\\/voss2000.com\\\/#website\"},\"primaryImageOfPage\":{\"@id\":\"https:\\\/\\\/voss2000.com\\\/producto\\\/grabador-hibrido-sa-v08h-8-canales\\\/#primaryimage\"},\"image\":{\"@id\":\"https:\\\/\\\/voss2000.com\\\/producto\\\/grabador-hibrido-sa-v08h-8-canales\\\/#primaryimage\"},\"thumbnailUrl\":\"https:\\\/\\\/voss2000.com\\\/wp-content\\\/uploads\\\/2025\\\/06\\\/voss-02-scaled.jpg\",\"datePublished\":\"2025-06-03T16:01:01+00:00\",\"dateModified\":\"2025-11-11T16:55:22+00:00\",\"description\":\"MODIFICAR\",\"breadcrumb\":{\"@id\":\"https:\\\/\\\/voss2000.com\\\/producto\\\/grabador-hibrido-sa-v08h-8-canales\\\/#breadcrumb\"},\"inLanguage\":\"en-GB\",\"potentialAction\":[{\"@type\":\"ReadAction\",\"target\":[\"https:\\\/\\\/voss2000.com\\\/producto\\\/grabador-hibrido-sa-v08h-8-canales\\\/\"]}]},{\"@type\":\"ImageObject\",\"inLanguage\":\"en-GB\",\"@id\":\"https:\\\/\\\/voss2000.com\\\/producto\\\/grabador-hibrido-sa-v08h-8-canales\\\/#primaryimage\",\"url\":\"https:\\\/\\\/voss2000.com\\\/wp-content\\\/uploads\\\/2025\\\/06\\\/voss-02-scaled.jpg\",\"contentUrl\":\"https:\\\/\\\/voss2000.com\\\/wp-content\\\/uploads\\\/2025\\\/06\\\/voss-02-scaled.jpg\",\"width\":2560,\"height\":2560},{\"@type\":\"BreadcrumbList\",\"@id\":\"https:\\\/\\\/voss2000.com\\\/producto\\\/grabador-hibrido-sa-v08h-8-canales\\\/#breadcrumb\",\"itemListElement\":[{\"@type\":\"ListItem\",\"position\":1,\"name\":\"Portada\",\"item\":\"https:\\\/\\\/voss2000.com\\\/\"},{\"@type\":\"ListItem\",\"position\":2,\"name\":\"Shop\",\"item\":\"https:\\\/\\\/voss2000.com\\\/en\\\/shop\\\/\"},{\"@type\":\"ListItem\",\"position\":3,\"name\":\"Grabador H\u00edbrido SA-V08H \u2013 8 canales\"}]},{\"@type\":\"WebSite\",\"@id\":\"https:\\\/\\\/voss2000.com\\\/#website\",\"url\":\"https:\\\/\\\/voss2000.com\\\/\",\"name\":\"Voss2000\",\"description\":\"\",\"publisher\":{\"@id\":\"https:\\\/\\\/voss2000.com\\\/#organization\"},\"potentialAction\":[{\"@type\":\"SearchAction\",\"target\":{\"@type\":\"EntryPoint\",\"urlTemplate\":\"https:\\\/\\\/voss2000.com\\\/?s={search_term_string}\"},\"query-input\":{\"@type\":\"PropertyValueSpecification\",\"valueRequired\":true,\"valueName\":\"search_term_string\"}}],\"inLanguage\":\"en-GB\"},{\"@type\":\"Organization\",\"@id\":\"https:\\\/\\\/voss2000.com\\\/#organization\",\"name\":\"Voss2000\",\"url\":\"https:\\\/\\\/voss2000.com\\\/\",\"logo\":{\"@type\":\"ImageObject\",\"inLanguage\":\"en-GB\",\"@id\":\"https:\\\/\\\/voss2000.com\\\/#\\\/schema\\\/logo\\\/image\\\/\",\"url\":\"https:\\\/\\\/voss2000.com\\\/wp-content\\\/uploads\\\/2023\\\/08\\\/Logo.png\",\"contentUrl\":\"https:\\\/\\\/voss2000.com\\\/wp-content\\\/uploads\\\/2023\\\/08\\\/Logo.png\",\"width\":425,\"height\":292,\"caption\":\"Voss2000\"},\"image\":{\"@id\":\"https:\\\/\\\/voss2000.com\\\/#\\\/schema\\\/logo\\\/image\\\/\"}}]}<\/script>\n<!-- \/ Yoast SEO plugin. -->","yoast_head_json":{"title":"Grabador H\u00edbrido SA-V08H \u2013 8 canales - Voss2000","description":"MODIFICAR","robots":{"index":"index","follow":"follow","max-snippet":"max-snippet:-1","max-image-preview":"max-image-preview:large","max-video-preview":"max-video-preview:-1"},"canonical":"https:\/\/voss2000.com\/en\/product\/grabador-hibrido-sa-v08h-8-canales\/","og_locale":"en_GB","og_type":"article","og_title":"Grabador H\u00edbrido SA-V08H \u2013 8 canales - Voss2000","og_description":"MODIFICAR","og_url":"https:\/\/voss2000.com\/en\/product\/grabador-hibrido-sa-v08h-8-canales\/","og_site_name":"Voss2000","article_modified_time":"2025-11-11T16:55:22+00:00","og_image":[{"width":2560,"height":2560,"url":"https:\/\/voss2000.com\/wp-content\/uploads\/2025\/06\/voss-02-scaled.jpg","type":"image\/jpeg"}],"twitter_card":"summary_large_image","twitter_misc":{"Estimated reading time":"2 minutes"},"schema":{"@context":"https:\/\/schema.org","@graph":[{"@type":"WebPage","@id":"https:\/\/voss2000.com\/producto\/grabador-hibrido-sa-v08h-8-canales\/","url":"https:\/\/voss2000.com\/producto\/grabador-hibrido-sa-v08h-8-canales\/","name":"Grabador H\u00edbrido SA-V08H \u2013 8 canales - Voss2000","isPartOf":{"@id":"https:\/\/voss2000.com\/#website"},"primaryImageOfPage":{"@id":"https:\/\/voss2000.com\/producto\/grabador-hibrido-sa-v08h-8-canales\/#primaryimage"},"image":{"@id":"https:\/\/voss2000.com\/producto\/grabador-hibrido-sa-v08h-8-canales\/#primaryimage"},"thumbnailUrl":"https:\/\/voss2000.com\/wp-content\/uploads\/2025\/06\/voss-02-scaled.jpg","datePublished":"2025-06-03T16:01:01+00:00","dateModified":"2025-11-11T16:55:22+00:00","description":"MODIFICAR","breadcrumb":{"@id":"https:\/\/voss2000.com\/producto\/grabador-hibrido-sa-v08h-8-canales\/#breadcrumb"},"inLanguage":"en-GB","potentialAction":[{"@type":"ReadAction","target":["https:\/\/voss2000.com\/producto\/grabador-hibrido-sa-v08h-8-canales\/"]}]},{"@type":"ImageObject","inLanguage":"en-GB","@id":"https:\/\/voss2000.com\/producto\/grabador-hibrido-sa-v08h-8-canales\/#primaryimage","url":"https:\/\/voss2000.com\/wp-content\/uploads\/2025\/06\/voss-02-scaled.jpg","contentUrl":"https:\/\/voss2000.com\/wp-content\/uploads\/2025\/06\/voss-02-scaled.jpg","width":2560,"height":2560},{"@type":"BreadcrumbList","@id":"https:\/\/voss2000.com\/producto\/grabador-hibrido-sa-v08h-8-canales\/#breadcrumb","itemListElement":[{"@type":"ListItem","position":1,"name":"Portada","item":"https:\/\/voss2000.com\/"},{"@type":"ListItem","position":2,"name":"Shop","item":"https:\/\/voss2000.com\/en\/shop\/"},{"@type":"ListItem","position":3,"name":"Grabador H\u00edbrido SA-V08H \u2013 8 canales"}]},{"@type":"WebSite","@id":"https:\/\/voss2000.com\/#website","url":"https:\/\/voss2000.com\/","name":"Voss2000","description":"","publisher":{"@id":"https:\/\/voss2000.com\/#organization"},"potentialAction":[{"@type":"SearchAction","target":{"@type":"EntryPoint","urlTemplate":"https:\/\/voss2000.com\/?s={search_term_string}"},"query-input":{"@type":"PropertyValueSpecification","valueRequired":true,"valueName":"search_term_string"}}],"inLanguage":"en-GB"},{"@type":"Organization","@id":"https:\/\/voss2000.com\/#organization","name":"Voss2000","url":"https:\/\/voss2000.com\/","logo":{"@type":"ImageObject","inLanguage":"en-GB","@id":"https:\/\/voss2000.com\/#\/schema\/logo\/image\/","url":"https:\/\/voss2000.com\/wp-content\/uploads\/2023\/08\/Logo.png","contentUrl":"https:\/\/voss2000.com\/wp-content\/uploads\/2023\/08\/Logo.png","width":425,"height":292,"caption":"Voss2000"},"image":{"@id":"https:\/\/voss2000.com\/#\/schema\/logo\/image\/"}}]}},"_links":{"self":[{"href":"https:\/\/voss2000.com\/en\/wp-json\/wp\/v2\/product\/2232","targetHints":{"allow":["GET"]}}],"collection":[{"href":"https:\/\/voss2000.com\/en\/wp-json\/wp\/v2\/product"}],"about":[{"href":"https:\/\/voss2000.com\/en\/wp-json\/wp\/v2\/types\/product"}],"replies":[{"embeddable":true,"href":"https:\/\/voss2000.com\/en\/wp-json\/wp\/v2\/comments?post=2232"}],"wp:featuredmedia":[{"embeddable":true,"href":"https:\/\/voss2000.com\/en\/wp-json\/wp\/v2\/media\/2255"}],"wp:attachment":[{"href":"https:\/\/voss2000.com\/en\/wp-json\/wp\/v2\/media?parent=2232"}],"wp:term":[{"taxonomy":"product_brand","embeddable":true,"href":"https:\/\/voss2000.com\/en\/wp-json\/wp\/v2\/product_brand?post=2232"},{"taxonomy":"product_cat","embeddable":true,"href":"https:\/\/voss2000.com\/en\/wp-json\/wp\/v2\/product_cat?post=2232"},{"taxonomy":"product_tag","embeddable":true,"href":"https:\/\/voss2000.com\/en\/wp-json\/wp\/v2\/product_tag?post=2232"}],"curies":[{"name":"wp","href":"https:\/\/api.w.org\/{rel}","templated":true}]}}