{"id":2221,"date":"2025-06-02T14:55:33","date_gmt":"2025-06-02T17:55:33","guid":{"rendered":"https:\/\/voss2000.com\/?post_type=product&#038;p=2221"},"modified":"2025-11-11T13:46:33","modified_gmt":"2025-11-11T16:46:33","slug":"camara-ptz-ip-hd-2-0-mp-con-zoom-optico-20x-y-vision-nocturna-de-120m","status":"publish","type":"product","link":"https:\/\/voss2000.com\/en\/product\/camara-ptz-ip-hd-2-0-mp-con-zoom-optico-20x-y-vision-nocturna-de-120m\/","title":{"rendered":"C\u00e1mara PTZ IP HD 2.0 MP con Zoom \u00d3ptico 20X y Visi\u00f3n Nocturna de 120m"},"content":{"rendered":"<h4>Especificaciones:<\/h4>\n<ul>\n<li data-start=\"1070\" data-end=\"1098\">\n<p data-start=\"1072\" data-end=\"1098\"><strong data-start=\"1072\" data-end=\"1083\">Modelo:<\/strong> SIPT-20AD20X<\/p>\n<\/li>\n<li data-start=\"1099\" data-end=\"1134\">\n<p data-start=\"1101\" data-end=\"1134\"><strong data-start=\"1101\" data-end=\"1122\">Sensor de imagen:<\/strong> CMOS 1\/3&#8243;<\/p>\n<\/li>\n<li data-start=\"1135\" data-end=\"1191\">\n<p data-start=\"1137\" data-end=\"1191\"><strong data-start=\"1137\" data-end=\"1161\">Resoluci\u00f3n efectiva:<\/strong> 1920 x 1080 (Full HD 1080P)<\/p>\n<\/li>\n<li data-start=\"1192\" data-end=\"1250\">\n<p data-start=\"1194\" data-end=\"1250\"><strong data-start=\"1194\" data-end=\"1217\">Iluminaci\u00f3n m\u00ednima:<\/strong> Color: 0.1 Lux \/ B\/N: 0.01 Lux<\/p>\n<\/li>\n<li data-start=\"1251\" data-end=\"1298\">\n<p data-start=\"1253\" data-end=\"1298\"><strong data-start=\"1253\" data-end=\"1278\">Relaci\u00f3n se\u00f1al\/ruido:<\/strong> &gt;60 dB (mejorado)<\/p>\n<\/li>\n<li data-start=\"1299\" data-end=\"1366\">\n<p data-start=\"1301\" data-end=\"1366\"><strong data-start=\"1301\" data-end=\"1330\">Balance de blancos \/ BLC:<\/strong> Autom\u00e1tico \/ Activado-Desactivado<\/p>\n<\/li>\n<li data-start=\"1367\" data-end=\"1442\">\n<p data-start=\"1369\" data-end=\"1442\"><strong data-start=\"1369\" data-end=\"1395\">Obturador electr\u00f3nico:<\/strong> PAL: 1\/25\u20131\/100.000s \/ NTSC: 1\/30\u20131\/100.000s<\/p>\n<\/li>\n<li data-start=\"1443\" data-end=\"1467\">\n<p data-start=\"1445\" data-end=\"1467\"><strong data-start=\"1445\" data-end=\"1461\">Zoom \u00f3ptico:<\/strong> 20X<\/p>\n<\/li>\n<li data-start=\"1468\" data-end=\"1516\">\n<p data-start=\"1470\" data-end=\"1516\"><strong data-start=\"1470\" data-end=\"1482\">Enfoque:<\/strong> Autom\u00e1tico \/ Manual \/ Push Auto<\/p>\n<\/li>\n<li data-start=\"1517\" data-end=\"1548\">\n<p data-start=\"1519\" data-end=\"1548\"><strong data-start=\"1519\" data-end=\"1531\">Presets:<\/strong> 220 posiciones<\/p>\n<\/li>\n<li data-start=\"1549\" data-end=\"1595\">\n<p data-start=\"1551\" data-end=\"1595\"><strong data-start=\"1551\" data-end=\"1576\">Distancia infrarroja:<\/strong> Hasta 120 metros<\/p>\n<\/li>\n<li data-start=\"1596\" data-end=\"1663\">\n<p data-start=\"1598\" data-end=\"1663\"><strong data-start=\"1598\" data-end=\"1620\">Rutas de patrulla:<\/strong> 3 grupos, cada uno graba hasta 3 minutos<\/p>\n<\/li>\n<li data-start=\"1664\" data-end=\"1729\">\n<p data-start=\"1666\" data-end=\"1729\"><strong data-start=\"1666\" data-end=\"1687\">Modos de escaneo:<\/strong> Horizontal, por \u00e1rea doble, o aleatorio<\/p>\n<\/li>\n<li data-start=\"1730\" data-end=\"1813\">\n<p data-start=\"1732\" data-end=\"1813\"><strong data-start=\"1732\" data-end=\"1745\">Rotaci\u00f3n:<\/strong> 360\u00b0 horizontal ilimitada \/ 93\u00b0 vertical con inversi\u00f3n autom\u00e1tica<\/p>\n<\/li>\n<li data-start=\"1814\" data-end=\"1857\">\n<p data-start=\"1816\" data-end=\"1857\"><strong data-start=\"1816\" data-end=\"1838\">Velocidad de giro:<\/strong> de 0.01\u00b0 a 80\u00b0\/s<\/p>\n<\/li>\n<li data-start=\"1858\" data-end=\"1907\">\n<p data-start=\"1860\" data-end=\"1907\"><strong data-start=\"1860\" data-end=\"1884\">Compresi\u00f3n de video:<\/strong> H.264 \/ MJPEG \/ JPEG<\/p>\n<\/li>\n<li data-start=\"1908\" data-end=\"1942\">\n<p data-start=\"1910\" data-end=\"1942\"><strong data-start=\"1910\" data-end=\"1934\">Compresi\u00f3n de audio:<\/strong> G.711<\/p>\n<\/li>\n<li data-start=\"1943\" data-end=\"1985\">\n<p data-start=\"1945\" data-end=\"1985\"><strong data-start=\"1945\" data-end=\"1965\">Flujo principal:<\/strong> 1920&#215;1080 @ 25fps<\/p>\n<\/li>\n<li data-start=\"1986\" data-end=\"2022\">\n<p data-start=\"1988\" data-end=\"2022\"><strong data-start=\"1988\" data-end=\"2009\">Flujo secundario:<\/strong> VGA \/ QVGA<\/p>\n<\/li>\n<li data-start=\"2023\" data-end=\"2085\">\n<p data-start=\"2025\" data-end=\"2085\"><strong data-start=\"2025\" data-end=\"2046\">Bitrate de video:<\/strong> 32Kbps\u201316Mbps (ajustable, CBR o VBR)<\/p>\n<\/li>\n<li data-start=\"2086\" data-end=\"2187\">\n<p data-start=\"2088\" data-end=\"2187\"><strong data-start=\"2088\" data-end=\"2110\">Protocolos de red:<\/strong> TCP\/IP, UDP, RTP, RTSP, HTTP, DNS, FTP, NTP, DDNS, DHCP, SMTP, UPNP, PPPOE<\/p>\n<\/li>\n<li data-start=\"2188\" data-end=\"2220\">\n<p data-start=\"2190\" data-end=\"2220\"><strong data-start=\"2190\" data-end=\"2215\">Compatibilidad ONVIF:<\/strong> S\u00ed<\/p>\n<\/li>\n<li data-start=\"2221\" data-end=\"2253\">\n<p data-start=\"2223\" data-end=\"2253\"><strong data-start=\"2223\" data-end=\"2240\">Alimentaci\u00f3n:<\/strong> DC12V \/ 4A<\/p>\n<\/li>\n<li data-start=\"2254\" data-end=\"2351\">\n<p data-start=\"2256\" data-end=\"2351\"><strong data-start=\"2256\" data-end=\"2285\">Temperatura de operaci\u00f3n:<\/strong> -20\u00b0C ~ +50\u00b0C, HR &lt;95% (accesorios de control t\u00e9rmico opcionales)<\/p>\n<\/li>\n<\/ul>\n<h4 data-start=\"839\" data-end=\"858\">Aplicaci\u00f3n:<\/h4>\n<p data-start=\"859\" data-end=\"1033\">Recomendada para vigilancia profesional en zonas amplias como calles, estacionamientos, dep\u00f3sitos, industrias y espacios que requieren alta definici\u00f3n y monitoreo autom\u00e1tico.<\/p>","protected":false},"excerpt":{"rendered":"<article class=\"text-token-text-primary w-full\" dir=\"auto\" data-testid=\"conversation-turn-22\" data-scroll-anchor=\"true\">\n<div class=\"text-base my-auto mx-auto py-5 [--thread-content-margin:--spacing(4)] @[37rem]:[--thread-content-margin:--spacing(6)] @[72rem]:[--thread-content-margin:--spacing(16)] px-(--thread-content-margin)\">\n<div class=\"[--thread-content-max-width:32rem] @[34rem]:[--thread-content-max-width:40rem] @[64rem]:[--thread-content-max-width:48rem] mx-auto flex max-w-(--thread-content-max-width) flex-1 text-base gap-4 md:gap-5 lg:gap-6 group\/turn-messages focus-visible:outline-hidden\" tabindex=\"-1\">\n<div class=\"group\/conversation-turn relative flex w-full min-w-0 flex-col agent-turn\">\n<div class=\"relative flex-col gap-1 md:gap-3\">\n<div class=\"flex max-w-full flex-col grow\">\n<div class=\"min-h-8 text-message relative flex w-full flex-col items-end gap-2 text-start break-words whitespace-normal [.text-message+&amp;]:mt-5\" dir=\"auto\" data-message-author-role=\"assistant\" data-message-id=\"52130ac4-a68f-40df-920c-bfc8b67075f5\" data-message-model-slug=\"gpt-4o\">\n<div class=\"flex w-full flex-col gap-1 empty:hidden first:pt-[3px]\">\n<div class=\"markdown prose dark:prose-invert w-full break-words light\">\n<article class=\"text-token-text-primary w-full\" dir=\"auto\" data-testid=\"conversation-turn-24\" data-scroll-anchor=\"true\">\n<div class=\"text-base my-auto mx-auto py-5 [--thread-content-margin:--spacing(4)] @[37rem]:[--thread-content-margin:--spacing(6)] @[72rem]:[--thread-content-margin:--spacing(16)] px-(--thread-content-margin)\">\n<div class=\"[--thread-content-max-width:32rem] @[34rem]:[--thread-content-max-width:40rem] @[64rem]:[--thread-content-max-width:48rem] mx-auto flex max-w-(--thread-content-max-width) flex-1 text-base gap-4 md:gap-5 lg:gap-6 group\/turn-messages focus-visible:outline-hidden\" tabindex=\"-1\">\n<div class=\"group\/conversation-turn relative flex w-full min-w-0 flex-col agent-turn\">\n<div class=\"relative flex-col gap-1 md:gap-3\">\n<div class=\"flex max-w-full flex-col grow\">\n<div class=\"min-h-8 text-message relative flex w-full flex-col items-end gap-2 text-start break-words whitespace-normal [.text-message+&amp;]:mt-5\" dir=\"auto\" data-message-author-role=\"assistant\" data-message-id=\"8323766f-1e9d-4366-95d3-f4408495cfe5\" data-message-model-slug=\"gpt-4o\">\n<div class=\"flex w-full flex-col gap-1 empty:hidden first:pt-[3px]\">\n<div class=\"markdown prose dark:prose-invert w-full break-words light\">\n<article class=\"text-token-text-primary w-full\" dir=\"auto\" data-testid=\"conversation-turn-28\" data-scroll-anchor=\"true\">\n<div class=\"text-base my-auto mx-auto py-5 [--thread-content-margin:--spacing(4)] @[37rem]:[--thread-content-margin:--spacing(6)] @[72rem]:[--thread-content-margin:--spacing(16)] px-(--thread-content-margin)\">\n<div class=\"[--thread-content-max-width:32rem] @[34rem]:[--thread-content-max-width:40rem] @[64rem]:[--thread-content-max-width:48rem] mx-auto flex max-w-(--thread-content-max-width) flex-1 text-base gap-4 md:gap-5 lg:gap-6 group\/turn-messages focus-visible:outline-hidden\" tabindex=\"-1\">\n<div class=\"group\/conversation-turn relative flex w-full min-w-0 flex-col agent-turn\">\n<div class=\"relative flex-col gap-1 md:gap-3\">\n<div class=\"flex max-w-full flex-col grow\">\n<div class=\"min-h-8 text-message relative flex w-full flex-col items-end gap-2 text-start break-words whitespace-normal [.text-message+&amp;]:mt-5\" dir=\"auto\" data-message-author-role=\"assistant\" data-message-id=\"eabeb2b4-9554-4389-8629-d69cf214e838\" data-message-model-slug=\"gpt-4o\">\n<div class=\"flex w-full flex-col gap-1 empty:hidden first:pt-[3px]\">\n<div class=\"markdown prose dark:prose-invert w-full break-words light\">\n<article class=\"text-token-text-primary w-full\" dir=\"auto\" data-testid=\"conversation-turn-32\" data-scroll-anchor=\"true\">\n<div class=\"text-base my-auto mx-auto py-5 [--thread-content-margin:--spacing(4)] @[37rem]:[--thread-content-margin:--spacing(6)] @[72rem]:[--thread-content-margin:--spacing(16)] px-(--thread-content-margin)\">\n<div class=\"[--thread-content-max-width:32rem] @[34rem]:[--thread-content-max-width:40rem] @[64rem]:[--thread-content-max-width:48rem] mx-auto flex max-w-(--thread-content-max-width) flex-1 text-base gap-4 md:gap-5 lg:gap-6 group\/turn-messages focus-visible:outline-hidden\" tabindex=\"-1\">\n<div class=\"group\/conversation-turn relative flex w-full min-w-0 flex-col agent-turn\">\n<div class=\"relative flex-col gap-1 md:gap-3\">\n<div class=\"flex max-w-full flex-col grow\">\n<div class=\"min-h-8 text-message relative flex w-full flex-col items-end gap-2 text-start break-words whitespace-normal [.text-message+&amp;]:mt-5\" dir=\"auto\" data-message-author-role=\"assistant\" data-message-id=\"5dc8096a-2aa2-4286-b3e7-6504814fb42b\" data-message-model-slug=\"gpt-4o\">\n<div class=\"flex w-full flex-col gap-1 empty:hidden first:pt-[3px]\">\n<div class=\"markdown prose dark:prose-invert w-full break-words light\">\n<article class=\"text-token-text-primary w-full\" dir=\"auto\" data-testid=\"conversation-turn-34\" data-scroll-anchor=\"true\">\n<div class=\"text-base my-auto mx-auto py-5 [--thread-content-margin:--spacing(4)] @[37rem]:[--thread-content-margin:--spacing(6)] @[72rem]:[--thread-content-margin:--spacing(16)] px-(--thread-content-margin)\">\n<div class=\"[--thread-content-max-width:32rem] @[34rem]:[--thread-content-max-width:40rem] @[64rem]:[--thread-content-max-width:48rem] mx-auto flex max-w-(--thread-content-max-width) flex-1 text-base gap-4 md:gap-5 lg:gap-6 group\/turn-messages focus-visible:outline-hidden\" tabindex=\"-1\">\n<div class=\"group\/conversation-turn relative flex w-full min-w-0 flex-col agent-turn\">\n<div class=\"relative flex-col gap-1 md:gap-3\">\n<div class=\"flex max-w-full flex-col grow\">\n<div class=\"min-h-8 text-message relative flex w-full flex-col items-end gap-2 text-start break-words whitespace-normal [.text-message+&amp;]:mt-5\" dir=\"auto\" data-message-author-role=\"assistant\" data-message-id=\"925f4b14-0c9d-469c-a1e8-92c93b4be721\" data-message-model-slug=\"gpt-4o\">\n<div class=\"flex w-full flex-col gap-1 empty:hidden first:pt-[3px]\">\n<div class=\"markdown prose dark:prose-invert w-full break-words light\">\n<article class=\"text-token-text-primary w-full\" dir=\"auto\" data-testid=\"conversation-turn-36\" data-scroll-anchor=\"true\">\n<div class=\"text-base my-auto mx-auto py-5 [--thread-content-margin:--spacing(4)] @[37rem]:[--thread-content-margin:--spacing(6)] @[72rem]:[--thread-content-margin:--spacing(16)] px-(--thread-content-margin)\">\n<div class=\"[--thread-content-max-width:32rem] @[34rem]:[--thread-content-max-width:40rem] @[64rem]:[--thread-content-max-width:48rem] mx-auto flex max-w-(--thread-content-max-width) flex-1 text-base gap-4 md:gap-5 lg:gap-6 group\/turn-messages focus-visible:outline-hidden\" tabindex=\"-1\">\n<div class=\"group\/conversation-turn relative flex w-full min-w-0 flex-col agent-turn\">\n<div class=\"relative flex-col gap-1 md:gap-3\">\n<div class=\"flex max-w-full flex-col grow\">\n<div class=\"min-h-8 text-message relative flex w-full flex-col items-end gap-2 text-start break-words whitespace-normal [.text-message+&amp;]:mt-5\" dir=\"auto\" data-message-author-role=\"assistant\" data-message-id=\"c9f038e1-d318-4f01-b532-b9bca5dfa583\" data-message-model-slug=\"gpt-4o\">\n<div class=\"flex w-full flex-col gap-1 empty:hidden first:pt-[3px]\">\n<div class=\"markdown prose dark:prose-invert w-full break-words light\">\n<p data-start=\"2642\" data-end=\"2819\" data-is-last-node=\"\" data-is-only-node=\"\">C\u00e1mara PTZ IP 2MP con zoom \u00f3ptico 20X, visi\u00f3n nocturna IR de hasta 120m, rotaci\u00f3n 360\u00b0, auto tracking y compresi\u00f3n H.264. Ideal para vigilancia exterior de alta precisi\u00f3n.<\/p>\n<\/div>\n<\/div>\n<\/div>\n<\/div>\n<div class=\"flex justify-start\">\n<div class=\"touch:-me-2 touch:-ms-3.5 -ms-2.5 -me-1 flex items-center p-1 select-none -mt-1 duration-[1.5s] focus-within:transition-none hover:transition-none pointer-events-none [mask-image:linear-gradient(to_right,black_33%,transparent_66%)] [mask-size:300%_100%] [mask-position:100%_0%] motion-safe:transition-[mask-position] group-hover\/turn-messages:pointer-events-auto group-hover\/turn-messages:[mask-position:0_0] group-focus-within\/turn-messages:pointer-events-auto group-focus-within\/turn-messages:[mask-position:0_0] has-data-[state=open]:pointer-events-auto has-data-[state=open]:[mask-position:0_0]\">\n<div class=\"flex items-center\"><strong>\u26a0\ufe0f <em data-start=\"289\" data-end=\"386\">Te recomendamos revisar bien tu compra, ya que este art\u00edculo no admite cambios ni devoluciones.<\/em><\/strong><\/div>\n<\/div>\n<\/div>\n<div class=\"mt-3 w-full empty:hidden\">\n<div class=\"text-center\"><\/div>\n<\/div>\n<\/div>\n<div class=\"absolute\">\n<div class=\"flex items-center justify-center\"><\/div>\n<\/div>\n<\/div>\n<\/div>\n<\/div>\n<\/article>\n<div class=\"pointer-events-none h-px w-px\" aria-hidden=\"true\" data-edge=\"true\"><\/div>\n<\/div>\n<\/div>\n<\/div>\n<\/div>\n<div class=\"flex justify-start\">\n<div class=\"touch:-me-2 touch:-ms-3.5 -ms-2.5 -me-1 flex items-center p-1 select-none -mt-1 duration-[1.5s] focus-within:transition-none hover:transition-none pointer-events-none [mask-image:linear-gradient(to_right,black_33%,transparent_66%)] [mask-size:300%_100%] [mask-position:100%_0%] motion-safe:transition-[mask-position] group-hover\/turn-messages:pointer-events-auto group-hover\/turn-messages:[mask-position:0_0] group-focus-within\/turn-messages:pointer-events-auto group-focus-within\/turn-messages:[mask-position:0_0] has-data-[state=open]:pointer-events-auto has-data-[state=open]:[mask-position:0_0]\">\n<div class=\"flex items-center\"><\/div>\n<\/div>\n<\/div>\n<div class=\"mt-3 w-full empty:hidden\">\n<div class=\"text-center\"><\/div>\n<\/div>\n<\/div>\n<div class=\"absolute\">\n<div class=\"flex items-center justify-center\"><\/div>\n<\/div>\n<\/div>\n<\/div>\n<\/div>\n<\/article>\n<div class=\"pointer-events-none h-px w-px\" aria-hidden=\"true\" data-edge=\"true\"><\/div>\n<\/div>\n<\/div>\n<\/div>\n<\/div>\n<\/div>\n<\/div>\n<\/div>\n<\/div>\n<\/article>\n<\/div>\n<\/div>\n<\/div>\n<\/div>\n<\/div>\n<\/div>\n<\/div>\n<\/div>\n<\/article>\n<\/div>\n<\/div>\n<\/div>\n<\/div>\n<\/div>\n<div class=\"absolute\">\n<div class=\"flex items-center justify-center\"><\/div>\n<\/div>\n<\/div>\n<\/div>\n<\/div>\n<\/article>\n<div class=\"pointer-events-none h-px w-px\" aria-hidden=\"true\" data-edge=\"true\"><\/div>\n<\/div>\n<\/div>\n<\/div>\n<\/div>\n<\/div>\n<div class=\"absolute\">\n<div class=\"flex items-center justify-center\"><\/div>\n<\/div>\n<\/div>\n<\/div>\n<\/div>\n<\/article>\n<div class=\"pointer-events-none h-px w-px\" aria-hidden=\"true\" data-edge=\"true\"><\/div>\n","protected":false},"featured_media":2246,"comment_status":"open","ping_status":"closed","template":"","meta":{"_joinchat":[]},"product_brand":[],"product_cat":[159,157],"product_tag":[],"class_list":{"0":"post-2221","1":"product","2":"type-product","3":"status-publish","4":"has-post-thumbnail","6":"product_cat-camaras-domo-motorizadas-ptz","7":"product_cat-electronica","9":"first","10":"instock","11":"shipping-taxable","12":"purchasable","13":"product-type-simple"},"yoast_head":"<!-- This site is optimized with the Yoast SEO plugin v27.3 - https:\/\/yoast.com\/product\/yoast-seo-wordpress\/ -->\n<title>C\u00e1mara PTZ IP HD 2.0 MP con Zoom \u00d3ptico 20X y Visi\u00f3n Nocturna de 120m - Voss2000<\/title>\n<meta name=\"description\" content=\"MODIFICAR\" \/>\n<meta name=\"robots\" content=\"index, follow, max-snippet:-1, max-image-preview:large, max-video-preview:-1\" \/>\n<link rel=\"canonical\" href=\"https:\/\/voss2000.com\/en\/product\/camara-ptz-ip-hd-2-0-mp-con-zoom-optico-20x-y-vision-nocturna-de-120m\/\" \/>\n<meta property=\"og:locale\" content=\"en_GB\" \/>\n<meta property=\"og:type\" content=\"article\" \/>\n<meta property=\"og:title\" content=\"C\u00e1mara PTZ IP HD 2.0 MP con Zoom \u00d3ptico 20X y Visi\u00f3n Nocturna de 120m - Voss2000\" \/>\n<meta property=\"og:description\" content=\"MODIFICAR\" \/>\n<meta property=\"og:url\" content=\"https:\/\/voss2000.com\/en\/product\/camara-ptz-ip-hd-2-0-mp-con-zoom-optico-20x-y-vision-nocturna-de-120m\/\" \/>\n<meta property=\"og:site_name\" content=\"Voss2000\" \/>\n<meta property=\"article:modified_time\" content=\"2025-11-11T16:46:33+00:00\" \/>\n<meta property=\"og:image\" content=\"https:\/\/voss2000.com\/wp-content\/uploads\/2025\/06\/voss-06-scaled.jpg\" \/>\n\t<meta property=\"og:image:width\" content=\"2560\" \/>\n\t<meta property=\"og:image:height\" content=\"2560\" \/>\n\t<meta property=\"og:image:type\" content=\"image\/jpeg\" \/>\n<meta name=\"twitter:card\" content=\"summary_large_image\" \/>\n<meta name=\"twitter:label1\" content=\"Estimated reading time\" \/>\n\t<meta name=\"twitter:data1\" content=\"2 minutes\" \/>\n<script type=\"application\/ld+json\" class=\"yoast-schema-graph\">{\"@context\":\"https:\\\/\\\/schema.org\",\"@graph\":[{\"@type\":\"WebPage\",\"@id\":\"https:\\\/\\\/voss2000.com\\\/producto\\\/camara-ptz-ip-hd-2-0-mp-con-zoom-optico-20x-y-vision-nocturna-de-120m\\\/\",\"url\":\"https:\\\/\\\/voss2000.com\\\/producto\\\/camara-ptz-ip-hd-2-0-mp-con-zoom-optico-20x-y-vision-nocturna-de-120m\\\/\",\"name\":\"C\u00e1mara PTZ IP HD 2.0 MP con Zoom \u00d3ptico 20X y Visi\u00f3n Nocturna de 120m - Voss2000\",\"isPartOf\":{\"@id\":\"https:\\\/\\\/voss2000.com\\\/#website\"},\"primaryImageOfPage\":{\"@id\":\"https:\\\/\\\/voss2000.com\\\/producto\\\/camara-ptz-ip-hd-2-0-mp-con-zoom-optico-20x-y-vision-nocturna-de-120m\\\/#primaryimage\"},\"image\":{\"@id\":\"https:\\\/\\\/voss2000.com\\\/producto\\\/camara-ptz-ip-hd-2-0-mp-con-zoom-optico-20x-y-vision-nocturna-de-120m\\\/#primaryimage\"},\"thumbnailUrl\":\"https:\\\/\\\/voss2000.com\\\/wp-content\\\/uploads\\\/2025\\\/06\\\/voss-06-scaled.jpg\",\"datePublished\":\"2025-06-02T17:55:33+00:00\",\"dateModified\":\"2025-11-11T16:46:33+00:00\",\"description\":\"MODIFICAR\",\"breadcrumb\":{\"@id\":\"https:\\\/\\\/voss2000.com\\\/producto\\\/camara-ptz-ip-hd-2-0-mp-con-zoom-optico-20x-y-vision-nocturna-de-120m\\\/#breadcrumb\"},\"inLanguage\":\"en-GB\",\"potentialAction\":[{\"@type\":\"ReadAction\",\"target\":[\"https:\\\/\\\/voss2000.com\\\/producto\\\/camara-ptz-ip-hd-2-0-mp-con-zoom-optico-20x-y-vision-nocturna-de-120m\\\/\"]}]},{\"@type\":\"ImageObject\",\"inLanguage\":\"en-GB\",\"@id\":\"https:\\\/\\\/voss2000.com\\\/producto\\\/camara-ptz-ip-hd-2-0-mp-con-zoom-optico-20x-y-vision-nocturna-de-120m\\\/#primaryimage\",\"url\":\"https:\\\/\\\/voss2000.com\\\/wp-content\\\/uploads\\\/2025\\\/06\\\/voss-06-scaled.jpg\",\"contentUrl\":\"https:\\\/\\\/voss2000.com\\\/wp-content\\\/uploads\\\/2025\\\/06\\\/voss-06-scaled.jpg\",\"width\":2560,\"height\":2560},{\"@type\":\"BreadcrumbList\",\"@id\":\"https:\\\/\\\/voss2000.com\\\/producto\\\/camara-ptz-ip-hd-2-0-mp-con-zoom-optico-20x-y-vision-nocturna-de-120m\\\/#breadcrumb\",\"itemListElement\":[{\"@type\":\"ListItem\",\"position\":1,\"name\":\"Portada\",\"item\":\"https:\\\/\\\/voss2000.com\\\/\"},{\"@type\":\"ListItem\",\"position\":2,\"name\":\"Shop\",\"item\":\"https:\\\/\\\/voss2000.com\\\/en\\\/shop\\\/\"},{\"@type\":\"ListItem\",\"position\":3,\"name\":\"C\u00e1mara PTZ IP HD 2.0 MP con Zoom \u00d3ptico 20X y Visi\u00f3n Nocturna de 120m\"}]},{\"@type\":\"WebSite\",\"@id\":\"https:\\\/\\\/voss2000.com\\\/#website\",\"url\":\"https:\\\/\\\/voss2000.com\\\/\",\"name\":\"Voss2000\",\"description\":\"\",\"publisher\":{\"@id\":\"https:\\\/\\\/voss2000.com\\\/#organization\"},\"potentialAction\":[{\"@type\":\"SearchAction\",\"target\":{\"@type\":\"EntryPoint\",\"urlTemplate\":\"https:\\\/\\\/voss2000.com\\\/?s={search_term_string}\"},\"query-input\":{\"@type\":\"PropertyValueSpecification\",\"valueRequired\":true,\"valueName\":\"search_term_string\"}}],\"inLanguage\":\"en-GB\"},{\"@type\":\"Organization\",\"@id\":\"https:\\\/\\\/voss2000.com\\\/#organization\",\"name\":\"Voss2000\",\"url\":\"https:\\\/\\\/voss2000.com\\\/\",\"logo\":{\"@type\":\"ImageObject\",\"inLanguage\":\"en-GB\",\"@id\":\"https:\\\/\\\/voss2000.com\\\/#\\\/schema\\\/logo\\\/image\\\/\",\"url\":\"https:\\\/\\\/voss2000.com\\\/wp-content\\\/uploads\\\/2023\\\/08\\\/Logo.png\",\"contentUrl\":\"https:\\\/\\\/voss2000.com\\\/wp-content\\\/uploads\\\/2023\\\/08\\\/Logo.png\",\"width\":425,\"height\":292,\"caption\":\"Voss2000\"},\"image\":{\"@id\":\"https:\\\/\\\/voss2000.com\\\/#\\\/schema\\\/logo\\\/image\\\/\"}}]}<\/script>\n<!-- \/ Yoast SEO plugin. -->","yoast_head_json":{"title":"C\u00e1mara PTZ IP HD 2.0 MP con Zoom \u00d3ptico 20X y Visi\u00f3n Nocturna de 120m - Voss2000","description":"MODIFICAR","robots":{"index":"index","follow":"follow","max-snippet":"max-snippet:-1","max-image-preview":"max-image-preview:large","max-video-preview":"max-video-preview:-1"},"canonical":"https:\/\/voss2000.com\/en\/product\/camara-ptz-ip-hd-2-0-mp-con-zoom-optico-20x-y-vision-nocturna-de-120m\/","og_locale":"en_GB","og_type":"article","og_title":"C\u00e1mara PTZ IP HD 2.0 MP con Zoom \u00d3ptico 20X y Visi\u00f3n Nocturna de 120m - Voss2000","og_description":"MODIFICAR","og_url":"https:\/\/voss2000.com\/en\/product\/camara-ptz-ip-hd-2-0-mp-con-zoom-optico-20x-y-vision-nocturna-de-120m\/","og_site_name":"Voss2000","article_modified_time":"2025-11-11T16:46:33+00:00","og_image":[{"width":2560,"height":2560,"url":"https:\/\/voss2000.com\/wp-content\/uploads\/2025\/06\/voss-06-scaled.jpg","type":"image\/jpeg"}],"twitter_card":"summary_large_image","twitter_misc":{"Estimated reading time":"2 minutes"},"schema":{"@context":"https:\/\/schema.org","@graph":[{"@type":"WebPage","@id":"https:\/\/voss2000.com\/producto\/camara-ptz-ip-hd-2-0-mp-con-zoom-optico-20x-y-vision-nocturna-de-120m\/","url":"https:\/\/voss2000.com\/producto\/camara-ptz-ip-hd-2-0-mp-con-zoom-optico-20x-y-vision-nocturna-de-120m\/","name":"C\u00e1mara PTZ IP HD 2.0 MP con Zoom \u00d3ptico 20X y Visi\u00f3n Nocturna de 120m - Voss2000","isPartOf":{"@id":"https:\/\/voss2000.com\/#website"},"primaryImageOfPage":{"@id":"https:\/\/voss2000.com\/producto\/camara-ptz-ip-hd-2-0-mp-con-zoom-optico-20x-y-vision-nocturna-de-120m\/#primaryimage"},"image":{"@id":"https:\/\/voss2000.com\/producto\/camara-ptz-ip-hd-2-0-mp-con-zoom-optico-20x-y-vision-nocturna-de-120m\/#primaryimage"},"thumbnailUrl":"https:\/\/voss2000.com\/wp-content\/uploads\/2025\/06\/voss-06-scaled.jpg","datePublished":"2025-06-02T17:55:33+00:00","dateModified":"2025-11-11T16:46:33+00:00","description":"MODIFICAR","breadcrumb":{"@id":"https:\/\/voss2000.com\/producto\/camara-ptz-ip-hd-2-0-mp-con-zoom-optico-20x-y-vision-nocturna-de-120m\/#breadcrumb"},"inLanguage":"en-GB","potentialAction":[{"@type":"ReadAction","target":["https:\/\/voss2000.com\/producto\/camara-ptz-ip-hd-2-0-mp-con-zoom-optico-20x-y-vision-nocturna-de-120m\/"]}]},{"@type":"ImageObject","inLanguage":"en-GB","@id":"https:\/\/voss2000.com\/producto\/camara-ptz-ip-hd-2-0-mp-con-zoom-optico-20x-y-vision-nocturna-de-120m\/#primaryimage","url":"https:\/\/voss2000.com\/wp-content\/uploads\/2025\/06\/voss-06-scaled.jpg","contentUrl":"https:\/\/voss2000.com\/wp-content\/uploads\/2025\/06\/voss-06-scaled.jpg","width":2560,"height":2560},{"@type":"BreadcrumbList","@id":"https:\/\/voss2000.com\/producto\/camara-ptz-ip-hd-2-0-mp-con-zoom-optico-20x-y-vision-nocturna-de-120m\/#breadcrumb","itemListElement":[{"@type":"ListItem","position":1,"name":"Portada","item":"https:\/\/voss2000.com\/"},{"@type":"ListItem","position":2,"name":"Shop","item":"https:\/\/voss2000.com\/en\/shop\/"},{"@type":"ListItem","position":3,"name":"C\u00e1mara PTZ IP HD 2.0 MP con Zoom \u00d3ptico 20X y Visi\u00f3n Nocturna de 120m"}]},{"@type":"WebSite","@id":"https:\/\/voss2000.com\/#website","url":"https:\/\/voss2000.com\/","name":"Voss2000","description":"","publisher":{"@id":"https:\/\/voss2000.com\/#organization"},"potentialAction":[{"@type":"SearchAction","target":{"@type":"EntryPoint","urlTemplate":"https:\/\/voss2000.com\/?s={search_term_string}"},"query-input":{"@type":"PropertyValueSpecification","valueRequired":true,"valueName":"search_term_string"}}],"inLanguage":"en-GB"},{"@type":"Organization","@id":"https:\/\/voss2000.com\/#organization","name":"Voss2000","url":"https:\/\/voss2000.com\/","logo":{"@type":"ImageObject","inLanguage":"en-GB","@id":"https:\/\/voss2000.com\/#\/schema\/logo\/image\/","url":"https:\/\/voss2000.com\/wp-content\/uploads\/2023\/08\/Logo.png","contentUrl":"https:\/\/voss2000.com\/wp-content\/uploads\/2023\/08\/Logo.png","width":425,"height":292,"caption":"Voss2000"},"image":{"@id":"https:\/\/voss2000.com\/#\/schema\/logo\/image\/"}}]}},"_links":{"self":[{"href":"https:\/\/voss2000.com\/en\/wp-json\/wp\/v2\/product\/2221","targetHints":{"allow":["GET"]}}],"collection":[{"href":"https:\/\/voss2000.com\/en\/wp-json\/wp\/v2\/product"}],"about":[{"href":"https:\/\/voss2000.com\/en\/wp-json\/wp\/v2\/types\/product"}],"replies":[{"embeddable":true,"href":"https:\/\/voss2000.com\/en\/wp-json\/wp\/v2\/comments?post=2221"}],"wp:featuredmedia":[{"embeddable":true,"href":"https:\/\/voss2000.com\/en\/wp-json\/wp\/v2\/media\/2246"}],"wp:attachment":[{"href":"https:\/\/voss2000.com\/en\/wp-json\/wp\/v2\/media?parent=2221"}],"wp:term":[{"taxonomy":"product_brand","embeddable":true,"href":"https:\/\/voss2000.com\/en\/wp-json\/wp\/v2\/product_brand?post=2221"},{"taxonomy":"product_cat","embeddable":true,"href":"https:\/\/voss2000.com\/en\/wp-json\/wp\/v2\/product_cat?post=2221"},{"taxonomy":"product_tag","embeddable":true,"href":"https:\/\/voss2000.com\/en\/wp-json\/wp\/v2\/product_tag?post=2221"}],"curies":[{"name":"wp","href":"https:\/\/api.w.org\/{rel}","templated":true}]}}