{"id":2217,"date":"2025-06-02T14:34:40","date_gmt":"2025-06-02T17:34:40","guid":{"rendered":"https:\/\/voss2000.com\/?post_type=product&#038;p=2217"},"modified":"2025-11-11T13:44:03","modified_gmt":"2025-11-11T16:44:03","slug":"camara-bullet-ip-hd-5-0-mp-con-zoom-manual-y-poe-opcional","status":"publish","type":"product","link":"https:\/\/voss2000.com\/en\/product\/camara-bullet-ip-hd-5-0-mp-con-zoom-manual-y-poe-opcional\/","title":{"rendered":"C\u00e1mara Bullet IP HD 5.0 MP con Zoom Manual y POE opcional"},"content":{"rendered":"<h4>Especificaciones:<\/h4>\n<ul>\n<li data-start=\"231\" data-end=\"263\">\n<p data-start=\"233\" data-end=\"263\"><strong data-start=\"233\" data-end=\"254\">Sensor de imagen:<\/strong> OV5658<\/p>\n<\/li>\n<li data-start=\"264\" data-end=\"309\">\n<p data-start=\"266\" data-end=\"309\"><strong data-start=\"266\" data-end=\"291\">Procesador principal:<\/strong> Hisilicon 3516D<\/p>\n<\/li>\n<li data-start=\"310\" data-end=\"350\">\n<p data-start=\"312\" data-end=\"350\"><strong data-start=\"312\" data-end=\"327\">Resoluci\u00f3n:<\/strong> 5.0 MP (2592 x 1920)<\/p>\n<\/li>\n<li data-start=\"351\" data-end=\"385\">\n<p data-start=\"353\" data-end=\"385\"><strong data-start=\"353\" data-end=\"374\">Sistema de video:<\/strong> PAL\/NTSC<\/p>\n<\/li>\n<li data-start=\"386\" data-end=\"417\">\n<p data-start=\"388\" data-end=\"417\"><strong data-start=\"388\" data-end=\"407\">Sincronizaci\u00f3n:<\/strong> Externa<\/p>\n<\/li>\n<li data-start=\"418\" data-end=\"500\">\n<p data-start=\"420\" data-end=\"445\"><strong data-start=\"420\" data-end=\"443\">Iluminaci\u00f3n m\u00ednima:<\/strong><\/p>\n<ul data-start=\"448\" data-end=\"500\">\n<li data-start=\"448\" data-end=\"473\">\n<p data-start=\"450\" data-end=\"473\">Color: 0.1 Lux @ F1.2<\/p>\n<\/li>\n<li data-start=\"476\" data-end=\"500\">\n<p data-start=\"478\" data-end=\"500\">B\/N: 0.01 Lux @ F1.2<\/p>\n<\/li>\n<\/ul>\n<\/li>\n<li data-start=\"501\" data-end=\"528\">\n<p data-start=\"503\" data-end=\"528\"><strong data-start=\"503\" data-end=\"515\">Escaneo:<\/strong> Progresivo<\/p>\n<\/li>\n<li data-start=\"529\" data-end=\"562\">\n<p data-start=\"531\" data-end=\"562\"><strong data-start=\"531\" data-end=\"551\">Salida de video:<\/strong> Red (IP)<\/p>\n<\/li>\n<li data-start=\"563\" data-end=\"602\">\n<p data-start=\"565\" data-end=\"602\"><strong data-start=\"565\" data-end=\"575\">Lente:<\/strong> HD Zoom manual 2.8\u201312 mm<\/p>\n<\/li>\n<li data-start=\"603\" data-end=\"650\">\n<p data-start=\"605\" data-end=\"650\"><strong data-start=\"605\" data-end=\"632\">Iluminaci\u00f3n infrarroja:<\/strong> 42 LEDs (\u03c65 mm)<\/p>\n<\/li>\n<li data-start=\"651\" data-end=\"688\">\n<p data-start=\"653\" data-end=\"688\"><strong data-start=\"653\" data-end=\"670\">Distancia IR:<\/strong> Hasta 40 metros<\/p>\n<\/li>\n<li data-start=\"689\" data-end=\"746\">\n<p data-start=\"691\" data-end=\"746\"><strong data-start=\"691\" data-end=\"709\">Activaci\u00f3n IR:<\/strong> Autom\u00e1tica mediante CDS bajo 5 Lux<\/p>\n<\/li>\n<li data-start=\"747\" data-end=\"791\">\n<p data-start=\"749\" data-end=\"791\"><strong data-start=\"749\" data-end=\"767\">Puerto de red:<\/strong> RJ-45 (10\/100 Base-T)<\/p>\n<\/li>\n<li data-start=\"792\" data-end=\"921\">\n<p data-start=\"794\" data-end=\"921\"><strong data-start=\"794\" data-end=\"821\">Protocolos compatibles:<\/strong> IPv4\/IPv6, TCP\/IP, HTTP, HTTPS, RTSP, SMTP, FTP, DHCP, NTP, PPPoE, QoS, SNMP, 802.1X, entre otros<\/p>\n<\/li>\n<li data-start=\"922\" data-end=\"963\">\n<p data-start=\"924\" data-end=\"963\"><strong data-start=\"924\" data-end=\"949\">Compatibilidad ONVIF:<\/strong> Versi\u00f3n 2.4<\/p>\n<\/li>\n<li data-start=\"964\" data-end=\"979\">\n<p data-start=\"966\" data-end=\"979\"><strong data-start=\"966\" data-end=\"974\">P2P:<\/strong> S\u00ed<\/p>\n<\/li>\n<li data-start=\"980\" data-end=\"1001\">\n<p data-start=\"982\" data-end=\"1001\"><strong data-start=\"982\" data-end=\"990\">POE:<\/strong> Opcional<\/p>\n<\/li>\n<li data-start=\"1002\" data-end=\"1132\">\n<p data-start=\"1004\" data-end=\"1026\"><strong data-start=\"1004\" data-end=\"1024\">Flujos de video:<\/strong><\/p>\n<ul data-start=\"1029\" data-end=\"1132\">\n<li data-start=\"1029\" data-end=\"1061\">\n<p data-start=\"1031\" data-end=\"1061\">Principal: 2592&#215;1920 @ 30fps<\/p>\n<\/li>\n<li data-start=\"1064\" data-end=\"1132\">\n<p data-start=\"1066\" data-end=\"1132\">Secundario: 704&#215;576, 640&#215;480, 640&#215;352, 320&#215;240 (hasta 25\/30 fps)<\/p>\n<\/li>\n<\/ul>\n<\/li>\n<li data-start=\"1133\" data-end=\"1174\">\n<p data-start=\"1135\" data-end=\"1174\"><strong data-start=\"1135\" data-end=\"1150\">Compresi\u00f3n:<\/strong> H.264 \/ H.265 \/ MJPEG<\/p>\n<\/li>\n<li data-start=\"1175\" data-end=\"1315\">\n<p data-start=\"1177\" data-end=\"1315\"><strong data-start=\"1177\" data-end=\"1205\">Configuraci\u00f3n de imagen:<\/strong> Saturaci\u00f3n, brillo, contraste, nitidez, balance de blancos autom\u00e1tico, BLC, inversi\u00f3n horizontal y vertical<\/p>\n<\/li>\n<li data-start=\"1316\" data-end=\"1356\">\n<p data-start=\"1318\" data-end=\"1356\"><strong data-start=\"1318\" data-end=\"1346\">Detecci\u00f3n de movimiento:<\/strong> Soporta<\/p>\n<\/li>\n<li data-start=\"1357\" data-end=\"1410\">\n<p data-start=\"1359\" data-end=\"1410\"><strong data-start=\"1359\" data-end=\"1382\">Modos de grabaci\u00f3n:<\/strong> NVR \/ CMS \/ navegador web<\/p>\n<\/li>\n<li data-start=\"1411\" data-end=\"1468\">\n<p data-start=\"1413\" data-end=\"1468\"><strong data-start=\"1413\" data-end=\"1439\">Temperatura operativa:<\/strong> -20\u00b0C a +55\u00b0C, HR m\u00e1x. 95%<\/p>\n<\/li>\n<li data-start=\"1469\" data-end=\"1534\">\n<p data-start=\"1471\" data-end=\"1534\"><strong data-start=\"1471\" data-end=\"1505\">Temperatura de almacenamiento:<\/strong> -10\u00b0C a +60\u00b0C, HR m\u00e1x. 95%<\/p>\n<\/li>\n<li data-start=\"1535\" data-end=\"1574\">\n<p data-start=\"1537\" data-end=\"1574\"><strong data-start=\"1537\" data-end=\"1554\">Alimentaci\u00f3n:<\/strong> DC12V \u00b110%, 500mA<\/p>\n<\/li>\n<li data-start=\"1575\" data-end=\"1647\">\n<p data-start=\"1577\" data-end=\"1647\"><strong data-start=\"1577\" data-end=\"1593\">Dimensiones:<\/strong> 319 mm (ancho) x 89 mm (alto) x 83 mm (profundidad)<\/p>\n<\/li>\n<li data-start=\"1648\" data-end=\"1705\">\n<p data-start=\"1650\" data-end=\"1705\"><strong data-start=\"1650\" data-end=\"1668\">Acceso remoto:<\/strong> iPhone, iPad, Android, navegador web<\/p>\n<\/li>\n<\/ul>\n<h4 data-start=\"1707\" data-end=\"1726\">Aplicaci\u00f3n:<\/h4>\n<p data-start=\"1727\" data-end=\"1932\">Ideal para vigilancia profesional en exteriores que requieren m\u00e1xima resoluci\u00f3n, visi\u00f3n nocturna extendida y control preciso de imagen, como entradas, estacionamientos, dep\u00f3sitos o per\u00edmetros industriales.<\/p>","protected":false},"excerpt":{"rendered":"<article class=\"text-token-text-primary w-full\" dir=\"auto\" data-testid=\"conversation-turn-22\" data-scroll-anchor=\"true\">\n<div class=\"text-base my-auto mx-auto py-5 [--thread-content-margin:--spacing(4)] @[37rem]:[--thread-content-margin:--spacing(6)] @[72rem]:[--thread-content-margin:--spacing(16)] px-(--thread-content-margin)\">\n<div class=\"[--thread-content-max-width:32rem] @[34rem]:[--thread-content-max-width:40rem] @[64rem]:[--thread-content-max-width:48rem] mx-auto flex max-w-(--thread-content-max-width) flex-1 text-base gap-4 md:gap-5 lg:gap-6 group\/turn-messages focus-visible:outline-hidden\" tabindex=\"-1\">\n<div class=\"group\/conversation-turn relative flex w-full min-w-0 flex-col agent-turn\">\n<div class=\"relative flex-col gap-1 md:gap-3\">\n<div class=\"flex max-w-full flex-col grow\">\n<div class=\"min-h-8 text-message relative flex w-full flex-col items-end gap-2 text-start break-words whitespace-normal [.text-message+&amp;]:mt-5\" dir=\"auto\" data-message-author-role=\"assistant\" data-message-id=\"52130ac4-a68f-40df-920c-bfc8b67075f5\" data-message-model-slug=\"gpt-4o\">\n<div class=\"flex w-full flex-col gap-1 empty:hidden first:pt-[3px]\">\n<div class=\"markdown prose dark:prose-invert w-full break-words light\">\n<article class=\"text-token-text-primary w-full\" dir=\"auto\" data-testid=\"conversation-turn-24\" data-scroll-anchor=\"true\">\n<div class=\"text-base my-auto mx-auto py-5 [--thread-content-margin:--spacing(4)] @[37rem]:[--thread-content-margin:--spacing(6)] @[72rem]:[--thread-content-margin:--spacing(16)] px-(--thread-content-margin)\">\n<div class=\"[--thread-content-max-width:32rem] @[34rem]:[--thread-content-max-width:40rem] @[64rem]:[--thread-content-max-width:48rem] mx-auto flex max-w-(--thread-content-max-width) flex-1 text-base gap-4 md:gap-5 lg:gap-6 group\/turn-messages focus-visible:outline-hidden\" tabindex=\"-1\">\n<div class=\"group\/conversation-turn relative flex w-full min-w-0 flex-col agent-turn\">\n<div class=\"relative flex-col gap-1 md:gap-3\">\n<div class=\"flex max-w-full flex-col grow\">\n<div class=\"min-h-8 text-message relative flex w-full flex-col items-end gap-2 text-start break-words whitespace-normal [.text-message+&amp;]:mt-5\" dir=\"auto\" data-message-author-role=\"assistant\" data-message-id=\"8323766f-1e9d-4366-95d3-f4408495cfe5\" data-message-model-slug=\"gpt-4o\">\n<div class=\"flex w-full flex-col gap-1 empty:hidden first:pt-[3px]\">\n<div class=\"markdown prose dark:prose-invert w-full break-words light\">\n<article class=\"text-token-text-primary w-full\" dir=\"auto\" data-testid=\"conversation-turn-28\" data-scroll-anchor=\"true\">\n<div class=\"text-base my-auto mx-auto py-5 [--thread-content-margin:--spacing(4)] @[37rem]:[--thread-content-margin:--spacing(6)] @[72rem]:[--thread-content-margin:--spacing(16)] px-(--thread-content-margin)\">\n<div class=\"[--thread-content-max-width:32rem] @[34rem]:[--thread-content-max-width:40rem] @[64rem]:[--thread-content-max-width:48rem] mx-auto flex max-w-(--thread-content-max-width) flex-1 text-base gap-4 md:gap-5 lg:gap-6 group\/turn-messages focus-visible:outline-hidden\" tabindex=\"-1\">\n<div class=\"group\/conversation-turn relative flex w-full min-w-0 flex-col agent-turn\">\n<div class=\"relative flex-col gap-1 md:gap-3\">\n<div class=\"flex max-w-full flex-col grow\">\n<div class=\"min-h-8 text-message relative flex w-full flex-col items-end gap-2 text-start break-words whitespace-normal [.text-message+&amp;]:mt-5\" dir=\"auto\" data-message-author-role=\"assistant\" data-message-id=\"eabeb2b4-9554-4389-8629-d69cf214e838\" data-message-model-slug=\"gpt-4o\">\n<div class=\"flex w-full flex-col gap-1 empty:hidden first:pt-[3px]\">\n<div class=\"markdown prose dark:prose-invert w-full break-words light\">\n<article class=\"text-token-text-primary w-full\" dir=\"auto\" data-testid=\"conversation-turn-32\" data-scroll-anchor=\"true\">\n<div class=\"text-base my-auto mx-auto py-5 [--thread-content-margin:--spacing(4)] @[37rem]:[--thread-content-margin:--spacing(6)] @[72rem]:[--thread-content-margin:--spacing(16)] px-(--thread-content-margin)\">\n<div class=\"[--thread-content-max-width:32rem] @[34rem]:[--thread-content-max-width:40rem] @[64rem]:[--thread-content-max-width:48rem] mx-auto flex max-w-(--thread-content-max-width) flex-1 text-base gap-4 md:gap-5 lg:gap-6 group\/turn-messages focus-visible:outline-hidden\" tabindex=\"-1\">\n<div class=\"group\/conversation-turn relative flex w-full min-w-0 flex-col agent-turn\">\n<div class=\"relative flex-col gap-1 md:gap-3\">\n<div class=\"flex max-w-full flex-col grow\">\n<div class=\"min-h-8 text-message relative flex w-full flex-col items-end gap-2 text-start break-words whitespace-normal [.text-message+&amp;]:mt-5\" dir=\"auto\" data-message-author-role=\"assistant\" data-message-id=\"5dc8096a-2aa2-4286-b3e7-6504814fb42b\" data-message-model-slug=\"gpt-4o\">\n<div class=\"flex w-full flex-col gap-1 empty:hidden first:pt-[3px]\">\n<div class=\"markdown prose dark:prose-invert w-full break-words light\">\n<p data-start=\"1970\" data-end=\"2151\" data-is-last-node=\"\" data-is-only-node=\"\">C\u00e1mara bullet IP 5MP con lente zoom manual, visi\u00f3n nocturna IR hasta 40m, compresi\u00f3n H.265 y POE opcional. Full HD real, acceso remoto y compatibilidad ONVIF. Ideal para exteriores.<\/p>\n<\/div>\n<\/div>\n<\/div>\n<\/div>\n<\/div>\n<\/div>\n<\/div>\n<\/div>\n<\/article>\n<\/div>\n<\/div>\n<\/div>\n<\/div>\n<\/div>\n<\/div>\n<\/div>\n<\/div>\n<\/article>\n<\/div>\n<\/div>\n<\/div>\n<\/div>\n<\/div>\n<div class=\"absolute\">\n<div class=\"flex items-center justify-center\"><strong>\u26a0\ufe0f <em data-start=\"289\" data-end=\"386\">Te recomendamos revisar bien tu compra, ya que este art\u00edculo no admite cambios ni devoluciones.<\/em><\/strong><\/div>\n<\/div>\n<\/div>\n<\/div>\n<\/div>\n<\/article>\n<div class=\"pointer-events-none h-px w-px\" aria-hidden=\"true\" data-edge=\"true\"><\/div>\n<\/div>\n<\/div>\n<\/div>\n<\/div>\n<\/div>\n<div class=\"absolute\">\n<div class=\"flex items-center justify-center\"><\/div>\n<\/div>\n<\/div>\n<\/div>\n<\/div>\n<\/article>\n<div class=\"pointer-events-none h-px w-px\" aria-hidden=\"true\" data-edge=\"true\"><\/div>\n","protected":false},"featured_media":2243,"comment_status":"open","ping_status":"closed","template":"","meta":{"_joinchat":[]},"product_brand":[],"product_cat":[164,157],"product_tag":[],"class_list":{"0":"post-2217","1":"product","2":"type-product","3":"status-publish","4":"has-post-thumbnail","6":"product_cat-camaras-ip","7":"product_cat-electronica","9":"first","10":"instock","11":"shipping-taxable","12":"purchasable","13":"product-type-simple"},"yoast_head":"<!-- This site is optimized with the Yoast SEO plugin v27.3 - https:\/\/yoast.com\/product\/yoast-seo-wordpress\/ -->\n<title>C\u00e1mara Bullet IP HD 5.0 MP con Zoom Manual y POE opcional - Voss2000<\/title>\n<meta name=\"description\" content=\"MODIFICAR\" \/>\n<meta name=\"robots\" content=\"index, follow, max-snippet:-1, max-image-preview:large, max-video-preview:-1\" \/>\n<link rel=\"canonical\" href=\"https:\/\/voss2000.com\/en\/product\/camara-bullet-ip-hd-5-0-mp-con-zoom-manual-y-poe-opcional\/\" \/>\n<meta property=\"og:locale\" content=\"en_GB\" \/>\n<meta property=\"og:type\" content=\"article\" \/>\n<meta property=\"og:title\" content=\"C\u00e1mara Bullet IP HD 5.0 MP con Zoom Manual y POE opcional - Voss2000\" \/>\n<meta property=\"og:description\" content=\"MODIFICAR\" \/>\n<meta property=\"og:url\" content=\"https:\/\/voss2000.com\/en\/product\/camara-bullet-ip-hd-5-0-mp-con-zoom-manual-y-poe-opcional\/\" \/>\n<meta property=\"og:site_name\" content=\"Voss2000\" \/>\n<meta property=\"article:modified_time\" content=\"2025-11-11T16:44:03+00:00\" \/>\n<meta property=\"og:image\" content=\"https:\/\/voss2000.com\/wp-content\/uploads\/2025\/06\/voss-04-scaled.jpg\" \/>\n\t<meta property=\"og:image:width\" content=\"2560\" \/>\n\t<meta property=\"og:image:height\" content=\"2560\" \/>\n\t<meta property=\"og:image:type\" content=\"image\/jpeg\" \/>\n<meta name=\"twitter:card\" content=\"summary_large_image\" \/>\n<meta name=\"twitter:label1\" content=\"Estimated reading time\" \/>\n\t<meta name=\"twitter:data1\" content=\"2 minutes\" \/>\n<script type=\"application\/ld+json\" class=\"yoast-schema-graph\">{\"@context\":\"https:\\\/\\\/schema.org\",\"@graph\":[{\"@type\":\"WebPage\",\"@id\":\"https:\\\/\\\/voss2000.com\\\/producto\\\/camara-bullet-ip-hd-5-0-mp-con-zoom-manual-y-poe-opcional\\\/\",\"url\":\"https:\\\/\\\/voss2000.com\\\/producto\\\/camara-bullet-ip-hd-5-0-mp-con-zoom-manual-y-poe-opcional\\\/\",\"name\":\"C\u00e1mara Bullet IP HD 5.0 MP con Zoom Manual y POE opcional - Voss2000\",\"isPartOf\":{\"@id\":\"https:\\\/\\\/voss2000.com\\\/#website\"},\"primaryImageOfPage\":{\"@id\":\"https:\\\/\\\/voss2000.com\\\/producto\\\/camara-bullet-ip-hd-5-0-mp-con-zoom-manual-y-poe-opcional\\\/#primaryimage\"},\"image\":{\"@id\":\"https:\\\/\\\/voss2000.com\\\/producto\\\/camara-bullet-ip-hd-5-0-mp-con-zoom-manual-y-poe-opcional\\\/#primaryimage\"},\"thumbnailUrl\":\"https:\\\/\\\/voss2000.com\\\/wp-content\\\/uploads\\\/2025\\\/06\\\/voss-04-scaled.jpg\",\"datePublished\":\"2025-06-02T17:34:40+00:00\",\"dateModified\":\"2025-11-11T16:44:03+00:00\",\"description\":\"MODIFICAR\",\"breadcrumb\":{\"@id\":\"https:\\\/\\\/voss2000.com\\\/producto\\\/camara-bullet-ip-hd-5-0-mp-con-zoom-manual-y-poe-opcional\\\/#breadcrumb\"},\"inLanguage\":\"en-GB\",\"potentialAction\":[{\"@type\":\"ReadAction\",\"target\":[\"https:\\\/\\\/voss2000.com\\\/producto\\\/camara-bullet-ip-hd-5-0-mp-con-zoom-manual-y-poe-opcional\\\/\"]}]},{\"@type\":\"ImageObject\",\"inLanguage\":\"en-GB\",\"@id\":\"https:\\\/\\\/voss2000.com\\\/producto\\\/camara-bullet-ip-hd-5-0-mp-con-zoom-manual-y-poe-opcional\\\/#primaryimage\",\"url\":\"https:\\\/\\\/voss2000.com\\\/wp-content\\\/uploads\\\/2025\\\/06\\\/voss-04-scaled.jpg\",\"contentUrl\":\"https:\\\/\\\/voss2000.com\\\/wp-content\\\/uploads\\\/2025\\\/06\\\/voss-04-scaled.jpg\",\"width\":2560,\"height\":2560},{\"@type\":\"BreadcrumbList\",\"@id\":\"https:\\\/\\\/voss2000.com\\\/producto\\\/camara-bullet-ip-hd-5-0-mp-con-zoom-manual-y-poe-opcional\\\/#breadcrumb\",\"itemListElement\":[{\"@type\":\"ListItem\",\"position\":1,\"name\":\"Portada\",\"item\":\"https:\\\/\\\/voss2000.com\\\/\"},{\"@type\":\"ListItem\",\"position\":2,\"name\":\"Shop\",\"item\":\"https:\\\/\\\/voss2000.com\\\/en\\\/shop\\\/\"},{\"@type\":\"ListItem\",\"position\":3,\"name\":\"C\u00e1mara Bullet IP HD 5.0 MP con Zoom Manual y POE opcional\"}]},{\"@type\":\"WebSite\",\"@id\":\"https:\\\/\\\/voss2000.com\\\/#website\",\"url\":\"https:\\\/\\\/voss2000.com\\\/\",\"name\":\"Voss2000\",\"description\":\"\",\"publisher\":{\"@id\":\"https:\\\/\\\/voss2000.com\\\/#organization\"},\"potentialAction\":[{\"@type\":\"SearchAction\",\"target\":{\"@type\":\"EntryPoint\",\"urlTemplate\":\"https:\\\/\\\/voss2000.com\\\/?s={search_term_string}\"},\"query-input\":{\"@type\":\"PropertyValueSpecification\",\"valueRequired\":true,\"valueName\":\"search_term_string\"}}],\"inLanguage\":\"en-GB\"},{\"@type\":\"Organization\",\"@id\":\"https:\\\/\\\/voss2000.com\\\/#organization\",\"name\":\"Voss2000\",\"url\":\"https:\\\/\\\/voss2000.com\\\/\",\"logo\":{\"@type\":\"ImageObject\",\"inLanguage\":\"en-GB\",\"@id\":\"https:\\\/\\\/voss2000.com\\\/#\\\/schema\\\/logo\\\/image\\\/\",\"url\":\"https:\\\/\\\/voss2000.com\\\/wp-content\\\/uploads\\\/2023\\\/08\\\/Logo.png\",\"contentUrl\":\"https:\\\/\\\/voss2000.com\\\/wp-content\\\/uploads\\\/2023\\\/08\\\/Logo.png\",\"width\":425,\"height\":292,\"caption\":\"Voss2000\"},\"image\":{\"@id\":\"https:\\\/\\\/voss2000.com\\\/#\\\/schema\\\/logo\\\/image\\\/\"}}]}<\/script>\n<!-- \/ Yoast SEO plugin. -->","yoast_head_json":{"title":"C\u00e1mara Bullet IP HD 5.0 MP con Zoom Manual y POE opcional - Voss2000","description":"MODIFICAR","robots":{"index":"index","follow":"follow","max-snippet":"max-snippet:-1","max-image-preview":"max-image-preview:large","max-video-preview":"max-video-preview:-1"},"canonical":"https:\/\/voss2000.com\/en\/product\/camara-bullet-ip-hd-5-0-mp-con-zoom-manual-y-poe-opcional\/","og_locale":"en_GB","og_type":"article","og_title":"C\u00e1mara Bullet IP HD 5.0 MP con Zoom Manual y POE opcional - Voss2000","og_description":"MODIFICAR","og_url":"https:\/\/voss2000.com\/en\/product\/camara-bullet-ip-hd-5-0-mp-con-zoom-manual-y-poe-opcional\/","og_site_name":"Voss2000","article_modified_time":"2025-11-11T16:44:03+00:00","og_image":[{"width":2560,"height":2560,"url":"https:\/\/voss2000.com\/wp-content\/uploads\/2025\/06\/voss-04-scaled.jpg","type":"image\/jpeg"}],"twitter_card":"summary_large_image","twitter_misc":{"Estimated reading time":"2 minutes"},"schema":{"@context":"https:\/\/schema.org","@graph":[{"@type":"WebPage","@id":"https:\/\/voss2000.com\/producto\/camara-bullet-ip-hd-5-0-mp-con-zoom-manual-y-poe-opcional\/","url":"https:\/\/voss2000.com\/producto\/camara-bullet-ip-hd-5-0-mp-con-zoom-manual-y-poe-opcional\/","name":"C\u00e1mara Bullet IP HD 5.0 MP con Zoom Manual y POE opcional - Voss2000","isPartOf":{"@id":"https:\/\/voss2000.com\/#website"},"primaryImageOfPage":{"@id":"https:\/\/voss2000.com\/producto\/camara-bullet-ip-hd-5-0-mp-con-zoom-manual-y-poe-opcional\/#primaryimage"},"image":{"@id":"https:\/\/voss2000.com\/producto\/camara-bullet-ip-hd-5-0-mp-con-zoom-manual-y-poe-opcional\/#primaryimage"},"thumbnailUrl":"https:\/\/voss2000.com\/wp-content\/uploads\/2025\/06\/voss-04-scaled.jpg","datePublished":"2025-06-02T17:34:40+00:00","dateModified":"2025-11-11T16:44:03+00:00","description":"MODIFICAR","breadcrumb":{"@id":"https:\/\/voss2000.com\/producto\/camara-bullet-ip-hd-5-0-mp-con-zoom-manual-y-poe-opcional\/#breadcrumb"},"inLanguage":"en-GB","potentialAction":[{"@type":"ReadAction","target":["https:\/\/voss2000.com\/producto\/camara-bullet-ip-hd-5-0-mp-con-zoom-manual-y-poe-opcional\/"]}]},{"@type":"ImageObject","inLanguage":"en-GB","@id":"https:\/\/voss2000.com\/producto\/camara-bullet-ip-hd-5-0-mp-con-zoom-manual-y-poe-opcional\/#primaryimage","url":"https:\/\/voss2000.com\/wp-content\/uploads\/2025\/06\/voss-04-scaled.jpg","contentUrl":"https:\/\/voss2000.com\/wp-content\/uploads\/2025\/06\/voss-04-scaled.jpg","width":2560,"height":2560},{"@type":"BreadcrumbList","@id":"https:\/\/voss2000.com\/producto\/camara-bullet-ip-hd-5-0-mp-con-zoom-manual-y-poe-opcional\/#breadcrumb","itemListElement":[{"@type":"ListItem","position":1,"name":"Portada","item":"https:\/\/voss2000.com\/"},{"@type":"ListItem","position":2,"name":"Shop","item":"https:\/\/voss2000.com\/en\/shop\/"},{"@type":"ListItem","position":3,"name":"C\u00e1mara Bullet IP HD 5.0 MP con Zoom Manual y POE opcional"}]},{"@type":"WebSite","@id":"https:\/\/voss2000.com\/#website","url":"https:\/\/voss2000.com\/","name":"Voss2000","description":"","publisher":{"@id":"https:\/\/voss2000.com\/#organization"},"potentialAction":[{"@type":"SearchAction","target":{"@type":"EntryPoint","urlTemplate":"https:\/\/voss2000.com\/?s={search_term_string}"},"query-input":{"@type":"PropertyValueSpecification","valueRequired":true,"valueName":"search_term_string"}}],"inLanguage":"en-GB"},{"@type":"Organization","@id":"https:\/\/voss2000.com\/#organization","name":"Voss2000","url":"https:\/\/voss2000.com\/","logo":{"@type":"ImageObject","inLanguage":"en-GB","@id":"https:\/\/voss2000.com\/#\/schema\/logo\/image\/","url":"https:\/\/voss2000.com\/wp-content\/uploads\/2023\/08\/Logo.png","contentUrl":"https:\/\/voss2000.com\/wp-content\/uploads\/2023\/08\/Logo.png","width":425,"height":292,"caption":"Voss2000"},"image":{"@id":"https:\/\/voss2000.com\/#\/schema\/logo\/image\/"}}]}},"_links":{"self":[{"href":"https:\/\/voss2000.com\/en\/wp-json\/wp\/v2\/product\/2217","targetHints":{"allow":["GET"]}}],"collection":[{"href":"https:\/\/voss2000.com\/en\/wp-json\/wp\/v2\/product"}],"about":[{"href":"https:\/\/voss2000.com\/en\/wp-json\/wp\/v2\/types\/product"}],"replies":[{"embeddable":true,"href":"https:\/\/voss2000.com\/en\/wp-json\/wp\/v2\/comments?post=2217"}],"wp:featuredmedia":[{"embeddable":true,"href":"https:\/\/voss2000.com\/en\/wp-json\/wp\/v2\/media\/2243"}],"wp:attachment":[{"href":"https:\/\/voss2000.com\/en\/wp-json\/wp\/v2\/media?parent=2217"}],"wp:term":[{"taxonomy":"product_brand","embeddable":true,"href":"https:\/\/voss2000.com\/en\/wp-json\/wp\/v2\/product_brand?post=2217"},{"taxonomy":"product_cat","embeddable":true,"href":"https:\/\/voss2000.com\/en\/wp-json\/wp\/v2\/product_cat?post=2217"},{"taxonomy":"product_tag","embeddable":true,"href":"https:\/\/voss2000.com\/en\/wp-json\/wp\/v2\/product_tag?post=2217"}],"curies":[{"name":"wp","href":"https:\/\/api.w.org\/{rel}","templated":true}]}}