{"id":2213,"date":"2025-06-02T14:21:03","date_gmt":"2025-06-02T17:21:03","guid":{"rendered":"https:\/\/voss2000.com\/?post_type=product&#038;p=2213"},"modified":"2025-11-11T13:40:56","modified_gmt":"2025-11-11T16:40:56","slug":"camara-ip-hd-2-0-mp-con-audio-y-poe-opcional","status":"publish","type":"product","link":"https:\/\/voss2000.com\/en\/product\/camara-ip-hd-2-0-mp-con-audio-y-poe-opcional\/","title":{"rendered":"C\u00e1mara IP HD 2.0 MP con Audio y POE opcional"},"content":{"rendered":"<h4>Especificaciones:<\/h4>\n<ul data-start=\"1301\" data-end=\"1915\">\n<li data-start=\"1301\" data-end=\"1327\">\n<p data-start=\"1303\" data-end=\"1327\"><strong data-start=\"1303\" data-end=\"1314\">Modelo:<\/strong> BIP20G-K30<\/p>\n<\/li>\n<li data-start=\"1328\" data-end=\"1378\">\n<p data-start=\"1330\" data-end=\"1378\"><strong data-start=\"1330\" data-end=\"1345\">Sensor\/DSP:<\/strong> CMOS 1\/3&#8243; OV2710 \/ GOKE GK7101<\/p>\n<\/li>\n<li data-start=\"1379\" data-end=\"1418\">\n<p data-start=\"1381\" data-end=\"1418\"><strong data-start=\"1381\" data-end=\"1396\">Resoluci\u00f3n:<\/strong> 1920&#215;1080 (Full HD)<\/p>\n<\/li>\n<li data-start=\"1419\" data-end=\"1452\">\n<p data-start=\"1421\" data-end=\"1452\"><strong data-start=\"1421\" data-end=\"1443\">P\u00edxeles efectivos:<\/strong> 2.0 MP<\/p>\n<\/li>\n<li data-start=\"1453\" data-end=\"1502\">\n<p data-start=\"1455\" data-end=\"1502\"><strong data-start=\"1455\" data-end=\"1470\">Compresi\u00f3n:<\/strong> H.264 (video) \/ G711U (audio)<\/p>\n<\/li>\n<li data-start=\"1503\" data-end=\"1531\">\n<p data-start=\"1505\" data-end=\"1531\"><strong data-start=\"1505\" data-end=\"1520\">Frecuencia:<\/strong> 25\u20135 fps<\/p>\n<\/li>\n<li data-start=\"1532\" data-end=\"1588\">\n<p data-start=\"1534\" data-end=\"1588\"><strong data-start=\"1534\" data-end=\"1545\">Flujos:<\/strong> Principal 1920&#215;1080 \/ Secundario 352&#215;288<\/p>\n<\/li>\n<li data-start=\"1589\" data-end=\"1644\">\n<p data-start=\"1591\" data-end=\"1644\"><strong data-start=\"1591\" data-end=\"1601\">Audio:<\/strong> Entrada de micr\u00f3fono, sincronizaci\u00f3n A\/V<\/p>\n<\/li>\n<li data-start=\"1645\" data-end=\"1697\">\n<p data-start=\"1647\" data-end=\"1697\"><strong data-start=\"1647\" data-end=\"1666\">Almacenamiento:<\/strong> En PC v\u00eda CMS o en disco NVR<\/p>\n<\/li>\n<li data-start=\"1698\" data-end=\"1767\">\n<p data-start=\"1700\" data-end=\"1767\"><strong data-start=\"1700\" data-end=\"1708\">Red:<\/strong> Soporta TCP\/IP, HTTP, DHCP, DNS, RTSP, SMTP, entre otros<\/p>\n<\/li>\n<li data-start=\"1768\" data-end=\"1807\">\n<p data-start=\"1770\" data-end=\"1807\"><strong data-start=\"1770\" data-end=\"1788\">Puerto de red:<\/strong> Ethernet 10\/100M<\/p>\n<\/li>\n<li data-start=\"1808\" data-end=\"1873\">\n<p data-start=\"1810\" data-end=\"1873\"><strong data-start=\"1810\" data-end=\"1827\">Alimentaci\u00f3n:<\/strong> DC12V, compatible con POE (requiere m\u00f3dulo)<\/p>\n<\/li>\n<li data-start=\"1874\" data-end=\"1915\">\n<p data-start=\"1876\" data-end=\"1915\"><strong data-start=\"1876\" data-end=\"1899\">Ambiente operativo:<\/strong> -30\u00b0C a +60\u00b0C<\/p>\n<\/li>\n<\/ul>\n<h4 data-start=\"1118\" data-end=\"1137\">Aplicaci\u00f3n:<\/h4>\n<p data-start=\"1138\" data-end=\"1273\">Dise\u00f1ada para uso en calles, dep\u00f3sitos, estacionamientos subterr\u00e1neos y otros entornos que exigen calidad de imagen en alta definici\u00f3n.<\/p>","protected":false},"excerpt":{"rendered":"<article class=\"text-token-text-primary w-full\" dir=\"auto\" data-testid=\"conversation-turn-22\" data-scroll-anchor=\"true\">\n<div class=\"text-base my-auto mx-auto py-5 [--thread-content-margin:--spacing(4)] @[37rem]:[--thread-content-margin:--spacing(6)] @[72rem]:[--thread-content-margin:--spacing(16)] px-(--thread-content-margin)\">\n<div class=\"[--thread-content-max-width:32rem] @[34rem]:[--thread-content-max-width:40rem] @[64rem]:[--thread-content-max-width:48rem] mx-auto flex max-w-(--thread-content-max-width) flex-1 text-base gap-4 md:gap-5 lg:gap-6 group\/turn-messages focus-visible:outline-hidden\" tabindex=\"-1\">\n<div class=\"group\/conversation-turn relative flex w-full min-w-0 flex-col agent-turn\">\n<div class=\"relative flex-col gap-1 md:gap-3\">\n<div class=\"flex max-w-full flex-col grow\">\n<div class=\"min-h-8 text-message relative flex w-full flex-col items-end gap-2 text-start break-words whitespace-normal [.text-message+&amp;]:mt-5\" dir=\"auto\" data-message-author-role=\"assistant\" data-message-id=\"52130ac4-a68f-40df-920c-bfc8b67075f5\" data-message-model-slug=\"gpt-4o\">\n<div class=\"flex w-full flex-col gap-1 empty:hidden first:pt-[3px]\">\n<div class=\"markdown prose dark:prose-invert w-full break-words light\">\n<article class=\"text-token-text-primary w-full\" dir=\"auto\" data-testid=\"conversation-turn-24\" data-scroll-anchor=\"true\">\n<div class=\"text-base my-auto mx-auto py-5 [--thread-content-margin:--spacing(4)] @[37rem]:[--thread-content-margin:--spacing(6)] @[72rem]:[--thread-content-margin:--spacing(16)] px-(--thread-content-margin)\">\n<div class=\"[--thread-content-max-width:32rem] @[34rem]:[--thread-content-max-width:40rem] @[64rem]:[--thread-content-max-width:48rem] mx-auto flex max-w-(--thread-content-max-width) flex-1 text-base gap-4 md:gap-5 lg:gap-6 group\/turn-messages focus-visible:outline-hidden\" tabindex=\"-1\">\n<div class=\"group\/conversation-turn relative flex w-full min-w-0 flex-col agent-turn\">\n<div class=\"relative flex-col gap-1 md:gap-3\">\n<div class=\"flex max-w-full flex-col grow\">\n<div class=\"min-h-8 text-message relative flex w-full flex-col items-end gap-2 text-start break-words whitespace-normal [.text-message+&amp;]:mt-5\" dir=\"auto\" data-message-author-role=\"assistant\" data-message-id=\"8323766f-1e9d-4366-95d3-f4408495cfe5\" data-message-model-slug=\"gpt-4o\">\n<div class=\"flex w-full flex-col gap-1 empty:hidden first:pt-[3px]\">\n<div class=\"markdown prose dark:prose-invert w-full break-words light\">\n<p data-start=\"1953\" data-end=\"2115\" data-is-last-node=\"\" data-is-only-node=\"\">C\u00e1mara IP 2MP Full HD con audio, visi\u00f3n nocturna, POE opcional y compatibilidad ONVIF. Ideal para vigilancia en exteriores. Acceso remoto desde PC, Android e iOS.<\/p>\n<p data-start=\"1953\" data-end=\"2115\" data-is-last-node=\"\" data-is-only-node=\"\"><strong>\u26a0\ufe0f <em data-start=\"289\" data-end=\"386\">Te recomendamos revisar bien tu compra, ya que este art\u00edculo no admite cambios ni devoluciones.\u00a0<\/em><\/strong><\/p>\n<\/div>\n<\/div>\n<\/div>\n<\/div>\n<div class=\"mt-3 w-full empty:hidden\">\n<div class=\"text-center\"><\/div>\n<\/div>\n<\/div>\n<div class=\"absolute\">\n<div class=\"flex items-center justify-center\"><\/div>\n<\/div>\n<\/div>\n<\/div>\n<\/div>\n<\/article>\n<div class=\"pointer-events-none h-px w-px\" aria-hidden=\"true\" data-edge=\"true\"><\/div>\n<\/div>\n<\/div>\n<\/div>\n<\/div>\n<\/div>\n<div class=\"absolute\">\n<div class=\"flex items-center justify-center\"><\/div>\n<\/div>\n<\/div>\n<\/div>\n<\/div>\n<\/article>\n<div class=\"pointer-events-none h-px w-px\" aria-hidden=\"true\" data-edge=\"true\"><\/div>\n","protected":false},"featured_media":2241,"comment_status":"open","ping_status":"closed","template":"","meta":{"_joinchat":[]},"product_brand":[],"product_cat":[164,157],"product_tag":[],"class_list":{"0":"post-2213","1":"product","2":"type-product","3":"status-publish","4":"has-post-thumbnail","6":"product_cat-camaras-ip","7":"product_cat-electronica","9":"first","10":"instock","11":"shipping-taxable","12":"purchasable","13":"product-type-simple"},"yoast_head":"<!-- This site is optimized with the Yoast SEO plugin v27.3 - https:\/\/yoast.com\/product\/yoast-seo-wordpress\/ -->\n<title>C\u00e1mara IP HD 2.0 MP con Audio y POE opcional - Voss2000<\/title>\n<meta name=\"description\" content=\"MODIFICAR\" \/>\n<meta name=\"robots\" content=\"index, follow, max-snippet:-1, max-image-preview:large, max-video-preview:-1\" \/>\n<link rel=\"canonical\" href=\"https:\/\/voss2000.com\/en\/product\/camara-ip-hd-2-0-mp-con-audio-y-poe-opcional\/\" \/>\n<meta property=\"og:locale\" content=\"en_GB\" \/>\n<meta property=\"og:type\" content=\"article\" \/>\n<meta property=\"og:title\" content=\"C\u00e1mara IP HD 2.0 MP con Audio y POE opcional - Voss2000\" \/>\n<meta property=\"og:description\" content=\"MODIFICAR\" \/>\n<meta property=\"og:url\" content=\"https:\/\/voss2000.com\/en\/product\/camara-ip-hd-2-0-mp-con-audio-y-poe-opcional\/\" \/>\n<meta property=\"og:site_name\" content=\"Voss2000\" \/>\n<meta property=\"article:modified_time\" content=\"2025-11-11T16:40:56+00:00\" \/>\n<meta property=\"og:image\" content=\"https:\/\/voss2000.com\/wp-content\/uploads\/2025\/06\/voss-31-scaled.jpg\" \/>\n\t<meta property=\"og:image:width\" content=\"2560\" \/>\n\t<meta property=\"og:image:height\" content=\"2560\" \/>\n\t<meta property=\"og:image:type\" content=\"image\/jpeg\" \/>\n<meta name=\"twitter:card\" content=\"summary_large_image\" \/>\n<meta name=\"twitter:label1\" content=\"Estimated reading time\" \/>\n\t<meta name=\"twitter:data1\" content=\"1 minute\" \/>\n<script type=\"application\/ld+json\" class=\"yoast-schema-graph\">{\"@context\":\"https:\\\/\\\/schema.org\",\"@graph\":[{\"@type\":\"WebPage\",\"@id\":\"https:\\\/\\\/voss2000.com\\\/producto\\\/camara-ip-hd-2-0-mp-con-audio-y-poe-opcional\\\/\",\"url\":\"https:\\\/\\\/voss2000.com\\\/producto\\\/camara-ip-hd-2-0-mp-con-audio-y-poe-opcional\\\/\",\"name\":\"C\u00e1mara IP HD 2.0 MP con Audio y POE opcional - Voss2000\",\"isPartOf\":{\"@id\":\"https:\\\/\\\/voss2000.com\\\/#website\"},\"primaryImageOfPage\":{\"@id\":\"https:\\\/\\\/voss2000.com\\\/producto\\\/camara-ip-hd-2-0-mp-con-audio-y-poe-opcional\\\/#primaryimage\"},\"image\":{\"@id\":\"https:\\\/\\\/voss2000.com\\\/producto\\\/camara-ip-hd-2-0-mp-con-audio-y-poe-opcional\\\/#primaryimage\"},\"thumbnailUrl\":\"https:\\\/\\\/voss2000.com\\\/wp-content\\\/uploads\\\/2025\\\/06\\\/voss-31-scaled.jpg\",\"datePublished\":\"2025-06-02T17:21:03+00:00\",\"dateModified\":\"2025-11-11T16:40:56+00:00\",\"description\":\"MODIFICAR\",\"breadcrumb\":{\"@id\":\"https:\\\/\\\/voss2000.com\\\/producto\\\/camara-ip-hd-2-0-mp-con-audio-y-poe-opcional\\\/#breadcrumb\"},\"inLanguage\":\"en-GB\",\"potentialAction\":[{\"@type\":\"ReadAction\",\"target\":[\"https:\\\/\\\/voss2000.com\\\/producto\\\/camara-ip-hd-2-0-mp-con-audio-y-poe-opcional\\\/\"]}]},{\"@type\":\"ImageObject\",\"inLanguage\":\"en-GB\",\"@id\":\"https:\\\/\\\/voss2000.com\\\/producto\\\/camara-ip-hd-2-0-mp-con-audio-y-poe-opcional\\\/#primaryimage\",\"url\":\"https:\\\/\\\/voss2000.com\\\/wp-content\\\/uploads\\\/2025\\\/06\\\/voss-31-scaled.jpg\",\"contentUrl\":\"https:\\\/\\\/voss2000.com\\\/wp-content\\\/uploads\\\/2025\\\/06\\\/voss-31-scaled.jpg\",\"width\":2560,\"height\":2560},{\"@type\":\"BreadcrumbList\",\"@id\":\"https:\\\/\\\/voss2000.com\\\/producto\\\/camara-ip-hd-2-0-mp-con-audio-y-poe-opcional\\\/#breadcrumb\",\"itemListElement\":[{\"@type\":\"ListItem\",\"position\":1,\"name\":\"Portada\",\"item\":\"https:\\\/\\\/voss2000.com\\\/\"},{\"@type\":\"ListItem\",\"position\":2,\"name\":\"Shop\",\"item\":\"https:\\\/\\\/voss2000.com\\\/en\\\/shop\\\/\"},{\"@type\":\"ListItem\",\"position\":3,\"name\":\"C\u00e1mara IP HD 2.0 MP con Audio y POE opcional\"}]},{\"@type\":\"WebSite\",\"@id\":\"https:\\\/\\\/voss2000.com\\\/#website\",\"url\":\"https:\\\/\\\/voss2000.com\\\/\",\"name\":\"Voss2000\",\"description\":\"\",\"publisher\":{\"@id\":\"https:\\\/\\\/voss2000.com\\\/#organization\"},\"potentialAction\":[{\"@type\":\"SearchAction\",\"target\":{\"@type\":\"EntryPoint\",\"urlTemplate\":\"https:\\\/\\\/voss2000.com\\\/?s={search_term_string}\"},\"query-input\":{\"@type\":\"PropertyValueSpecification\",\"valueRequired\":true,\"valueName\":\"search_term_string\"}}],\"inLanguage\":\"en-GB\"},{\"@type\":\"Organization\",\"@id\":\"https:\\\/\\\/voss2000.com\\\/#organization\",\"name\":\"Voss2000\",\"url\":\"https:\\\/\\\/voss2000.com\\\/\",\"logo\":{\"@type\":\"ImageObject\",\"inLanguage\":\"en-GB\",\"@id\":\"https:\\\/\\\/voss2000.com\\\/#\\\/schema\\\/logo\\\/image\\\/\",\"url\":\"https:\\\/\\\/voss2000.com\\\/wp-content\\\/uploads\\\/2023\\\/08\\\/Logo.png\",\"contentUrl\":\"https:\\\/\\\/voss2000.com\\\/wp-content\\\/uploads\\\/2023\\\/08\\\/Logo.png\",\"width\":425,\"height\":292,\"caption\":\"Voss2000\"},\"image\":{\"@id\":\"https:\\\/\\\/voss2000.com\\\/#\\\/schema\\\/logo\\\/image\\\/\"}}]}<\/script>\n<!-- \/ Yoast SEO plugin. -->","yoast_head_json":{"title":"C\u00e1mara IP HD 2.0 MP con Audio y POE opcional - Voss2000","description":"MODIFICAR","robots":{"index":"index","follow":"follow","max-snippet":"max-snippet:-1","max-image-preview":"max-image-preview:large","max-video-preview":"max-video-preview:-1"},"canonical":"https:\/\/voss2000.com\/en\/product\/camara-ip-hd-2-0-mp-con-audio-y-poe-opcional\/","og_locale":"en_GB","og_type":"article","og_title":"C\u00e1mara IP HD 2.0 MP con Audio y POE opcional - Voss2000","og_description":"MODIFICAR","og_url":"https:\/\/voss2000.com\/en\/product\/camara-ip-hd-2-0-mp-con-audio-y-poe-opcional\/","og_site_name":"Voss2000","article_modified_time":"2025-11-11T16:40:56+00:00","og_image":[{"width":2560,"height":2560,"url":"https:\/\/voss2000.com\/wp-content\/uploads\/2025\/06\/voss-31-scaled.jpg","type":"image\/jpeg"}],"twitter_card":"summary_large_image","twitter_misc":{"Estimated reading time":"1 minute"},"schema":{"@context":"https:\/\/schema.org","@graph":[{"@type":"WebPage","@id":"https:\/\/voss2000.com\/producto\/camara-ip-hd-2-0-mp-con-audio-y-poe-opcional\/","url":"https:\/\/voss2000.com\/producto\/camara-ip-hd-2-0-mp-con-audio-y-poe-opcional\/","name":"C\u00e1mara IP HD 2.0 MP con Audio y POE opcional - Voss2000","isPartOf":{"@id":"https:\/\/voss2000.com\/#website"},"primaryImageOfPage":{"@id":"https:\/\/voss2000.com\/producto\/camara-ip-hd-2-0-mp-con-audio-y-poe-opcional\/#primaryimage"},"image":{"@id":"https:\/\/voss2000.com\/producto\/camara-ip-hd-2-0-mp-con-audio-y-poe-opcional\/#primaryimage"},"thumbnailUrl":"https:\/\/voss2000.com\/wp-content\/uploads\/2025\/06\/voss-31-scaled.jpg","datePublished":"2025-06-02T17:21:03+00:00","dateModified":"2025-11-11T16:40:56+00:00","description":"MODIFICAR","breadcrumb":{"@id":"https:\/\/voss2000.com\/producto\/camara-ip-hd-2-0-mp-con-audio-y-poe-opcional\/#breadcrumb"},"inLanguage":"en-GB","potentialAction":[{"@type":"ReadAction","target":["https:\/\/voss2000.com\/producto\/camara-ip-hd-2-0-mp-con-audio-y-poe-opcional\/"]}]},{"@type":"ImageObject","inLanguage":"en-GB","@id":"https:\/\/voss2000.com\/producto\/camara-ip-hd-2-0-mp-con-audio-y-poe-opcional\/#primaryimage","url":"https:\/\/voss2000.com\/wp-content\/uploads\/2025\/06\/voss-31-scaled.jpg","contentUrl":"https:\/\/voss2000.com\/wp-content\/uploads\/2025\/06\/voss-31-scaled.jpg","width":2560,"height":2560},{"@type":"BreadcrumbList","@id":"https:\/\/voss2000.com\/producto\/camara-ip-hd-2-0-mp-con-audio-y-poe-opcional\/#breadcrumb","itemListElement":[{"@type":"ListItem","position":1,"name":"Portada","item":"https:\/\/voss2000.com\/"},{"@type":"ListItem","position":2,"name":"Shop","item":"https:\/\/voss2000.com\/en\/shop\/"},{"@type":"ListItem","position":3,"name":"C\u00e1mara IP HD 2.0 MP con Audio y POE opcional"}]},{"@type":"WebSite","@id":"https:\/\/voss2000.com\/#website","url":"https:\/\/voss2000.com\/","name":"Voss2000","description":"","publisher":{"@id":"https:\/\/voss2000.com\/#organization"},"potentialAction":[{"@type":"SearchAction","target":{"@type":"EntryPoint","urlTemplate":"https:\/\/voss2000.com\/?s={search_term_string}"},"query-input":{"@type":"PropertyValueSpecification","valueRequired":true,"valueName":"search_term_string"}}],"inLanguage":"en-GB"},{"@type":"Organization","@id":"https:\/\/voss2000.com\/#organization","name":"Voss2000","url":"https:\/\/voss2000.com\/","logo":{"@type":"ImageObject","inLanguage":"en-GB","@id":"https:\/\/voss2000.com\/#\/schema\/logo\/image\/","url":"https:\/\/voss2000.com\/wp-content\/uploads\/2023\/08\/Logo.png","contentUrl":"https:\/\/voss2000.com\/wp-content\/uploads\/2023\/08\/Logo.png","width":425,"height":292,"caption":"Voss2000"},"image":{"@id":"https:\/\/voss2000.com\/#\/schema\/logo\/image\/"}}]}},"_links":{"self":[{"href":"https:\/\/voss2000.com\/en\/wp-json\/wp\/v2\/product\/2213","targetHints":{"allow":["GET"]}}],"collection":[{"href":"https:\/\/voss2000.com\/en\/wp-json\/wp\/v2\/product"}],"about":[{"href":"https:\/\/voss2000.com\/en\/wp-json\/wp\/v2\/types\/product"}],"replies":[{"embeddable":true,"href":"https:\/\/voss2000.com\/en\/wp-json\/wp\/v2\/comments?post=2213"}],"wp:featuredmedia":[{"embeddable":true,"href":"https:\/\/voss2000.com\/en\/wp-json\/wp\/v2\/media\/2241"}],"wp:attachment":[{"href":"https:\/\/voss2000.com\/en\/wp-json\/wp\/v2\/media?parent=2213"}],"wp:term":[{"taxonomy":"product_brand","embeddable":true,"href":"https:\/\/voss2000.com\/en\/wp-json\/wp\/v2\/product_brand?post=2213"},{"taxonomy":"product_cat","embeddable":true,"href":"https:\/\/voss2000.com\/en\/wp-json\/wp\/v2\/product_cat?post=2213"},{"taxonomy":"product_tag","embeddable":true,"href":"https:\/\/voss2000.com\/en\/wp-json\/wp\/v2\/product_tag?post=2213"}],"curies":[{"name":"wp","href":"https:\/\/api.w.org\/{rel}","templated":true}]}}