{"id":2212,"date":"2025-06-02T14:16:39","date_gmt":"2025-06-02T17:16:39","guid":{"rendered":"https:\/\/voss2000.com\/?post_type=product&#038;p=2212"},"modified":"2025-11-11T13:40:18","modified_gmt":"2025-11-11T16:40:18","slug":"camara-ip-hd-1-3-mp-con-audio-y-funcion-poe-opcional","status":"publish","type":"product","link":"https:\/\/voss2000.com\/en\/product\/camara-ip-hd-1-3-mp-con-audio-y-funcion-poe-opcional\/","title":{"rendered":"C\u00e1mara IP HD 1.3 MP con Audio y funci\u00f3n POE opcional"},"content":{"rendered":"<h4>Especificaciones:<\/h4>\n<ul>\n<li data-start=\"1221\" data-end=\"1248\">\n<p data-start=\"1223\" data-end=\"1248\"><strong data-start=\"1223\" data-end=\"1234\">Modelo:<\/strong> BIP13G-ND20<\/p>\n<\/li>\n<li data-start=\"1249\" data-end=\"1305\">\n<p data-start=\"1251\" data-end=\"1305\"><strong data-start=\"1251\" data-end=\"1266\">Sensor\/DSP:<\/strong> CMOS 1\/3&#8243; 1.3 MP R0130 \/ GOKE GK7102<\/p>\n<\/li>\n<li data-start=\"1306\" data-end=\"1369\">\n<p data-start=\"1308\" data-end=\"1369\"><strong data-start=\"1308\" data-end=\"1323\">Resoluci\u00f3n:<\/strong> 1280&#215;960 (principal) \/ 352&#215;288 (secundaria)<\/p>\n<\/li>\n<li data-start=\"1370\" data-end=\"1455\">\n<p data-start=\"1372\" data-end=\"1455\"><strong data-start=\"1372\" data-end=\"1398\">Formato de compresi\u00f3n:<\/strong> H.264 (video), G711U (audio), con entrada de micr\u00f3fono<\/p>\n<\/li>\n<li data-start=\"1456\" data-end=\"1484\">\n<p data-start=\"1458\" data-end=\"1484\"><strong data-start=\"1458\" data-end=\"1473\">Frecuencia:<\/strong> 25\u20135 fps<\/p>\n<\/li>\n<li data-start=\"1485\" data-end=\"1527\">\n<p data-start=\"1487\" data-end=\"1527\"><strong data-start=\"1487\" data-end=\"1510\">Iluminaci\u00f3n m\u00ednima:<\/strong> 0.1 Lux \/ F1.2<\/p>\n<\/li>\n<li data-start=\"1528\" data-end=\"1577\">\n<p data-start=\"1530\" data-end=\"1577\"><strong data-start=\"1530\" data-end=\"1549\">Almacenamiento:<\/strong> En PC con CMS o disco NVR<\/p>\n<\/li>\n<li data-start=\"1578\" data-end=\"1657\">\n<p data-start=\"1580\" data-end=\"1657\"><strong data-start=\"1580\" data-end=\"1592\">Alarmas:<\/strong> Por detecci\u00f3n de movimiento, video perdido, con sonido o email<\/p>\n<\/li>\n<li data-start=\"1658\" data-end=\"1725\">\n<p data-start=\"1660\" data-end=\"1725\"><strong data-start=\"1660\" data-end=\"1681\">Protocolo de red:<\/strong> TCP\/IP, HTTP, DHCP, DNS, RTSP, SMTP, etc.<\/p>\n<\/li>\n<li data-start=\"1726\" data-end=\"1780\">\n<p data-start=\"1728\" data-end=\"1780\"><strong data-start=\"1728\" data-end=\"1746\">Acceso remoto:<\/strong> Compatible con PC, Android, iOS<\/p>\n<\/li>\n<li data-start=\"1781\" data-end=\"1820\">\n<p data-start=\"1783\" data-end=\"1820\"><strong data-start=\"1783\" data-end=\"1801\">Puerto de red:<\/strong> Ethernet 10\/100M<\/p>\n<\/li>\n<li data-start=\"1821\" data-end=\"1886\">\n<p data-start=\"1823\" data-end=\"1886\"><strong data-start=\"1823\" data-end=\"1840\">Alimentaci\u00f3n:<\/strong> DC12V, compatible con POE (requiere m\u00f3dulo)<\/p>\n<\/li>\n<li data-start=\"1887\" data-end=\"1928\">\n<p data-start=\"1889\" data-end=\"1928\"><strong data-start=\"1889\" data-end=\"1912\">Entorno de trabajo:<\/strong> -30\u00b0C a +60\u00b0C<\/p>\n<\/li>\n<\/ul>\n<h4 data-start=\"1063\" data-end=\"1082\">Aplicaci\u00f3n:<\/h4>\n<p data-start=\"1083\" data-end=\"1193\">Ideal para calles, dep\u00f3sitos, estacionamientos subterr\u00e1neos y entornos que requieran video de alta definici\u00f3n.<\/p>","protected":false},"excerpt":{"rendered":"<article class=\"text-token-text-primary w-full\" dir=\"auto\" data-testid=\"conversation-turn-22\" data-scroll-anchor=\"true\">\n<div class=\"text-base my-auto mx-auto py-5 [--thread-content-margin:--spacing(4)] @[37rem]:[--thread-content-margin:--spacing(6)] @[72rem]:[--thread-content-margin:--spacing(16)] px-(--thread-content-margin)\">\n<div class=\"[--thread-content-max-width:32rem] @[34rem]:[--thread-content-max-width:40rem] @[64rem]:[--thread-content-max-width:48rem] mx-auto flex max-w-(--thread-content-max-width) flex-1 text-base gap-4 md:gap-5 lg:gap-6 group\/turn-messages focus-visible:outline-hidden\" tabindex=\"-1\">\n<div class=\"group\/conversation-turn relative flex w-full min-w-0 flex-col agent-turn\">\n<div class=\"relative flex-col gap-1 md:gap-3\">\n<div class=\"flex max-w-full flex-col grow\">\n<div class=\"min-h-8 text-message relative flex w-full flex-col items-end gap-2 text-start break-words whitespace-normal [.text-message+&amp;]:mt-5\" dir=\"auto\" data-message-author-role=\"assistant\" data-message-id=\"52130ac4-a68f-40df-920c-bfc8b67075f5\" data-message-model-slug=\"gpt-4o\">\n<div class=\"flex w-full flex-col gap-1 empty:hidden first:pt-[3px]\">\n<div class=\"markdown prose dark:prose-invert w-full break-words light\">\n<p data-start=\"1966\" data-end=\"2154\" data-is-last-node=\"\" data-is-only-node=\"\">C\u00e1mara IP 1.3MP con audio y POE opcional. Resoluci\u00f3n 960P, visi\u00f3n nocturna, detecci\u00f3n de movimiento, acceso remoto y compatibilidad ONVIF. Ideal para vigilancia en interiores o exteriores.<\/p>\n<p data-start=\"1966\" data-end=\"2154\" data-is-last-node=\"\" data-is-only-node=\"\"><strong>\u26a0\ufe0f <em data-start=\"289\" data-end=\"386\">Te recomendamos revisar bien tu compra, ya que este art\u00edculo no admite cambios ni devoluciones.<\/em><\/strong><\/p>\n<\/div>\n<\/div>\n<\/div>\n<\/div>\n<\/div>\n<div class=\"absolute\">\n<div class=\"flex items-center justify-center\"><\/div>\n<\/div>\n<\/div>\n<\/div>\n<\/div>\n<\/article>\n<div class=\"pointer-events-none h-px w-px\" aria-hidden=\"true\" data-edge=\"true\"><\/div>\n","protected":false},"featured_media":2240,"comment_status":"open","ping_status":"closed","template":"","meta":{"_joinchat":[]},"product_brand":[],"product_cat":[164,157],"product_tag":[],"class_list":{"0":"post-2212","1":"product","2":"type-product","3":"status-publish","4":"has-post-thumbnail","6":"product_cat-camaras-ip","7":"product_cat-electronica","9":"first","10":"instock","11":"shipping-taxable","12":"purchasable","13":"product-type-simple"},"yoast_head":"<!-- This site is optimized with the Yoast SEO plugin v27.3 - https:\/\/yoast.com\/product\/yoast-seo-wordpress\/ -->\n<title>C\u00e1mara IP HD 1.3 MP con Audio y funci\u00f3n POE opcional - Voss2000<\/title>\n<meta name=\"description\" content=\"MODIFICAR\" \/>\n<meta name=\"robots\" content=\"index, follow, max-snippet:-1, max-image-preview:large, max-video-preview:-1\" \/>\n<link rel=\"canonical\" href=\"https:\/\/voss2000.com\/en\/product\/camara-ip-hd-1-3-mp-con-audio-y-funcion-poe-opcional\/\" \/>\n<meta property=\"og:locale\" content=\"en_GB\" \/>\n<meta property=\"og:type\" content=\"article\" \/>\n<meta property=\"og:title\" content=\"C\u00e1mara IP HD 1.3 MP con Audio y funci\u00f3n POE opcional - Voss2000\" \/>\n<meta property=\"og:description\" content=\"MODIFICAR\" \/>\n<meta property=\"og:url\" content=\"https:\/\/voss2000.com\/en\/product\/camara-ip-hd-1-3-mp-con-audio-y-funcion-poe-opcional\/\" \/>\n<meta property=\"og:site_name\" content=\"Voss2000\" \/>\n<meta property=\"article:modified_time\" content=\"2025-11-11T16:40:18+00:00\" \/>\n<meta property=\"og:image\" content=\"https:\/\/voss2000.com\/wp-content\/uploads\/2025\/06\/voss-30-scaled.jpg\" \/>\n\t<meta property=\"og:image:width\" content=\"2560\" \/>\n\t<meta property=\"og:image:height\" content=\"2560\" \/>\n\t<meta property=\"og:image:type\" content=\"image\/jpeg\" \/>\n<meta name=\"twitter:card\" content=\"summary_large_image\" \/>\n<meta name=\"twitter:label1\" content=\"Estimated reading time\" \/>\n\t<meta name=\"twitter:data1\" content=\"1 minute\" \/>\n<script type=\"application\/ld+json\" class=\"yoast-schema-graph\">{\"@context\":\"https:\\\/\\\/schema.org\",\"@graph\":[{\"@type\":\"WebPage\",\"@id\":\"https:\\\/\\\/voss2000.com\\\/producto\\\/camara-ip-hd-1-3-mp-con-audio-y-funcion-poe-opcional\\\/\",\"url\":\"https:\\\/\\\/voss2000.com\\\/producto\\\/camara-ip-hd-1-3-mp-con-audio-y-funcion-poe-opcional\\\/\",\"name\":\"C\u00e1mara IP HD 1.3 MP con Audio y funci\u00f3n POE opcional - Voss2000\",\"isPartOf\":{\"@id\":\"https:\\\/\\\/voss2000.com\\\/#website\"},\"primaryImageOfPage\":{\"@id\":\"https:\\\/\\\/voss2000.com\\\/producto\\\/camara-ip-hd-1-3-mp-con-audio-y-funcion-poe-opcional\\\/#primaryimage\"},\"image\":{\"@id\":\"https:\\\/\\\/voss2000.com\\\/producto\\\/camara-ip-hd-1-3-mp-con-audio-y-funcion-poe-opcional\\\/#primaryimage\"},\"thumbnailUrl\":\"https:\\\/\\\/voss2000.com\\\/wp-content\\\/uploads\\\/2025\\\/06\\\/voss-30-scaled.jpg\",\"datePublished\":\"2025-06-02T17:16:39+00:00\",\"dateModified\":\"2025-11-11T16:40:18+00:00\",\"description\":\"MODIFICAR\",\"breadcrumb\":{\"@id\":\"https:\\\/\\\/voss2000.com\\\/producto\\\/camara-ip-hd-1-3-mp-con-audio-y-funcion-poe-opcional\\\/#breadcrumb\"},\"inLanguage\":\"en-GB\",\"potentialAction\":[{\"@type\":\"ReadAction\",\"target\":[\"https:\\\/\\\/voss2000.com\\\/producto\\\/camara-ip-hd-1-3-mp-con-audio-y-funcion-poe-opcional\\\/\"]}]},{\"@type\":\"ImageObject\",\"inLanguage\":\"en-GB\",\"@id\":\"https:\\\/\\\/voss2000.com\\\/producto\\\/camara-ip-hd-1-3-mp-con-audio-y-funcion-poe-opcional\\\/#primaryimage\",\"url\":\"https:\\\/\\\/voss2000.com\\\/wp-content\\\/uploads\\\/2025\\\/06\\\/voss-30-scaled.jpg\",\"contentUrl\":\"https:\\\/\\\/voss2000.com\\\/wp-content\\\/uploads\\\/2025\\\/06\\\/voss-30-scaled.jpg\",\"width\":2560,\"height\":2560},{\"@type\":\"BreadcrumbList\",\"@id\":\"https:\\\/\\\/voss2000.com\\\/producto\\\/camara-ip-hd-1-3-mp-con-audio-y-funcion-poe-opcional\\\/#breadcrumb\",\"itemListElement\":[{\"@type\":\"ListItem\",\"position\":1,\"name\":\"Portada\",\"item\":\"https:\\\/\\\/voss2000.com\\\/\"},{\"@type\":\"ListItem\",\"position\":2,\"name\":\"Shop\",\"item\":\"https:\\\/\\\/voss2000.com\\\/en\\\/shop\\\/\"},{\"@type\":\"ListItem\",\"position\":3,\"name\":\"C\u00e1mara IP HD 1.3 MP con Audio y funci\u00f3n POE opcional\"}]},{\"@type\":\"WebSite\",\"@id\":\"https:\\\/\\\/voss2000.com\\\/#website\",\"url\":\"https:\\\/\\\/voss2000.com\\\/\",\"name\":\"Voss2000\",\"description\":\"\",\"publisher\":{\"@id\":\"https:\\\/\\\/voss2000.com\\\/#organization\"},\"potentialAction\":[{\"@type\":\"SearchAction\",\"target\":{\"@type\":\"EntryPoint\",\"urlTemplate\":\"https:\\\/\\\/voss2000.com\\\/?s={search_term_string}\"},\"query-input\":{\"@type\":\"PropertyValueSpecification\",\"valueRequired\":true,\"valueName\":\"search_term_string\"}}],\"inLanguage\":\"en-GB\"},{\"@type\":\"Organization\",\"@id\":\"https:\\\/\\\/voss2000.com\\\/#organization\",\"name\":\"Voss2000\",\"url\":\"https:\\\/\\\/voss2000.com\\\/\",\"logo\":{\"@type\":\"ImageObject\",\"inLanguage\":\"en-GB\",\"@id\":\"https:\\\/\\\/voss2000.com\\\/#\\\/schema\\\/logo\\\/image\\\/\",\"url\":\"https:\\\/\\\/voss2000.com\\\/wp-content\\\/uploads\\\/2023\\\/08\\\/Logo.png\",\"contentUrl\":\"https:\\\/\\\/voss2000.com\\\/wp-content\\\/uploads\\\/2023\\\/08\\\/Logo.png\",\"width\":425,\"height\":292,\"caption\":\"Voss2000\"},\"image\":{\"@id\":\"https:\\\/\\\/voss2000.com\\\/#\\\/schema\\\/logo\\\/image\\\/\"}}]}<\/script>\n<!-- \/ Yoast SEO plugin. -->","yoast_head_json":{"title":"C\u00e1mara IP HD 1.3 MP con Audio y funci\u00f3n POE opcional - Voss2000","description":"MODIFICAR","robots":{"index":"index","follow":"follow","max-snippet":"max-snippet:-1","max-image-preview":"max-image-preview:large","max-video-preview":"max-video-preview:-1"},"canonical":"https:\/\/voss2000.com\/en\/product\/camara-ip-hd-1-3-mp-con-audio-y-funcion-poe-opcional\/","og_locale":"en_GB","og_type":"article","og_title":"C\u00e1mara IP HD 1.3 MP con Audio y funci\u00f3n POE opcional - Voss2000","og_description":"MODIFICAR","og_url":"https:\/\/voss2000.com\/en\/product\/camara-ip-hd-1-3-mp-con-audio-y-funcion-poe-opcional\/","og_site_name":"Voss2000","article_modified_time":"2025-11-11T16:40:18+00:00","og_image":[{"width":2560,"height":2560,"url":"https:\/\/voss2000.com\/wp-content\/uploads\/2025\/06\/voss-30-scaled.jpg","type":"image\/jpeg"}],"twitter_card":"summary_large_image","twitter_misc":{"Estimated reading time":"1 minute"},"schema":{"@context":"https:\/\/schema.org","@graph":[{"@type":"WebPage","@id":"https:\/\/voss2000.com\/producto\/camara-ip-hd-1-3-mp-con-audio-y-funcion-poe-opcional\/","url":"https:\/\/voss2000.com\/producto\/camara-ip-hd-1-3-mp-con-audio-y-funcion-poe-opcional\/","name":"C\u00e1mara IP HD 1.3 MP con Audio y funci\u00f3n POE opcional - Voss2000","isPartOf":{"@id":"https:\/\/voss2000.com\/#website"},"primaryImageOfPage":{"@id":"https:\/\/voss2000.com\/producto\/camara-ip-hd-1-3-mp-con-audio-y-funcion-poe-opcional\/#primaryimage"},"image":{"@id":"https:\/\/voss2000.com\/producto\/camara-ip-hd-1-3-mp-con-audio-y-funcion-poe-opcional\/#primaryimage"},"thumbnailUrl":"https:\/\/voss2000.com\/wp-content\/uploads\/2025\/06\/voss-30-scaled.jpg","datePublished":"2025-06-02T17:16:39+00:00","dateModified":"2025-11-11T16:40:18+00:00","description":"MODIFICAR","breadcrumb":{"@id":"https:\/\/voss2000.com\/producto\/camara-ip-hd-1-3-mp-con-audio-y-funcion-poe-opcional\/#breadcrumb"},"inLanguage":"en-GB","potentialAction":[{"@type":"ReadAction","target":["https:\/\/voss2000.com\/producto\/camara-ip-hd-1-3-mp-con-audio-y-funcion-poe-opcional\/"]}]},{"@type":"ImageObject","inLanguage":"en-GB","@id":"https:\/\/voss2000.com\/producto\/camara-ip-hd-1-3-mp-con-audio-y-funcion-poe-opcional\/#primaryimage","url":"https:\/\/voss2000.com\/wp-content\/uploads\/2025\/06\/voss-30-scaled.jpg","contentUrl":"https:\/\/voss2000.com\/wp-content\/uploads\/2025\/06\/voss-30-scaled.jpg","width":2560,"height":2560},{"@type":"BreadcrumbList","@id":"https:\/\/voss2000.com\/producto\/camara-ip-hd-1-3-mp-con-audio-y-funcion-poe-opcional\/#breadcrumb","itemListElement":[{"@type":"ListItem","position":1,"name":"Portada","item":"https:\/\/voss2000.com\/"},{"@type":"ListItem","position":2,"name":"Shop","item":"https:\/\/voss2000.com\/en\/shop\/"},{"@type":"ListItem","position":3,"name":"C\u00e1mara IP HD 1.3 MP con Audio y funci\u00f3n POE opcional"}]},{"@type":"WebSite","@id":"https:\/\/voss2000.com\/#website","url":"https:\/\/voss2000.com\/","name":"Voss2000","description":"","publisher":{"@id":"https:\/\/voss2000.com\/#organization"},"potentialAction":[{"@type":"SearchAction","target":{"@type":"EntryPoint","urlTemplate":"https:\/\/voss2000.com\/?s={search_term_string}"},"query-input":{"@type":"PropertyValueSpecification","valueRequired":true,"valueName":"search_term_string"}}],"inLanguage":"en-GB"},{"@type":"Organization","@id":"https:\/\/voss2000.com\/#organization","name":"Voss2000","url":"https:\/\/voss2000.com\/","logo":{"@type":"ImageObject","inLanguage":"en-GB","@id":"https:\/\/voss2000.com\/#\/schema\/logo\/image\/","url":"https:\/\/voss2000.com\/wp-content\/uploads\/2023\/08\/Logo.png","contentUrl":"https:\/\/voss2000.com\/wp-content\/uploads\/2023\/08\/Logo.png","width":425,"height":292,"caption":"Voss2000"},"image":{"@id":"https:\/\/voss2000.com\/#\/schema\/logo\/image\/"}}]}},"_links":{"self":[{"href":"https:\/\/voss2000.com\/en\/wp-json\/wp\/v2\/product\/2212","targetHints":{"allow":["GET"]}}],"collection":[{"href":"https:\/\/voss2000.com\/en\/wp-json\/wp\/v2\/product"}],"about":[{"href":"https:\/\/voss2000.com\/en\/wp-json\/wp\/v2\/types\/product"}],"replies":[{"embeddable":true,"href":"https:\/\/voss2000.com\/en\/wp-json\/wp\/v2\/comments?post=2212"}],"wp:featuredmedia":[{"embeddable":true,"href":"https:\/\/voss2000.com\/en\/wp-json\/wp\/v2\/media\/2240"}],"wp:attachment":[{"href":"https:\/\/voss2000.com\/en\/wp-json\/wp\/v2\/media?parent=2212"}],"wp:term":[{"taxonomy":"product_brand","embeddable":true,"href":"https:\/\/voss2000.com\/en\/wp-json\/wp\/v2\/product_brand?post=2212"},{"taxonomy":"product_cat","embeddable":true,"href":"https:\/\/voss2000.com\/en\/wp-json\/wp\/v2\/product_cat?post=2212"},{"taxonomy":"product_tag","embeddable":true,"href":"https:\/\/voss2000.com\/en\/wp-json\/wp\/v2\/product_tag?post=2212"}],"curies":[{"name":"wp","href":"https:\/\/api.w.org\/{rel}","templated":true}]}}