{"id":2211,"date":"2025-06-02T14:14:05","date_gmt":"2025-06-02T17:14:05","guid":{"rendered":"https:\/\/voss2000.com\/?post_type=product&#038;p=2211"},"modified":"2025-11-11T13:39:32","modified_gmt":"2025-11-11T16:39:32","slug":"camara-bullet-ahd-ir-a-prueba-de-agua-con-zoom-manual-2-0-mp","status":"publish","type":"product","link":"https:\/\/voss2000.com\/en\/product\/camara-bullet-ahd-ir-a-prueba-de-agua-con-zoom-manual-2-0-mp\/","title":{"rendered":"C\u00e1mara Bullet AHD IR a prueba de agua con Zoom Manual @2.0 MP"},"content":{"rendered":"<h4>Especificaciones:<\/h4>\n<ul>\n<li data-start=\"784\" data-end=\"813\">\n<p data-start=\"786\" data-end=\"813\"><strong data-start=\"786\" data-end=\"797\">Modelo:<\/strong> BAHD20A-JTA40<\/p>\n<\/li>\n<li data-start=\"814\" data-end=\"854\">\n<p data-start=\"816\" data-end=\"854\"><strong data-start=\"816\" data-end=\"827\">Sensor:<\/strong> CMOS APTINA 0230 de 1\/3&#8243;<\/p>\n<\/li>\n<li data-start=\"855\" data-end=\"906\">\n<p data-start=\"857\" data-end=\"906\"><strong data-start=\"857\" data-end=\"872\">Resoluci\u00f3n:<\/strong> 1920&#215;1080 (PAL\/NTSC), 1080P@AHD<\/p>\n<\/li>\n<li data-start=\"907\" data-end=\"1037\">\n<p data-start=\"909\" data-end=\"934\"><strong data-start=\"909\" data-end=\"932\">Iluminaci\u00f3n m\u00ednima:<\/strong><\/p>\n<ul data-start=\"937\" data-end=\"1037\">\n<li data-start=\"937\" data-end=\"986\">\n<p data-start=\"939\" data-end=\"986\">Color: 0.1 Lux @ (F1.2, AGC ON), 0 Lux con IR<\/p>\n<\/li>\n<li data-start=\"989\" data-end=\"1037\">\n<p data-start=\"991\" data-end=\"1037\">B\/N: 0.01 Lux @ (F1.2, AGC ON), 0 Lux con IR<\/p>\n<\/li>\n<\/ul>\n<\/li>\n<li data-start=\"1038\" data-end=\"1074\">\n<p data-start=\"1040\" data-end=\"1074\"><strong data-start=\"1040\" data-end=\"1065\">Relaci\u00f3n se\u00f1al\/ruido:<\/strong> &gt;69 dB<\/p>\n<\/li>\n<li data-start=\"1075\" data-end=\"1130\">\n<p data-start=\"1077\" data-end=\"1130\"><strong data-start=\"1077\" data-end=\"1103\">Obturador electr\u00f3nico:<\/strong> 1\/50(1\/60)s ~ 1\/100,000s<\/p>\n<\/li>\n<li data-start=\"1131\" data-end=\"1187\">\n<p data-start=\"1133\" data-end=\"1187\"><strong data-start=\"1133\" data-end=\"1150\">Distancia IR:<\/strong> 40 metros (42 LEDs infrarrojos \u03c65)<\/p>\n<\/li>\n<li data-start=\"1188\" data-end=\"1227\">\n<p data-start=\"1190\" data-end=\"1227\"><strong data-start=\"1190\" data-end=\"1200\">Lente:<\/strong> Zoom manual HD 2.8\u201312 mm<\/p>\n<\/li>\n<li data-start=\"1228\" data-end=\"1278\">\n<p data-start=\"1230\" data-end=\"1278\"><strong data-start=\"1230\" data-end=\"1250\">Salida de video:<\/strong> 1Vp-p Compuesta (75\u03a9\/BNC)<\/p>\n<\/li>\n<li data-start=\"1279\" data-end=\"1319\">\n<p data-start=\"1281\" data-end=\"1319\"><strong data-start=\"1281\" data-end=\"1298\">Alimentaci\u00f3n:<\/strong> DC12V \/ 450mA \u00b110%<\/p>\n<\/li>\n<li data-start=\"1320\" data-end=\"1357\">\n<p data-start=\"1322\" data-end=\"1357\"><strong data-start=\"1322\" data-end=\"1338\">Dimensiones:<\/strong> 319 x 89 x 83 mm<\/p>\n<\/li>\n<li data-start=\"1358\" data-end=\"1417\">\n<p data-start=\"1360\" data-end=\"1417\"><strong data-start=\"1360\" data-end=\"1394\">Temperatura de funcionamiento:<\/strong> -10~+60\u00b0C, HR m\u00e1x. 95%<\/p>\n<\/li>\n<\/ul>\n<h4 data-start=\"607\" data-end=\"626\">Aplicaci\u00f3n:<\/h4>\n<p data-start=\"627\" data-end=\"756\">Ideal para carreteras, dep\u00f3sitos, estacionamientos subterr\u00e1neos y cualquier lugar que exija calidad de imagen en alta definici\u00f3n.<\/p>","protected":false},"excerpt":{"rendered":"<article class=\"text-token-text-primary w-full\" dir=\"auto\" data-testid=\"conversation-turn-20\" data-scroll-anchor=\"true\">\n<div class=\"text-base my-auto mx-auto py-5 [--thread-content-margin:--spacing(4)] @[37rem]:[--thread-content-margin:--spacing(6)] @[72rem]:[--thread-content-margin:--spacing(16)] px-(--thread-content-margin)\">\n<div class=\"[--thread-content-max-width:32rem] @[34rem]:[--thread-content-max-width:40rem] @[64rem]:[--thread-content-max-width:48rem] mx-auto flex max-w-(--thread-content-max-width) flex-1 text-base gap-4 md:gap-5 lg:gap-6 group\/turn-messages focus-visible:outline-hidden\" tabindex=\"-1\">\n<div class=\"group\/conversation-turn relative flex w-full min-w-0 flex-col agent-turn\">\n<div class=\"relative flex-col gap-1 md:gap-3\">\n<div class=\"flex max-w-full flex-col grow\">\n<div class=\"min-h-8 text-message relative flex w-full flex-col items-end gap-2 text-start break-words whitespace-normal [.text-message+&amp;]:mt-5\" dir=\"auto\" data-message-author-role=\"assistant\" data-message-id=\"0df38469-6efb-41ae-a477-c6c4bbcd3171\" data-message-model-slug=\"gpt-4o\">\n<div class=\"flex w-full flex-col gap-1 empty:hidden first:pt-[3px]\">\n<div class=\"markdown prose dark:prose-invert w-full break-words light\">\n<p data-start=\"1455\" data-end=\"1609\" data-is-last-node=\"\" data-is-only-node=\"\">C\u00e1mara bullet AHD 2MP con lente zoom manual 2.8\u201312mm, visi\u00f3n nocturna IR de hasta 40m y resoluci\u00f3n Full HD 1080P. Ideal para exteriores. Requiere DVR AHD.<\/p>\n<p data-start=\"1455\" data-end=\"1609\" data-is-last-node=\"\" data-is-only-node=\"\"><strong>\u26a0\ufe0f <em data-start=\"289\" data-end=\"386\">Te recomendamos revisar bien tu compra, ya que este art\u00edculo no admite cambios ni devoluciones.<\/em><\/strong><\/p>\n<\/div>\n<\/div>\n<\/div>\n<\/div>\n<\/div>\n<\/div>\n<\/div>\n<\/div>\n<\/article>\n","protected":false},"featured_media":2239,"comment_status":"open","ping_status":"closed","template":"","meta":{"_joinchat":[]},"product_brand":[],"product_cat":[158,157],"product_tag":[],"class_list":{"0":"post-2211","1":"product","2":"type-product","3":"status-publish","4":"has-post-thumbnail","6":"product_cat-camaras-alta-definicion-analogica-ahd","7":"product_cat-electronica","9":"first","10":"instock","11":"shipping-taxable","12":"purchasable","13":"product-type-simple"},"yoast_head":"<!-- This site is optimized with the Yoast SEO plugin v27.3 - https:\/\/yoast.com\/product\/yoast-seo-wordpress\/ -->\n<title>C\u00e1mara Bullet AHD IR a prueba de agua con Zoom Manual @2.0 MP - Voss2000<\/title>\n<meta name=\"description\" content=\"MODIFICAR\" \/>\n<meta name=\"robots\" content=\"index, follow, max-snippet:-1, max-image-preview:large, max-video-preview:-1\" \/>\n<link rel=\"canonical\" href=\"https:\/\/voss2000.com\/en\/product\/camara-bullet-ahd-ir-a-prueba-de-agua-con-zoom-manual-2-0-mp\/\" \/>\n<meta property=\"og:locale\" content=\"en_GB\" \/>\n<meta property=\"og:type\" content=\"article\" \/>\n<meta property=\"og:title\" content=\"C\u00e1mara Bullet AHD IR a prueba de agua con Zoom Manual @2.0 MP - Voss2000\" \/>\n<meta property=\"og:description\" content=\"MODIFICAR\" \/>\n<meta property=\"og:url\" content=\"https:\/\/voss2000.com\/en\/product\/camara-bullet-ahd-ir-a-prueba-de-agua-con-zoom-manual-2-0-mp\/\" \/>\n<meta property=\"og:site_name\" content=\"Voss2000\" \/>\n<meta property=\"article:modified_time\" content=\"2025-11-11T16:39:32+00:00\" \/>\n<meta property=\"og:image\" content=\"https:\/\/voss2000.com\/wp-content\/uploads\/2025\/06\/voss-09-scaled.jpg\" \/>\n\t<meta property=\"og:image:width\" content=\"2560\" \/>\n\t<meta property=\"og:image:height\" content=\"2560\" \/>\n\t<meta property=\"og:image:type\" content=\"image\/jpeg\" \/>\n<meta name=\"twitter:card\" content=\"summary_large_image\" \/>\n<meta name=\"twitter:label1\" content=\"Estimated reading time\" \/>\n\t<meta name=\"twitter:data1\" content=\"1 minute\" \/>\n<script type=\"application\/ld+json\" class=\"yoast-schema-graph\">{\"@context\":\"https:\\\/\\\/schema.org\",\"@graph\":[{\"@type\":\"WebPage\",\"@id\":\"https:\\\/\\\/voss2000.com\\\/producto\\\/camara-bullet-ahd-ir-a-prueba-de-agua-con-zoom-manual-2-0-mp\\\/\",\"url\":\"https:\\\/\\\/voss2000.com\\\/producto\\\/camara-bullet-ahd-ir-a-prueba-de-agua-con-zoom-manual-2-0-mp\\\/\",\"name\":\"C\u00e1mara Bullet AHD IR a prueba de agua con Zoom Manual @2.0 MP - Voss2000\",\"isPartOf\":{\"@id\":\"https:\\\/\\\/voss2000.com\\\/#website\"},\"primaryImageOfPage\":{\"@id\":\"https:\\\/\\\/voss2000.com\\\/producto\\\/camara-bullet-ahd-ir-a-prueba-de-agua-con-zoom-manual-2-0-mp\\\/#primaryimage\"},\"image\":{\"@id\":\"https:\\\/\\\/voss2000.com\\\/producto\\\/camara-bullet-ahd-ir-a-prueba-de-agua-con-zoom-manual-2-0-mp\\\/#primaryimage\"},\"thumbnailUrl\":\"https:\\\/\\\/voss2000.com\\\/wp-content\\\/uploads\\\/2025\\\/06\\\/voss-09-scaled.jpg\",\"datePublished\":\"2025-06-02T17:14:05+00:00\",\"dateModified\":\"2025-11-11T16:39:32+00:00\",\"description\":\"MODIFICAR\",\"breadcrumb\":{\"@id\":\"https:\\\/\\\/voss2000.com\\\/producto\\\/camara-bullet-ahd-ir-a-prueba-de-agua-con-zoom-manual-2-0-mp\\\/#breadcrumb\"},\"inLanguage\":\"en-GB\",\"potentialAction\":[{\"@type\":\"ReadAction\",\"target\":[\"https:\\\/\\\/voss2000.com\\\/producto\\\/camara-bullet-ahd-ir-a-prueba-de-agua-con-zoom-manual-2-0-mp\\\/\"]}]},{\"@type\":\"ImageObject\",\"inLanguage\":\"en-GB\",\"@id\":\"https:\\\/\\\/voss2000.com\\\/producto\\\/camara-bullet-ahd-ir-a-prueba-de-agua-con-zoom-manual-2-0-mp\\\/#primaryimage\",\"url\":\"https:\\\/\\\/voss2000.com\\\/wp-content\\\/uploads\\\/2025\\\/06\\\/voss-09-scaled.jpg\",\"contentUrl\":\"https:\\\/\\\/voss2000.com\\\/wp-content\\\/uploads\\\/2025\\\/06\\\/voss-09-scaled.jpg\",\"width\":2560,\"height\":2560},{\"@type\":\"BreadcrumbList\",\"@id\":\"https:\\\/\\\/voss2000.com\\\/producto\\\/camara-bullet-ahd-ir-a-prueba-de-agua-con-zoom-manual-2-0-mp\\\/#breadcrumb\",\"itemListElement\":[{\"@type\":\"ListItem\",\"position\":1,\"name\":\"Portada\",\"item\":\"https:\\\/\\\/voss2000.com\\\/\"},{\"@type\":\"ListItem\",\"position\":2,\"name\":\"Shop\",\"item\":\"https:\\\/\\\/voss2000.com\\\/en\\\/shop\\\/\"},{\"@type\":\"ListItem\",\"position\":3,\"name\":\"C\u00e1mara Bullet AHD IR a prueba de agua con Zoom Manual @2.0 MP\"}]},{\"@type\":\"WebSite\",\"@id\":\"https:\\\/\\\/voss2000.com\\\/#website\",\"url\":\"https:\\\/\\\/voss2000.com\\\/\",\"name\":\"Voss2000\",\"description\":\"\",\"publisher\":{\"@id\":\"https:\\\/\\\/voss2000.com\\\/#organization\"},\"potentialAction\":[{\"@type\":\"SearchAction\",\"target\":{\"@type\":\"EntryPoint\",\"urlTemplate\":\"https:\\\/\\\/voss2000.com\\\/?s={search_term_string}\"},\"query-input\":{\"@type\":\"PropertyValueSpecification\",\"valueRequired\":true,\"valueName\":\"search_term_string\"}}],\"inLanguage\":\"en-GB\"},{\"@type\":\"Organization\",\"@id\":\"https:\\\/\\\/voss2000.com\\\/#organization\",\"name\":\"Voss2000\",\"url\":\"https:\\\/\\\/voss2000.com\\\/\",\"logo\":{\"@type\":\"ImageObject\",\"inLanguage\":\"en-GB\",\"@id\":\"https:\\\/\\\/voss2000.com\\\/#\\\/schema\\\/logo\\\/image\\\/\",\"url\":\"https:\\\/\\\/voss2000.com\\\/wp-content\\\/uploads\\\/2023\\\/08\\\/Logo.png\",\"contentUrl\":\"https:\\\/\\\/voss2000.com\\\/wp-content\\\/uploads\\\/2023\\\/08\\\/Logo.png\",\"width\":425,\"height\":292,\"caption\":\"Voss2000\"},\"image\":{\"@id\":\"https:\\\/\\\/voss2000.com\\\/#\\\/schema\\\/logo\\\/image\\\/\"}}]}<\/script>\n<!-- \/ Yoast SEO plugin. -->","yoast_head_json":{"title":"C\u00e1mara Bullet AHD IR a prueba de agua con Zoom Manual @2.0 MP - Voss2000","description":"MODIFICAR","robots":{"index":"index","follow":"follow","max-snippet":"max-snippet:-1","max-image-preview":"max-image-preview:large","max-video-preview":"max-video-preview:-1"},"canonical":"https:\/\/voss2000.com\/en\/product\/camara-bullet-ahd-ir-a-prueba-de-agua-con-zoom-manual-2-0-mp\/","og_locale":"en_GB","og_type":"article","og_title":"C\u00e1mara Bullet AHD IR a prueba de agua con Zoom Manual @2.0 MP - Voss2000","og_description":"MODIFICAR","og_url":"https:\/\/voss2000.com\/en\/product\/camara-bullet-ahd-ir-a-prueba-de-agua-con-zoom-manual-2-0-mp\/","og_site_name":"Voss2000","article_modified_time":"2025-11-11T16:39:32+00:00","og_image":[{"width":2560,"height":2560,"url":"https:\/\/voss2000.com\/wp-content\/uploads\/2025\/06\/voss-09-scaled.jpg","type":"image\/jpeg"}],"twitter_card":"summary_large_image","twitter_misc":{"Estimated reading time":"1 minute"},"schema":{"@context":"https:\/\/schema.org","@graph":[{"@type":"WebPage","@id":"https:\/\/voss2000.com\/producto\/camara-bullet-ahd-ir-a-prueba-de-agua-con-zoom-manual-2-0-mp\/","url":"https:\/\/voss2000.com\/producto\/camara-bullet-ahd-ir-a-prueba-de-agua-con-zoom-manual-2-0-mp\/","name":"C\u00e1mara Bullet AHD IR a prueba de agua con Zoom Manual @2.0 MP - Voss2000","isPartOf":{"@id":"https:\/\/voss2000.com\/#website"},"primaryImageOfPage":{"@id":"https:\/\/voss2000.com\/producto\/camara-bullet-ahd-ir-a-prueba-de-agua-con-zoom-manual-2-0-mp\/#primaryimage"},"image":{"@id":"https:\/\/voss2000.com\/producto\/camara-bullet-ahd-ir-a-prueba-de-agua-con-zoom-manual-2-0-mp\/#primaryimage"},"thumbnailUrl":"https:\/\/voss2000.com\/wp-content\/uploads\/2025\/06\/voss-09-scaled.jpg","datePublished":"2025-06-02T17:14:05+00:00","dateModified":"2025-11-11T16:39:32+00:00","description":"MODIFICAR","breadcrumb":{"@id":"https:\/\/voss2000.com\/producto\/camara-bullet-ahd-ir-a-prueba-de-agua-con-zoom-manual-2-0-mp\/#breadcrumb"},"inLanguage":"en-GB","potentialAction":[{"@type":"ReadAction","target":["https:\/\/voss2000.com\/producto\/camara-bullet-ahd-ir-a-prueba-de-agua-con-zoom-manual-2-0-mp\/"]}]},{"@type":"ImageObject","inLanguage":"en-GB","@id":"https:\/\/voss2000.com\/producto\/camara-bullet-ahd-ir-a-prueba-de-agua-con-zoom-manual-2-0-mp\/#primaryimage","url":"https:\/\/voss2000.com\/wp-content\/uploads\/2025\/06\/voss-09-scaled.jpg","contentUrl":"https:\/\/voss2000.com\/wp-content\/uploads\/2025\/06\/voss-09-scaled.jpg","width":2560,"height":2560},{"@type":"BreadcrumbList","@id":"https:\/\/voss2000.com\/producto\/camara-bullet-ahd-ir-a-prueba-de-agua-con-zoom-manual-2-0-mp\/#breadcrumb","itemListElement":[{"@type":"ListItem","position":1,"name":"Portada","item":"https:\/\/voss2000.com\/"},{"@type":"ListItem","position":2,"name":"Shop","item":"https:\/\/voss2000.com\/en\/shop\/"},{"@type":"ListItem","position":3,"name":"C\u00e1mara Bullet AHD IR a prueba de agua con Zoom Manual @2.0 MP"}]},{"@type":"WebSite","@id":"https:\/\/voss2000.com\/#website","url":"https:\/\/voss2000.com\/","name":"Voss2000","description":"","publisher":{"@id":"https:\/\/voss2000.com\/#organization"},"potentialAction":[{"@type":"SearchAction","target":{"@type":"EntryPoint","urlTemplate":"https:\/\/voss2000.com\/?s={search_term_string}"},"query-input":{"@type":"PropertyValueSpecification","valueRequired":true,"valueName":"search_term_string"}}],"inLanguage":"en-GB"},{"@type":"Organization","@id":"https:\/\/voss2000.com\/#organization","name":"Voss2000","url":"https:\/\/voss2000.com\/","logo":{"@type":"ImageObject","inLanguage":"en-GB","@id":"https:\/\/voss2000.com\/#\/schema\/logo\/image\/","url":"https:\/\/voss2000.com\/wp-content\/uploads\/2023\/08\/Logo.png","contentUrl":"https:\/\/voss2000.com\/wp-content\/uploads\/2023\/08\/Logo.png","width":425,"height":292,"caption":"Voss2000"},"image":{"@id":"https:\/\/voss2000.com\/#\/schema\/logo\/image\/"}}]}},"_links":{"self":[{"href":"https:\/\/voss2000.com\/en\/wp-json\/wp\/v2\/product\/2211","targetHints":{"allow":["GET"]}}],"collection":[{"href":"https:\/\/voss2000.com\/en\/wp-json\/wp\/v2\/product"}],"about":[{"href":"https:\/\/voss2000.com\/en\/wp-json\/wp\/v2\/types\/product"}],"replies":[{"embeddable":true,"href":"https:\/\/voss2000.com\/en\/wp-json\/wp\/v2\/comments?post=2211"}],"wp:featuredmedia":[{"embeddable":true,"href":"https:\/\/voss2000.com\/en\/wp-json\/wp\/v2\/media\/2239"}],"wp:attachment":[{"href":"https:\/\/voss2000.com\/en\/wp-json\/wp\/v2\/media?parent=2211"}],"wp:term":[{"taxonomy":"product_brand","embeddable":true,"href":"https:\/\/voss2000.com\/en\/wp-json\/wp\/v2\/product_brand?post=2211"},{"taxonomy":"product_cat","embeddable":true,"href":"https:\/\/voss2000.com\/en\/wp-json\/wp\/v2\/product_cat?post=2211"},{"taxonomy":"product_tag","embeddable":true,"href":"https:\/\/voss2000.com\/en\/wp-json\/wp\/v2\/product_tag?post=2211"}],"curies":[{"name":"wp","href":"https:\/\/api.w.org\/{rel}","templated":true}]}}