{"id":2210,"date":"2025-06-02T14:10:13","date_gmt":"2025-06-02T17:10:13","guid":{"rendered":"https:\/\/voss2000.com\/?post_type=product&#038;p=2210"},"modified":"2025-11-11T13:38:50","modified_gmt":"2025-11-11T16:38:50","slug":"camara-bullet-ahd-ir-a-prueba-de-agua-1-3-mp","status":"publish","type":"product","link":"https:\/\/voss2000.com\/en\/product\/camara-bullet-ahd-ir-a-prueba-de-agua-1-3-mp\/","title":{"rendered":"C\u00e1mara Bullet AHD IR a prueba de agua @1.3 MP"},"content":{"rendered":"<h4>Especificaciones:<\/h4>\n<ul>\n<li data-start=\"878\" data-end=\"906\">\n<p data-start=\"880\" data-end=\"906\"><strong data-start=\"880\" data-end=\"891\">Modelo:<\/strong> BAHD130-MD20<\/p>\n<\/li>\n<li data-start=\"907\" data-end=\"942\">\n<p data-start=\"909\" data-end=\"942\"><strong data-start=\"909\" data-end=\"920\">Sensor:<\/strong> CMOS AR0130 de 1\/3&#8243;<\/p>\n<\/li>\n<li data-start=\"943\" data-end=\"977\">\n<p data-start=\"945\" data-end=\"977\"><strong data-start=\"945\" data-end=\"966\">Sistema de se\u00f1al:<\/strong> 960P@AHD<\/p>\n<\/li>\n<li data-start=\"978\" data-end=\"1026\">\n<p data-start=\"980\" data-end=\"1026\"><strong data-start=\"980\" data-end=\"1004\">Resoluci\u00f3n efectiva:<\/strong> 1280&#215;960 (PAL\/NTSC)<\/p>\n<\/li>\n<li data-start=\"1027\" data-end=\"1063\">\n<p data-start=\"1029\" data-end=\"1063\"><strong data-start=\"1029\" data-end=\"1055\">Resoluci\u00f3n horizontal:<\/strong> 1280H<\/p>\n<\/li>\n<li data-start=\"1064\" data-end=\"1207\">\n<p data-start=\"1066\" data-end=\"1091\"><strong data-start=\"1066\" data-end=\"1089\">Iluminaci\u00f3n m\u00ednima:<\/strong><\/p>\n<ul data-start=\"1094\" data-end=\"1207\">\n<li data-start=\"1094\" data-end=\"1144\">\n<p data-start=\"1096\" data-end=\"1144\">Color: 0.01 Lux @ (F1.2, AGC ON), 0 Lux con IR<\/p>\n<\/li>\n<li data-start=\"1147\" data-end=\"1207\">\n<p data-start=\"1149\" data-end=\"1207\">Blanco y negro: 0.001 Lux @ (F1.2, AGC ON), 0 Lux con IR<\/p>\n<\/li>\n<\/ul>\n<\/li>\n<li data-start=\"1208\" data-end=\"1244\">\n<p data-start=\"1210\" data-end=\"1244\"><strong data-start=\"1210\" data-end=\"1235\">Relaci\u00f3n se\u00f1al\/ruido:<\/strong> &gt;69 dB<\/p>\n<\/li>\n<li data-start=\"1245\" data-end=\"1285\">\n<p data-start=\"1247\" data-end=\"1285\"><strong data-start=\"1247\" data-end=\"1270\">Sistema de escaneo:<\/strong> Interfaz 2:1<\/p>\n<\/li>\n<li data-start=\"1286\" data-end=\"1342\">\n<p data-start=\"1288\" data-end=\"1342\"><strong data-start=\"1288\" data-end=\"1307\">Sincronizaci\u00f3n:<\/strong> Interna, sincronizaci\u00f3n negativa<\/p>\n<\/li>\n<li data-start=\"1343\" data-end=\"1398\">\n<p data-start=\"1345\" data-end=\"1398\"><strong data-start=\"1345\" data-end=\"1371\">Obturador electr\u00f3nico:<\/strong> 1\/50(1\/60)s ~ 1\/100,000s<\/p>\n<\/li>\n<li data-start=\"1399\" data-end=\"1424\">\n<p data-start=\"1401\" data-end=\"1424\"><strong data-start=\"1401\" data-end=\"1417\">Curva gamma:<\/strong> 0.45<\/p>\n<\/li>\n<li data-start=\"1425\" data-end=\"1466\">\n<p data-start=\"1427\" data-end=\"1466\"><strong data-start=\"1427\" data-end=\"1449\">Funci\u00f3n d\u00eda\/noche:<\/strong> Soporta IR-CUT<\/p>\n<\/li>\n<li data-start=\"1467\" data-end=\"1523\">\n<p data-start=\"1469\" data-end=\"1523\"><strong data-start=\"1469\" data-end=\"1486\">Distancia IR:<\/strong> 20 metros (24 LEDs infrarrojos \u03c65)<\/p>\n<\/li>\n<li data-start=\"1524\" data-end=\"1582\">\n<p data-start=\"1526\" data-end=\"1582\"><strong data-start=\"1526\" data-end=\"1540\">Estado IR:<\/strong> Activaci\u00f3n autom\u00e1tica bajo 10 Lux (CDS)<\/p>\n<\/li>\n<li data-start=\"1583\" data-end=\"1631\">\n<p data-start=\"1585\" data-end=\"1631\"><strong data-start=\"1585\" data-end=\"1602\">Encendido IR:<\/strong> Control autom\u00e1tico por CDS<\/p>\n<\/li>\n<li data-start=\"1632\" data-end=\"1692\">\n<p data-start=\"1634\" data-end=\"1692\"><strong data-start=\"1634\" data-end=\"1654\">Salida de video:<\/strong> Salida compuesta de 1Vp-p (75\u03a9\/BNC)<\/p>\n<\/li>\n<li data-start=\"1693\" data-end=\"1732\">\n<p data-start=\"1695\" data-end=\"1732\"><strong data-start=\"1695\" data-end=\"1719\">Control de ganancia:<\/strong> Autom\u00e1tico<\/p>\n<\/li>\n<li data-start=\"1733\" data-end=\"1763\">\n<p data-start=\"1735\" data-end=\"1763\"><strong data-start=\"1735\" data-end=\"1745\">Lente:<\/strong> 3.6 mm (2.0 MP)<\/p>\n<\/li>\n<li data-start=\"1764\" data-end=\"1812\">\n<p data-start=\"1766\" data-end=\"1812\"><strong data-start=\"1766\" data-end=\"1791\">Alimentaci\u00f3n\/Consumo:<\/strong> DC12V \/ 450mA \u00b110%<\/p>\n<\/li>\n<li data-start=\"1813\" data-end=\"1885\">\n<p data-start=\"1815\" data-end=\"1885\"><strong data-start=\"1815\" data-end=\"1831\">Dimensiones:<\/strong> 142 mm (ancho) x 70 mm (alto) x 66 mm (profundidad)<\/p>\n<\/li>\n<li data-start=\"1886\" data-end=\"1956\">\n<p data-start=\"1888\" data-end=\"1956\"><strong data-start=\"1888\" data-end=\"1922\">Temperatura de almacenamiento:<\/strong> -30 a +60\u00b0C, humedad m\u00e1xima 95%<\/p>\n<\/li>\n<li data-start=\"1957\" data-end=\"2020\">\n<p data-start=\"1959\" data-end=\"2020\"><strong data-start=\"1959\" data-end=\"1988\">Temperatura de operaci\u00f3n:<\/strong> -10 a +60\u00b0C, humedad m\u00e1xima 95%<\/p>\n<\/li>\n<\/ul>\n<h4 data-start=\"709\" data-end=\"728\">Aplicaci\u00f3n:<\/h4>\n<p data-start=\"729\" data-end=\"850\">Apta para carreteras, dep\u00f3sitos, estacionamientos subterr\u00e1neos y otros lugares que requieren im\u00e1genes en alta definici\u00f3n.<\/p>","protected":false},"excerpt":{"rendered":"<p>C\u00e1mara bullet AHD 1.3MP con visi\u00f3n nocturna IR de hasta 20m, resoluci\u00f3n 960P, lente de 3.6mm y transmisi\u00f3n a m\u00e1s de 500m. Ideal para exteriores. Requiere DVR AHD.<\/p>\n<p><strong>\u26a0\ufe0f <em data-start=\"289\" data-end=\"386\">Te recomendamos revisar bien tu compra, ya que este art\u00edculo no admite cambios ni devoluciones.<\/em><\/strong><\/p>","protected":false},"featured_media":2238,"comment_status":"open","ping_status":"closed","template":"","meta":{"_joinchat":[]},"product_brand":[],"product_cat":[158,157],"product_tag":[],"class_list":{"0":"post-2210","1":"product","2":"type-product","3":"status-publish","4":"has-post-thumbnail","6":"product_cat-camaras-alta-definicion-analogica-ahd","7":"product_cat-electronica","9":"first","10":"instock","11":"shipping-taxable","12":"purchasable","13":"product-type-simple"},"yoast_head":"<!-- This site is optimized with the Yoast SEO plugin v27.3 - https:\/\/yoast.com\/product\/yoast-seo-wordpress\/ -->\n<title>C\u00e1mara Bullet AHD IR a prueba de agua @1.3 MP - Voss2000<\/title>\n<meta name=\"description\" content=\"MODIFICAR\" \/>\n<meta name=\"robots\" content=\"index, follow, max-snippet:-1, max-image-preview:large, max-video-preview:-1\" \/>\n<link rel=\"canonical\" href=\"https:\/\/voss2000.com\/en\/product\/camara-bullet-ahd-ir-a-prueba-de-agua-1-3-mp\/\" \/>\n<meta property=\"og:locale\" content=\"en_GB\" \/>\n<meta property=\"og:type\" content=\"article\" \/>\n<meta property=\"og:title\" content=\"C\u00e1mara Bullet AHD IR a prueba de agua @1.3 MP - Voss2000\" \/>\n<meta property=\"og:description\" content=\"MODIFICAR\" \/>\n<meta property=\"og:url\" content=\"https:\/\/voss2000.com\/en\/product\/camara-bullet-ahd-ir-a-prueba-de-agua-1-3-mp\/\" \/>\n<meta property=\"og:site_name\" content=\"Voss2000\" \/>\n<meta property=\"article:modified_time\" content=\"2025-11-11T16:38:50+00:00\" \/>\n<meta property=\"og:image\" content=\"https:\/\/voss2000.com\/wp-content\/uploads\/2025\/06\/voss-24-scaled.jpg\" \/>\n\t<meta property=\"og:image:width\" content=\"2560\" \/>\n\t<meta property=\"og:image:height\" content=\"2560\" \/>\n\t<meta property=\"og:image:type\" content=\"image\/jpeg\" \/>\n<meta name=\"twitter:card\" content=\"summary_large_image\" \/>\n<meta name=\"twitter:label1\" content=\"Estimated reading time\" \/>\n\t<meta name=\"twitter:data1\" content=\"1 minute\" \/>\n<script type=\"application\/ld+json\" class=\"yoast-schema-graph\">{\"@context\":\"https:\\\/\\\/schema.org\",\"@graph\":[{\"@type\":\"WebPage\",\"@id\":\"https:\\\/\\\/voss2000.com\\\/producto\\\/camara-bullet-ahd-ir-a-prueba-de-agua-1-3-mp\\\/\",\"url\":\"https:\\\/\\\/voss2000.com\\\/producto\\\/camara-bullet-ahd-ir-a-prueba-de-agua-1-3-mp\\\/\",\"name\":\"C\u00e1mara Bullet AHD IR a prueba de agua @1.3 MP - Voss2000\",\"isPartOf\":{\"@id\":\"https:\\\/\\\/voss2000.com\\\/#website\"},\"primaryImageOfPage\":{\"@id\":\"https:\\\/\\\/voss2000.com\\\/producto\\\/camara-bullet-ahd-ir-a-prueba-de-agua-1-3-mp\\\/#primaryimage\"},\"image\":{\"@id\":\"https:\\\/\\\/voss2000.com\\\/producto\\\/camara-bullet-ahd-ir-a-prueba-de-agua-1-3-mp\\\/#primaryimage\"},\"thumbnailUrl\":\"https:\\\/\\\/voss2000.com\\\/wp-content\\\/uploads\\\/2025\\\/06\\\/voss-24-scaled.jpg\",\"datePublished\":\"2025-06-02T17:10:13+00:00\",\"dateModified\":\"2025-11-11T16:38:50+00:00\",\"description\":\"MODIFICAR\",\"breadcrumb\":{\"@id\":\"https:\\\/\\\/voss2000.com\\\/producto\\\/camara-bullet-ahd-ir-a-prueba-de-agua-1-3-mp\\\/#breadcrumb\"},\"inLanguage\":\"en-GB\",\"potentialAction\":[{\"@type\":\"ReadAction\",\"target\":[\"https:\\\/\\\/voss2000.com\\\/producto\\\/camara-bullet-ahd-ir-a-prueba-de-agua-1-3-mp\\\/\"]}]},{\"@type\":\"ImageObject\",\"inLanguage\":\"en-GB\",\"@id\":\"https:\\\/\\\/voss2000.com\\\/producto\\\/camara-bullet-ahd-ir-a-prueba-de-agua-1-3-mp\\\/#primaryimage\",\"url\":\"https:\\\/\\\/voss2000.com\\\/wp-content\\\/uploads\\\/2025\\\/06\\\/voss-24-scaled.jpg\",\"contentUrl\":\"https:\\\/\\\/voss2000.com\\\/wp-content\\\/uploads\\\/2025\\\/06\\\/voss-24-scaled.jpg\",\"width\":2560,\"height\":2560},{\"@type\":\"BreadcrumbList\",\"@id\":\"https:\\\/\\\/voss2000.com\\\/producto\\\/camara-bullet-ahd-ir-a-prueba-de-agua-1-3-mp\\\/#breadcrumb\",\"itemListElement\":[{\"@type\":\"ListItem\",\"position\":1,\"name\":\"Portada\",\"item\":\"https:\\\/\\\/voss2000.com\\\/\"},{\"@type\":\"ListItem\",\"position\":2,\"name\":\"Shop\",\"item\":\"https:\\\/\\\/voss2000.com\\\/en\\\/shop\\\/\"},{\"@type\":\"ListItem\",\"position\":3,\"name\":\"C\u00e1mara Bullet AHD IR a prueba de agua @1.3 MP\"}]},{\"@type\":\"WebSite\",\"@id\":\"https:\\\/\\\/voss2000.com\\\/#website\",\"url\":\"https:\\\/\\\/voss2000.com\\\/\",\"name\":\"Voss2000\",\"description\":\"\",\"publisher\":{\"@id\":\"https:\\\/\\\/voss2000.com\\\/#organization\"},\"potentialAction\":[{\"@type\":\"SearchAction\",\"target\":{\"@type\":\"EntryPoint\",\"urlTemplate\":\"https:\\\/\\\/voss2000.com\\\/?s={search_term_string}\"},\"query-input\":{\"@type\":\"PropertyValueSpecification\",\"valueRequired\":true,\"valueName\":\"search_term_string\"}}],\"inLanguage\":\"en-GB\"},{\"@type\":\"Organization\",\"@id\":\"https:\\\/\\\/voss2000.com\\\/#organization\",\"name\":\"Voss2000\",\"url\":\"https:\\\/\\\/voss2000.com\\\/\",\"logo\":{\"@type\":\"ImageObject\",\"inLanguage\":\"en-GB\",\"@id\":\"https:\\\/\\\/voss2000.com\\\/#\\\/schema\\\/logo\\\/image\\\/\",\"url\":\"https:\\\/\\\/voss2000.com\\\/wp-content\\\/uploads\\\/2023\\\/08\\\/Logo.png\",\"contentUrl\":\"https:\\\/\\\/voss2000.com\\\/wp-content\\\/uploads\\\/2023\\\/08\\\/Logo.png\",\"width\":425,\"height\":292,\"caption\":\"Voss2000\"},\"image\":{\"@id\":\"https:\\\/\\\/voss2000.com\\\/#\\\/schema\\\/logo\\\/image\\\/\"}}]}<\/script>\n<!-- \/ Yoast SEO plugin. -->","yoast_head_json":{"title":"C\u00e1mara Bullet AHD IR a prueba de agua @1.3 MP - Voss2000","description":"MODIFICAR","robots":{"index":"index","follow":"follow","max-snippet":"max-snippet:-1","max-image-preview":"max-image-preview:large","max-video-preview":"max-video-preview:-1"},"canonical":"https:\/\/voss2000.com\/en\/product\/camara-bullet-ahd-ir-a-prueba-de-agua-1-3-mp\/","og_locale":"en_GB","og_type":"article","og_title":"C\u00e1mara Bullet AHD IR a prueba de agua @1.3 MP - Voss2000","og_description":"MODIFICAR","og_url":"https:\/\/voss2000.com\/en\/product\/camara-bullet-ahd-ir-a-prueba-de-agua-1-3-mp\/","og_site_name":"Voss2000","article_modified_time":"2025-11-11T16:38:50+00:00","og_image":[{"width":2560,"height":2560,"url":"https:\/\/voss2000.com\/wp-content\/uploads\/2025\/06\/voss-24-scaled.jpg","type":"image\/jpeg"}],"twitter_card":"summary_large_image","twitter_misc":{"Estimated reading time":"1 minute"},"schema":{"@context":"https:\/\/schema.org","@graph":[{"@type":"WebPage","@id":"https:\/\/voss2000.com\/producto\/camara-bullet-ahd-ir-a-prueba-de-agua-1-3-mp\/","url":"https:\/\/voss2000.com\/producto\/camara-bullet-ahd-ir-a-prueba-de-agua-1-3-mp\/","name":"C\u00e1mara Bullet AHD IR a prueba de agua @1.3 MP - Voss2000","isPartOf":{"@id":"https:\/\/voss2000.com\/#website"},"primaryImageOfPage":{"@id":"https:\/\/voss2000.com\/producto\/camara-bullet-ahd-ir-a-prueba-de-agua-1-3-mp\/#primaryimage"},"image":{"@id":"https:\/\/voss2000.com\/producto\/camara-bullet-ahd-ir-a-prueba-de-agua-1-3-mp\/#primaryimage"},"thumbnailUrl":"https:\/\/voss2000.com\/wp-content\/uploads\/2025\/06\/voss-24-scaled.jpg","datePublished":"2025-06-02T17:10:13+00:00","dateModified":"2025-11-11T16:38:50+00:00","description":"MODIFICAR","breadcrumb":{"@id":"https:\/\/voss2000.com\/producto\/camara-bullet-ahd-ir-a-prueba-de-agua-1-3-mp\/#breadcrumb"},"inLanguage":"en-GB","potentialAction":[{"@type":"ReadAction","target":["https:\/\/voss2000.com\/producto\/camara-bullet-ahd-ir-a-prueba-de-agua-1-3-mp\/"]}]},{"@type":"ImageObject","inLanguage":"en-GB","@id":"https:\/\/voss2000.com\/producto\/camara-bullet-ahd-ir-a-prueba-de-agua-1-3-mp\/#primaryimage","url":"https:\/\/voss2000.com\/wp-content\/uploads\/2025\/06\/voss-24-scaled.jpg","contentUrl":"https:\/\/voss2000.com\/wp-content\/uploads\/2025\/06\/voss-24-scaled.jpg","width":2560,"height":2560},{"@type":"BreadcrumbList","@id":"https:\/\/voss2000.com\/producto\/camara-bullet-ahd-ir-a-prueba-de-agua-1-3-mp\/#breadcrumb","itemListElement":[{"@type":"ListItem","position":1,"name":"Portada","item":"https:\/\/voss2000.com\/"},{"@type":"ListItem","position":2,"name":"Shop","item":"https:\/\/voss2000.com\/en\/shop\/"},{"@type":"ListItem","position":3,"name":"C\u00e1mara Bullet AHD IR a prueba de agua @1.3 MP"}]},{"@type":"WebSite","@id":"https:\/\/voss2000.com\/#website","url":"https:\/\/voss2000.com\/","name":"Voss2000","description":"","publisher":{"@id":"https:\/\/voss2000.com\/#organization"},"potentialAction":[{"@type":"SearchAction","target":{"@type":"EntryPoint","urlTemplate":"https:\/\/voss2000.com\/?s={search_term_string}"},"query-input":{"@type":"PropertyValueSpecification","valueRequired":true,"valueName":"search_term_string"}}],"inLanguage":"en-GB"},{"@type":"Organization","@id":"https:\/\/voss2000.com\/#organization","name":"Voss2000","url":"https:\/\/voss2000.com\/","logo":{"@type":"ImageObject","inLanguage":"en-GB","@id":"https:\/\/voss2000.com\/#\/schema\/logo\/image\/","url":"https:\/\/voss2000.com\/wp-content\/uploads\/2023\/08\/Logo.png","contentUrl":"https:\/\/voss2000.com\/wp-content\/uploads\/2023\/08\/Logo.png","width":425,"height":292,"caption":"Voss2000"},"image":{"@id":"https:\/\/voss2000.com\/#\/schema\/logo\/image\/"}}]}},"_links":{"self":[{"href":"https:\/\/voss2000.com\/en\/wp-json\/wp\/v2\/product\/2210","targetHints":{"allow":["GET"]}}],"collection":[{"href":"https:\/\/voss2000.com\/en\/wp-json\/wp\/v2\/product"}],"about":[{"href":"https:\/\/voss2000.com\/en\/wp-json\/wp\/v2\/types\/product"}],"replies":[{"embeddable":true,"href":"https:\/\/voss2000.com\/en\/wp-json\/wp\/v2\/comments?post=2210"}],"wp:featuredmedia":[{"embeddable":true,"href":"https:\/\/voss2000.com\/en\/wp-json\/wp\/v2\/media\/2238"}],"wp:attachment":[{"href":"https:\/\/voss2000.com\/en\/wp-json\/wp\/v2\/media?parent=2210"}],"wp:term":[{"taxonomy":"product_brand","embeddable":true,"href":"https:\/\/voss2000.com\/en\/wp-json\/wp\/v2\/product_brand?post=2210"},{"taxonomy":"product_cat","embeddable":true,"href":"https:\/\/voss2000.com\/en\/wp-json\/wp\/v2\/product_cat?post=2210"},{"taxonomy":"product_tag","embeddable":true,"href":"https:\/\/voss2000.com\/en\/wp-json\/wp\/v2\/product_tag?post=2210"}],"curies":[{"name":"wp","href":"https:\/\/api.w.org\/{rel}","templated":true}]}}