{"id":1573,"date":"2024-04-30T15:55:04","date_gmt":"2024-04-30T13:55:04","guid":{"rendered":"https:\/\/voss2000.com\/?post_type=product&#038;p=1573"},"modified":"2025-11-11T12:52:20","modified_gmt":"2025-11-11T15:52:20","slug":"butaca-para-estructura-metalica","status":"publish","type":"product","link":"https:\/\/voss2000.com\/en\/product\/butaca-para-estructura-metalica\/","title":{"rendered":"BUTACA PARA ESTRUCTURA MET\u00c1LICA"},"content":{"rendered":"<p>Butacas para estadio e instalaciones deportivas fabricadas con pol\u00edmeros de alta resistencia, resistentes a la intemperie (protecci\u00f3n uv+), \u00fanicas en el mercado.<\/p>\n<p>Dise\u00f1ada para la sujeci\u00f3n con tornillos.<\/p>\n<p>NO INCLUYE TORNILLOS.<\/p>","protected":false},"excerpt":{"rendered":"<p>Butaca para estructura met\u00e1lica con proteccion UV+<\/p>","protected":false},"featured_media":1574,"comment_status":"open","ping_status":"closed","template":"","meta":{"_joinchat":[]},"product_brand":[],"product_cat":[143],"product_tag":[],"class_list":{"0":"post-1573","1":"product","2":"type-product","3":"status-publish","4":"has-post-thumbnail","6":"product_cat-butacas","7":"pa_color-azul","8":"pa_color-blanco","9":"pa_color-negro","10":"pa_color-rojo","12":"first","13":"outofstock","14":"shipping-taxable","15":"purchasable","16":"product-type-variable"},"yoast_head":"<!-- This site is optimized with the Yoast SEO plugin v27.3 - https:\/\/yoast.com\/product\/yoast-seo-wordpress\/ -->\n<title>Voss2000 | BUTACA PARA ESTRUCTURA MET\u00c1LICA<\/title>\n<meta name=\"description\" content=\"Butacas para estadio e instalaciones deportivas fabricadas con pol\u00edmeros de alta resistencia, resistentes a la intemperie (protecci\u00f3n uv+).\" \/>\n<meta name=\"robots\" content=\"index, follow, max-snippet:-1, max-image-preview:large, max-video-preview:-1\" \/>\n<link rel=\"canonical\" href=\"https:\/\/voss2000.com\/en\/product\/butaca-para-estructura-metalica\/\" \/>\n<meta property=\"og:locale\" content=\"en_GB\" \/>\n<meta property=\"og:type\" content=\"article\" \/>\n<meta property=\"og:title\" content=\"Voss2000 | BUTACA PARA ESTRUCTURA MET\u00c1LICA\" \/>\n<meta property=\"og:description\" content=\"Butacas para estadio e instalaciones deportivas fabricadas con pol\u00edmeros de alta resistencia, resistentes a la intemperie (protecci\u00f3n uv+).\" \/>\n<meta property=\"og:url\" content=\"https:\/\/voss2000.com\/en\/product\/butaca-para-estructura-metalica\/\" \/>\n<meta property=\"og:site_name\" content=\"Voss2000\" \/>\n<meta property=\"article:modified_time\" content=\"2025-11-11T15:52:20+00:00\" \/>\n<meta property=\"og:image\" content=\"https:\/\/voss2000.com\/wp-content\/uploads\/2024\/04\/Butacas_cano1.png\" \/>\n\t<meta property=\"og:image:width\" content=\"1080\" \/>\n\t<meta property=\"og:image:height\" content=\"1080\" \/>\n\t<meta property=\"og:image:type\" content=\"image\/png\" \/>\n<meta name=\"twitter:card\" content=\"summary_large_image\" \/>\n<meta name=\"twitter:label1\" content=\"Estimated reading time\" \/>\n\t<meta name=\"twitter:data1\" content=\"1 minute\" \/>\n<script type=\"application\/ld+json\" class=\"yoast-schema-graph\">{\"@context\":\"https:\\\/\\\/schema.org\",\"@graph\":[{\"@type\":\"WebPage\",\"@id\":\"https:\\\/\\\/voss2000.com\\\/producto\\\/butaca-para-estructura-metalica\\\/\",\"url\":\"https:\\\/\\\/voss2000.com\\\/producto\\\/butaca-para-estructura-metalica\\\/\",\"name\":\"Voss2000 | BUTACA PARA ESTRUCTURA MET\u00c1LICA\",\"isPartOf\":{\"@id\":\"https:\\\/\\\/voss2000.com\\\/#website\"},\"primaryImageOfPage\":{\"@id\":\"https:\\\/\\\/voss2000.com\\\/producto\\\/butaca-para-estructura-metalica\\\/#primaryimage\"},\"image\":{\"@id\":\"https:\\\/\\\/voss2000.com\\\/producto\\\/butaca-para-estructura-metalica\\\/#primaryimage\"},\"thumbnailUrl\":\"https:\\\/\\\/voss2000.com\\\/wp-content\\\/uploads\\\/2024\\\/04\\\/Butacas_cano1.png\",\"datePublished\":\"2024-04-30T13:55:04+00:00\",\"dateModified\":\"2025-11-11T15:52:20+00:00\",\"description\":\"Butacas para estadio e instalaciones deportivas fabricadas con pol\u00edmeros de alta resistencia, resistentes a la intemperie (protecci\u00f3n uv+).\",\"breadcrumb\":{\"@id\":\"https:\\\/\\\/voss2000.com\\\/producto\\\/butaca-para-estructura-metalica\\\/#breadcrumb\"},\"inLanguage\":\"en-GB\",\"potentialAction\":[{\"@type\":\"ReadAction\",\"target\":[\"https:\\\/\\\/voss2000.com\\\/producto\\\/butaca-para-estructura-metalica\\\/\"]}]},{\"@type\":\"ImageObject\",\"inLanguage\":\"en-GB\",\"@id\":\"https:\\\/\\\/voss2000.com\\\/producto\\\/butaca-para-estructura-metalica\\\/#primaryimage\",\"url\":\"https:\\\/\\\/voss2000.com\\\/wp-content\\\/uploads\\\/2024\\\/04\\\/Butacas_cano1.png\",\"contentUrl\":\"https:\\\/\\\/voss2000.com\\\/wp-content\\\/uploads\\\/2024\\\/04\\\/Butacas_cano1.png\",\"width\":1080,\"height\":1080},{\"@type\":\"BreadcrumbList\",\"@id\":\"https:\\\/\\\/voss2000.com\\\/producto\\\/butaca-para-estructura-metalica\\\/#breadcrumb\",\"itemListElement\":[{\"@type\":\"ListItem\",\"position\":1,\"name\":\"Portada\",\"item\":\"https:\\\/\\\/voss2000.com\\\/\"},{\"@type\":\"ListItem\",\"position\":2,\"name\":\"Shop\",\"item\":\"https:\\\/\\\/voss2000.com\\\/en\\\/shop\\\/\"},{\"@type\":\"ListItem\",\"position\":3,\"name\":\"BUTACA PARA ESTRUCTURA MET\u00c1LICA\"}]},{\"@type\":\"WebSite\",\"@id\":\"https:\\\/\\\/voss2000.com\\\/#website\",\"url\":\"https:\\\/\\\/voss2000.com\\\/\",\"name\":\"Voss2000\",\"description\":\"\",\"publisher\":{\"@id\":\"https:\\\/\\\/voss2000.com\\\/#organization\"},\"potentialAction\":[{\"@type\":\"SearchAction\",\"target\":{\"@type\":\"EntryPoint\",\"urlTemplate\":\"https:\\\/\\\/voss2000.com\\\/?s={search_term_string}\"},\"query-input\":{\"@type\":\"PropertyValueSpecification\",\"valueRequired\":true,\"valueName\":\"search_term_string\"}}],\"inLanguage\":\"en-GB\"},{\"@type\":\"Organization\",\"@id\":\"https:\\\/\\\/voss2000.com\\\/#organization\",\"name\":\"Voss2000\",\"url\":\"https:\\\/\\\/voss2000.com\\\/\",\"logo\":{\"@type\":\"ImageObject\",\"inLanguage\":\"en-GB\",\"@id\":\"https:\\\/\\\/voss2000.com\\\/#\\\/schema\\\/logo\\\/image\\\/\",\"url\":\"https:\\\/\\\/voss2000.com\\\/wp-content\\\/uploads\\\/2023\\\/08\\\/Logo.png\",\"contentUrl\":\"https:\\\/\\\/voss2000.com\\\/wp-content\\\/uploads\\\/2023\\\/08\\\/Logo.png\",\"width\":425,\"height\":292,\"caption\":\"Voss2000\"},\"image\":{\"@id\":\"https:\\\/\\\/voss2000.com\\\/#\\\/schema\\\/logo\\\/image\\\/\"}}]}<\/script>\n<!-- \/ Yoast SEO plugin. -->","yoast_head_json":{"title":"Voss2000 | BUTACA PARA ESTRUCTURA MET\u00c1LICA","description":"Butacas para estadio e instalaciones deportivas fabricadas con pol\u00edmeros de alta resistencia, resistentes a la intemperie (protecci\u00f3n uv+).","robots":{"index":"index","follow":"follow","max-snippet":"max-snippet:-1","max-image-preview":"max-image-preview:large","max-video-preview":"max-video-preview:-1"},"canonical":"https:\/\/voss2000.com\/en\/product\/butaca-para-estructura-metalica\/","og_locale":"en_GB","og_type":"article","og_title":"Voss2000 | BUTACA PARA ESTRUCTURA MET\u00c1LICA","og_description":"Butacas para estadio e instalaciones deportivas fabricadas con pol\u00edmeros de alta resistencia, resistentes a la intemperie (protecci\u00f3n uv+).","og_url":"https:\/\/voss2000.com\/en\/product\/butaca-para-estructura-metalica\/","og_site_name":"Voss2000","article_modified_time":"2025-11-11T15:52:20+00:00","og_image":[{"width":1080,"height":1080,"url":"https:\/\/voss2000.com\/wp-content\/uploads\/2024\/04\/Butacas_cano1.png","type":"image\/png"}],"twitter_card":"summary_large_image","twitter_misc":{"Estimated reading time":"1 minute"},"schema":{"@context":"https:\/\/schema.org","@graph":[{"@type":"WebPage","@id":"https:\/\/voss2000.com\/producto\/butaca-para-estructura-metalica\/","url":"https:\/\/voss2000.com\/producto\/butaca-para-estructura-metalica\/","name":"Voss2000 | BUTACA PARA ESTRUCTURA MET\u00c1LICA","isPartOf":{"@id":"https:\/\/voss2000.com\/#website"},"primaryImageOfPage":{"@id":"https:\/\/voss2000.com\/producto\/butaca-para-estructura-metalica\/#primaryimage"},"image":{"@id":"https:\/\/voss2000.com\/producto\/butaca-para-estructura-metalica\/#primaryimage"},"thumbnailUrl":"https:\/\/voss2000.com\/wp-content\/uploads\/2024\/04\/Butacas_cano1.png","datePublished":"2024-04-30T13:55:04+00:00","dateModified":"2025-11-11T15:52:20+00:00","description":"Butacas para estadio e instalaciones deportivas fabricadas con pol\u00edmeros de alta resistencia, resistentes a la intemperie (protecci\u00f3n uv+).","breadcrumb":{"@id":"https:\/\/voss2000.com\/producto\/butaca-para-estructura-metalica\/#breadcrumb"},"inLanguage":"en-GB","potentialAction":[{"@type":"ReadAction","target":["https:\/\/voss2000.com\/producto\/butaca-para-estructura-metalica\/"]}]},{"@type":"ImageObject","inLanguage":"en-GB","@id":"https:\/\/voss2000.com\/producto\/butaca-para-estructura-metalica\/#primaryimage","url":"https:\/\/voss2000.com\/wp-content\/uploads\/2024\/04\/Butacas_cano1.png","contentUrl":"https:\/\/voss2000.com\/wp-content\/uploads\/2024\/04\/Butacas_cano1.png","width":1080,"height":1080},{"@type":"BreadcrumbList","@id":"https:\/\/voss2000.com\/producto\/butaca-para-estructura-metalica\/#breadcrumb","itemListElement":[{"@type":"ListItem","position":1,"name":"Portada","item":"https:\/\/voss2000.com\/"},{"@type":"ListItem","position":2,"name":"Shop","item":"https:\/\/voss2000.com\/en\/shop\/"},{"@type":"ListItem","position":3,"name":"BUTACA PARA ESTRUCTURA MET\u00c1LICA"}]},{"@type":"WebSite","@id":"https:\/\/voss2000.com\/#website","url":"https:\/\/voss2000.com\/","name":"Voss2000","description":"","publisher":{"@id":"https:\/\/voss2000.com\/#organization"},"potentialAction":[{"@type":"SearchAction","target":{"@type":"EntryPoint","urlTemplate":"https:\/\/voss2000.com\/?s={search_term_string}"},"query-input":{"@type":"PropertyValueSpecification","valueRequired":true,"valueName":"search_term_string"}}],"inLanguage":"en-GB"},{"@type":"Organization","@id":"https:\/\/voss2000.com\/#organization","name":"Voss2000","url":"https:\/\/voss2000.com\/","logo":{"@type":"ImageObject","inLanguage":"en-GB","@id":"https:\/\/voss2000.com\/#\/schema\/logo\/image\/","url":"https:\/\/voss2000.com\/wp-content\/uploads\/2023\/08\/Logo.png","contentUrl":"https:\/\/voss2000.com\/wp-content\/uploads\/2023\/08\/Logo.png","width":425,"height":292,"caption":"Voss2000"},"image":{"@id":"https:\/\/voss2000.com\/#\/schema\/logo\/image\/"}}]}},"_links":{"self":[{"href":"https:\/\/voss2000.com\/en\/wp-json\/wp\/v2\/product\/1573","targetHints":{"allow":["GET"]}}],"collection":[{"href":"https:\/\/voss2000.com\/en\/wp-json\/wp\/v2\/product"}],"about":[{"href":"https:\/\/voss2000.com\/en\/wp-json\/wp\/v2\/types\/product"}],"replies":[{"embeddable":true,"href":"https:\/\/voss2000.com\/en\/wp-json\/wp\/v2\/comments?post=1573"}],"wp:featuredmedia":[{"embeddable":true,"href":"https:\/\/voss2000.com\/en\/wp-json\/wp\/v2\/media\/1574"}],"wp:attachment":[{"href":"https:\/\/voss2000.com\/en\/wp-json\/wp\/v2\/media?parent=1573"}],"wp:term":[{"taxonomy":"product_brand","embeddable":true,"href":"https:\/\/voss2000.com\/en\/wp-json\/wp\/v2\/product_brand?post=1573"},{"taxonomy":"product_cat","embeddable":true,"href":"https:\/\/voss2000.com\/en\/wp-json\/wp\/v2\/product_cat?post=1573"},{"taxonomy":"product_tag","embeddable":true,"href":"https:\/\/voss2000.com\/en\/wp-json\/wp\/v2\/product_tag?post=1573"}],"curies":[{"name":"wp","href":"https:\/\/api.w.org\/{rel}","templated":true}]}}